{"id":60694,"date":"2023-09-04T16:02:04","date_gmt":"2023-09-04T14:02:04","guid":{"rendered":"https:\/\/www.dartwin.it\/?post_type=product&#038;p=60694"},"modified":"2025-04-25T12:03:01","modified_gmt":"2025-04-25T10:03:01","slug":"supporto-online","status":"publish","type":"product","link":"https:\/\/wpt-nnoh.178-32-139-209.plesk.page\/it\/prodotto\/supporto-online\/","title":{"rendered":"Supporto online"},"content":{"rendered":"<p>Il supporto sar\u00e0 effettuato tramite connessione online su piattaforma Teams o similare.<br \/>\nSe hai la necessit\u00e0 di utilizzare una piattaforma specifica per favore segnalalo al momento dell&#8217;ordine nel campo note.<br \/>\nAll&#8217;ora concordata dovrai utilizzare il link di collegamento che ti sar\u00e0 inviato con altra mail prima dell&#8217;orario di inizio.<\/p>\n","protected":false},"excerpt":{"rendered":"<p>Supporto professionale via Web.<\/p>\n<p>Prezzo: \u20ac100 per 60 minuti connessione.<br \/>\nLa prenotazione pu\u00f2 essere usufruita anche con pi\u00f9 collegamenti in giorni diversi, entro 6 mesi, di min.20 minuti l&#8217;uno.<\/p>\n<hr \/>\n<p><span style=\"color: #ff0000;\"><strong>IMPORTANTE<\/strong><\/span><\/p>\n<p><span style=\"color: #ff0000;\"><strong>Il supporto online \u00e8 disponibile solo per l&#8217;ultima versione dei programmi. <\/strong><\/span><\/p>\n<p><span style=\"color: #ff0000;\"><strong>Se hai una vecchia versione aggiorna la tua licenza all&#8217;ultima versione disponibile PRIMA di prenotare il supporto.<\/strong><\/span><\/p>\n<hr \/>\n<p><strong>Come prenotare<\/strong><\/p>\n<p><span style=\"color: #000000;\"><strong>Per vedere il calendario devi prima aver fatto il login<\/strong><\/span><\/p>\n<p>poi attendi qualche secondo: verranno mostrate le disponibilit\u00e0 delle prossime due settimane.<\/p>\n<p>Clicca su una data e attendi qualche secondo per verificare quali orari sono disponibili per quel giorno.<\/p>\n<p>La data e orario richiesti potrebbero richiedere l&#8217;approvazione da parte di Dartwin. In tal caso per favore attendi la mail di approvazione e, una volta ricevuta, procedi con il pagamento.<\/p>\n","protected":false},"featured_media":5405,"comment_status":"closed","ping_status":"closed","template":"","meta":{"ocean_post_layout":"","ocean_both_sidebars_style":"","ocean_both_sidebars_content_width":0,"ocean_both_sidebars_sidebars_width":0,"ocean_sidebar":"0","ocean_second_sidebar":"0","ocean_disable_margins":"enable","ocean_add_body_class":"","ocean_shortcode_before_top_bar":"","ocean_shortcode_after_top_bar":"","ocean_shortcode_before_header":"","ocean_shortcode_after_header":"","ocean_has_shortcode":"","ocean_shortcode_after_title":"","ocean_shortcode_before_footer_widgets":"","ocean_shortcode_after_footer_widgets":"","ocean_shortcode_before_footer_bottom":"","ocean_shortcode_after_footer_bottom":"","ocean_display_top_bar":"default","ocean_display_header":"default","ocean_header_style":"","ocean_center_header_left_menu":"0","ocean_custom_header_template":"0","ocean_custom_logo":0,"ocean_custom_retina_logo":0,"ocean_custom_logo_max_width":0,"ocean_custom_logo_tablet_max_width":0,"ocean_custom_logo_mobile_max_width":0,"ocean_custom_logo_max_height":0,"ocean_custom_logo_tablet_max_height":0,"ocean_custom_logo_mobile_max_height":0,"ocean_header_custom_menu":"0","ocean_menu_typo_font_family":"0","ocean_menu_typo_font_subset":"","ocean_menu_typo_font_size":0,"ocean_menu_typo_font_size_tablet":0,"ocean_menu_typo_font_size_mobile":0,"ocean_menu_typo_font_size_unit":"px","ocean_menu_typo_font_weight":"","ocean_menu_typo_font_weight_tablet":"","ocean_menu_typo_font_weight_mobile":"","ocean_menu_typo_transform":"","ocean_menu_typo_transform_tablet":"","ocean_menu_typo_transform_mobile":"","ocean_menu_typo_line_height":0,"ocean_menu_typo_line_height_tablet":0,"ocean_menu_typo_line_height_mobile":0,"ocean_menu_typo_line_height_unit":"","ocean_menu_typo_spacing":0,"ocean_menu_typo_spacing_tablet":0,"ocean_menu_typo_spacing_mobile":0,"ocean_menu_typo_spacing_unit":"","ocean_menu_link_color":"","ocean_menu_link_color_hover":"","ocean_menu_link_color_active":"","ocean_menu_link_background":"","ocean_menu_link_hover_background":"","ocean_menu_link_active_background":"","ocean_menu_social_links_bg":"","ocean_menu_social_hover_links_bg":"","ocean_menu_social_links_color":"","ocean_menu_social_hover_links_color":"","ocean_disable_title":"default","ocean_disable_heading":"default","ocean_post_title":"","ocean_post_subheading":"","ocean_post_title_style":"","ocean_post_title_background_color":"","ocean_post_title_background":0,"ocean_post_title_bg_image_position":"","ocean_post_title_bg_image_attachment":"","ocean_post_title_bg_image_repeat":"","ocean_post_title_bg_image_size":"","ocean_post_title_height":0,"ocean_post_title_bg_overlay":0.5,"ocean_post_title_bg_overlay_color":"","ocean_disable_breadcrumbs":"default","ocean_breadcrumbs_color":"","ocean_breadcrumbs_separator_color":"","ocean_breadcrumbs_links_color":"","ocean_breadcrumbs_links_hover_color":"","ocean_display_footer_widgets":"default","ocean_display_footer_bottom":"default","ocean_custom_footer_template":"0"},"product_brand":[],"product_cat":[181],"product_tag":[697],"class_list":{"0":"post-60694","1":"product","2":"type-product","3":"status-publish","4":"has-post-thumbnail","6":"product_cat-support-it","7":"product_tag-training","9":"entry","10":"has-media","12":"first","13":"instock","14":"virtual","15":"sold-individually","16":"taxable","17":"purchasable","18":"product-type-booking","19":"col","20":"span_1_of_3","21":"owp-content-left","22":"item-entry","23":"owp-thumbs-layout-horizontal","24":"owp-btn-very-big","25":"owp-tabs-layout-vertical","26":"has-no-thumbnails"},"bundled_by":[],"bundle_stock_status":"instock","bundle_stock_quantity":null,"bundle_virtual":false,"bundle_layout":"","bundle_add_to_cart_form_location":"","bundle_editable_in_cart":false,"bundle_sold_individually_context":"","bundle_item_grouping":"","bundle_min_size":"","bundle_max_size":"","bundle_price":[],"bundled_items":[],"bundle_sell_ids":[],"booking_location":"","booking_location_type":"","booking_duration":60,"booking_duration_unit":"minute","booking_buffer":0,"booking_cost":0,"booking_resources":[],"exclude_global_add_ons":[],"addons":[],"yoast_head":"<!-- This site is optimized with the Yoast SEO plugin v26.9 - https:\/\/yoast.com\/product\/yoast-seo-wordpress\/ -->\n<title>Supporto online - Dartwin<\/title>\n<meta name=\"robots\" content=\"noindex, follow, max-snippet:-1, max-image-preview:large, max-video-preview:-1\" \/>\n<meta property=\"og:locale\" content=\"it_IT\" \/>\n<meta property=\"og:type\" content=\"article\" \/>\n<meta property=\"og:title\" content=\"Supporto online - Dartwin\" \/>\n<meta property=\"og:description\" content=\"Supporto professionale via Web.  Prezzo: \u20ac100 per 60 minuti connessione. La prenotazione pu\u00f2 essere usufruita anche con pi\u00f9 collegamenti in giorni diversi, entro 6 mesi, di min.20 minuti l&#039;uno.    IMPORTANTE  Il supporto online \u00e8 disponibile solo per l&#039;ultima versione dei programmi.   Se hai una vecchia versione aggiorna la tua licenza all&#039;ultima versione disponibile PRIMA di prenotare il supporto.    Come prenotare  Per vedere il calendario devi prima aver fatto il login  poi attendi qualche secondo: verranno mostrate le disponibilit\u00e0 delle prossime due settimane.  Clicca su una data e attendi qualche secondo per verificare quali orari sono disponibili per quel giorno.  La data e orario richiesti potrebbero richiedere l&#039;approvazione da parte di Dartwin. In tal caso per favore attendi la mail di approvazione e, una volta ricevuta, procedi con il pagamento.\" \/>\n<meta property=\"og:url\" content=\"https:\/\/wpt-nnoh.178-32-139-209.plesk.page\/it\/prodotto\/supporto-online\/\" \/>\n<meta property=\"og:site_name\" content=\"Dartwin\" \/>\n<meta property=\"article:modified_time\" content=\"2025-04-25T10:03:01+00:00\" \/>\n<meta property=\"og:image\" content=\"https:\/\/wpt-nnoh.178-32-139-209.plesk.page\/wp-content\/uploads\/onlinesupport1.jpg\" \/>\n\t<meta property=\"og:image:width\" content=\"295\" \/>\n\t<meta property=\"og:image:height\" content=\"165\" \/>\n\t<meta property=\"og:image:type\" content=\"image\/jpeg\" \/>\n<meta name=\"twitter:label1\" content=\"Tempo di lettura stimato\" \/>\n\t<meta name=\"twitter:data1\" content=\"1 minuto\" \/>\n<script type=\"application\/ld+json\" class=\"yoast-schema-graph\">{\"@context\":\"https:\/\/schema.org\",\"@graph\":[{\"@type\":\"WebPage\",\"@id\":\"https:\/\/wpt-nnoh.178-32-139-209.plesk.page\/it\/prodotto\/supporto-online\/\",\"url\":\"https:\/\/wpt-nnoh.178-32-139-209.plesk.page\/it\/prodotto\/supporto-online\/\",\"name\":\"Supporto online - Dartwin\",\"isPartOf\":{\"@id\":\"https:\/\/wpt-nnoh.178-32-139-209.plesk.page\/it\/#website\"},\"primaryImageOfPage\":{\"@id\":\"https:\/\/wpt-nnoh.178-32-139-209.plesk.page\/it\/prodotto\/supporto-online\/#primaryimage\"},\"image\":{\"@id\":\"https:\/\/wpt-nnoh.178-32-139-209.plesk.page\/it\/prodotto\/supporto-online\/#primaryimage\"},\"thumbnailUrl\":\"https:\/\/wpt-nnoh.178-32-139-209.plesk.page\/wp-content\/uploads\/onlinesupport1.jpg\",\"datePublished\":\"2023-09-04T14:02:04+00:00\",\"dateModified\":\"2025-04-25T10:03:01+00:00\",\"breadcrumb\":{\"@id\":\"https:\/\/wpt-nnoh.178-32-139-209.plesk.page\/it\/prodotto\/supporto-online\/#breadcrumb\"},\"inLanguage\":\"it-IT\",\"potentialAction\":[{\"@type\":\"ReadAction\",\"target\":[\"https:\/\/wpt-nnoh.178-32-139-209.plesk.page\/it\/prodotto\/supporto-online\/\"]}]},{\"@type\":\"ImageObject\",\"inLanguage\":\"it-IT\",\"@id\":\"https:\/\/wpt-nnoh.178-32-139-209.plesk.page\/it\/prodotto\/supporto-online\/#primaryimage\",\"url\":\"https:\/\/wpt-nnoh.178-32-139-209.plesk.page\/wp-content\/uploads\/onlinesupport1.jpg\",\"contentUrl\":\"https:\/\/wpt-nnoh.178-32-139-209.plesk.page\/wp-content\/uploads\/onlinesupport1.jpg\",\"width\":295,\"height\":165},{\"@type\":\"BreadcrumbList\",\"@id\":\"https:\/\/wpt-nnoh.178-32-139-209.plesk.page\/it\/prodotto\/supporto-online\/#breadcrumb\",\"itemListElement\":[{\"@type\":\"ListItem\",\"position\":1,\"name\":\"Home\",\"item\":\"https:\/\/wpt-nnoh.178-32-139-209.plesk.page\/it\/\"},{\"@type\":\"ListItem\",\"position\":2,\"name\":\"Catalogo\",\"item\":\"https:\/\/wpt-nnoh.178-32-139-209.plesk.page\/it\/catalogo\/\"},{\"@type\":\"ListItem\",\"position\":3,\"name\":\"Supporto online\"}]},{\"@type\":\"WebSite\",\"@id\":\"https:\/\/wpt-nnoh.178-32-139-209.plesk.page\/it\/#website\",\"url\":\"https:\/\/wpt-nnoh.178-32-139-209.plesk.page\/it\/\",\"name\":\"Dartwin\",\"description\":\"analisi termiche agli elementi finiti\",\"publisher\":{\"@id\":\"https:\/\/wpt-nnoh.178-32-139-209.plesk.page\/it\/#organization\"},\"potentialAction\":[{\"@type\":\"SearchAction\",\"target\":{\"@type\":\"EntryPoint\",\"urlTemplate\":\"https:\/\/wpt-nnoh.178-32-139-209.plesk.page\/it\/?s={search_term_string}\"},\"query-input\":{\"@type\":\"PropertyValueSpecification\",\"valueRequired\":true,\"valueName\":\"search_term_string\"}}],\"inLanguage\":\"it-IT\"},{\"@type\":\"Organization\",\"@id\":\"https:\/\/wpt-nnoh.178-32-139-209.plesk.page\/it\/#organization\",\"name\":\"Dartwin SRL\",\"url\":\"https:\/\/wpt-nnoh.178-32-139-209.plesk.page\/it\/\",\"logo\":{\"@type\":\"ImageObject\",\"inLanguage\":\"it-IT\",\"@id\":\"https:\/\/wpt-nnoh.178-32-139-209.plesk.page\/it\/#\/schema\/logo\/image\/\",\"url\":\"https:\/\/wpt-nnoh.178-32-139-209.plesk.page\/wp-content\/uploads\/cropped-Logo-Dartwin-fem_180x48.jpg\",\"contentUrl\":\"https:\/\/wpt-nnoh.178-32-139-209.plesk.page\/wp-content\/uploads\/cropped-Logo-Dartwin-fem_180x48.jpg\",\"width\":175,\"height\":48,\"caption\":\"Dartwin SRL\"},\"image\":{\"@id\":\"https:\/\/wpt-nnoh.178-32-139-209.plesk.page\/it\/#\/schema\/logo\/image\/\"}}]}<\/script>\n<!-- \/ Yoast SEO plugin. -->","yoast_head_json":{"title":"Supporto online - Dartwin","robots":{"index":"noindex","follow":"follow","max-snippet":"max-snippet:-1","max-image-preview":"max-image-preview:large","max-video-preview":"max-video-preview:-1"},"og_locale":"it_IT","og_type":"article","og_title":"Supporto online - Dartwin","og_description":"Supporto professionale via Web.  Prezzo: \u20ac100 per 60 minuti connessione. La prenotazione pu\u00f2 essere usufruita anche con pi\u00f9 collegamenti in giorni diversi, entro 6 mesi, di min.20 minuti l'uno.    IMPORTANTE  Il supporto online \u00e8 disponibile solo per l'ultima versione dei programmi.   Se hai una vecchia versione aggiorna la tua licenza all'ultima versione disponibile PRIMA di prenotare il supporto.    Come prenotare  Per vedere il calendario devi prima aver fatto il login  poi attendi qualche secondo: verranno mostrate le disponibilit\u00e0 delle prossime due settimane.  Clicca su una data e attendi qualche secondo per verificare quali orari sono disponibili per quel giorno.  La data e orario richiesti potrebbero richiedere l'approvazione da parte di Dartwin. In tal caso per favore attendi la mail di approvazione e, una volta ricevuta, procedi con il pagamento.","og_url":"https:\/\/wpt-nnoh.178-32-139-209.plesk.page\/it\/prodotto\/supporto-online\/","og_site_name":"Dartwin","article_modified_time":"2025-04-25T10:03:01+00:00","og_image":[{"width":295,"height":165,"url":"https:\/\/wpt-nnoh.178-32-139-209.plesk.page\/wp-content\/uploads\/onlinesupport1.jpg","type":"image\/jpeg"}],"twitter_misc":{"Tempo di lettura stimato":"1 minuto"},"schema":{"@context":"https:\/\/schema.org","@graph":[{"@type":"WebPage","@id":"https:\/\/wpt-nnoh.178-32-139-209.plesk.page\/it\/prodotto\/supporto-online\/","url":"https:\/\/wpt-nnoh.178-32-139-209.plesk.page\/it\/prodotto\/supporto-online\/","name":"Supporto online - Dartwin","isPartOf":{"@id":"https:\/\/wpt-nnoh.178-32-139-209.plesk.page\/it\/#website"},"primaryImageOfPage":{"@id":"https:\/\/wpt-nnoh.178-32-139-209.plesk.page\/it\/prodotto\/supporto-online\/#primaryimage"},"image":{"@id":"https:\/\/wpt-nnoh.178-32-139-209.plesk.page\/it\/prodotto\/supporto-online\/#primaryimage"},"thumbnailUrl":"https:\/\/wpt-nnoh.178-32-139-209.plesk.page\/wp-content\/uploads\/onlinesupport1.jpg","datePublished":"2023-09-04T14:02:04+00:00","dateModified":"2025-04-25T10:03:01+00:00","breadcrumb":{"@id":"https:\/\/wpt-nnoh.178-32-139-209.plesk.page\/it\/prodotto\/supporto-online\/#breadcrumb"},"inLanguage":"it-IT","potentialAction":[{"@type":"ReadAction","target":["https:\/\/wpt-nnoh.178-32-139-209.plesk.page\/it\/prodotto\/supporto-online\/"]}]},{"@type":"ImageObject","inLanguage":"it-IT","@id":"https:\/\/wpt-nnoh.178-32-139-209.plesk.page\/it\/prodotto\/supporto-online\/#primaryimage","url":"https:\/\/wpt-nnoh.178-32-139-209.plesk.page\/wp-content\/uploads\/onlinesupport1.jpg","contentUrl":"https:\/\/wpt-nnoh.178-32-139-209.plesk.page\/wp-content\/uploads\/onlinesupport1.jpg","width":295,"height":165},{"@type":"BreadcrumbList","@id":"https:\/\/wpt-nnoh.178-32-139-209.plesk.page\/it\/prodotto\/supporto-online\/#breadcrumb","itemListElement":[{"@type":"ListItem","position":1,"name":"Home","item":"https:\/\/wpt-nnoh.178-32-139-209.plesk.page\/it\/"},{"@type":"ListItem","position":2,"name":"Catalogo","item":"https:\/\/wpt-nnoh.178-32-139-209.plesk.page\/it\/catalogo\/"},{"@type":"ListItem","position":3,"name":"Supporto online"}]},{"@type":"WebSite","@id":"https:\/\/wpt-nnoh.178-32-139-209.plesk.page\/it\/#website","url":"https:\/\/wpt-nnoh.178-32-139-209.plesk.page\/it\/","name":"Dartwin","description":"analisi termiche agli elementi finiti","publisher":{"@id":"https:\/\/wpt-nnoh.178-32-139-209.plesk.page\/it\/#organization"},"potentialAction":[{"@type":"SearchAction","target":{"@type":"EntryPoint","urlTemplate":"https:\/\/wpt-nnoh.178-32-139-209.plesk.page\/it\/?s={search_term_string}"},"query-input":{"@type":"PropertyValueSpecification","valueRequired":true,"valueName":"search_term_string"}}],"inLanguage":"it-IT"},{"@type":"Organization","@id":"https:\/\/wpt-nnoh.178-32-139-209.plesk.page\/it\/#organization","name":"Dartwin SRL","url":"https:\/\/wpt-nnoh.178-32-139-209.plesk.page\/it\/","logo":{"@type":"ImageObject","inLanguage":"it-IT","@id":"https:\/\/wpt-nnoh.178-32-139-209.plesk.page\/it\/#\/schema\/logo\/image\/","url":"https:\/\/wpt-nnoh.178-32-139-209.plesk.page\/wp-content\/uploads\/cropped-Logo-Dartwin-fem_180x48.jpg","contentUrl":"https:\/\/wpt-nnoh.178-32-139-209.plesk.page\/wp-content\/uploads\/cropped-Logo-Dartwin-fem_180x48.jpg","width":175,"height":48,"caption":"Dartwin SRL"},"image":{"@id":"https:\/\/wpt-nnoh.178-32-139-209.plesk.page\/it\/#\/schema\/logo\/image\/"}}]}},"_links":{"self":[{"href":"https:\/\/wpt-nnoh.178-32-139-209.plesk.page\/it\/wp-json\/wp\/v2\/product\/60694","targetHints":{"allow":["GET"]}}],"collection":[{"href":"https:\/\/wpt-nnoh.178-32-139-209.plesk.page\/it\/wp-json\/wp\/v2\/product"}],"about":[{"href":"https:\/\/wpt-nnoh.178-32-139-209.plesk.page\/it\/wp-json\/wp\/v2\/types\/product"}],"replies":[{"embeddable":true,"href":"https:\/\/wpt-nnoh.178-32-139-209.plesk.page\/it\/wp-json\/wp\/v2\/comments?post=60694"}],"wp:featuredmedia":[{"embeddable":true,"href":"https:\/\/wpt-nnoh.178-32-139-209.plesk.page\/it\/wp-json\/wp\/v2\/media\/5405"}],"wp:attachment":[{"href":"https:\/\/wpt-nnoh.178-32-139-209.plesk.page\/it\/wp-json\/wp\/v2\/media?parent=60694"}],"wp:term":[{"taxonomy":"product_brand","embeddable":true,"href":"https:\/\/wpt-nnoh.178-32-139-209.plesk.page\/it\/wp-json\/wp\/v2\/product_brand?post=60694"},{"taxonomy":"product_cat","embeddable":true,"href":"https:\/\/wpt-nnoh.178-32-139-209.plesk.page\/it\/wp-json\/wp\/v2\/product_cat?post=60694"},{"taxonomy":"product_tag","embeddable":true,"href":"https:\/\/wpt-nnoh.178-32-139-209.plesk.page\/it\/wp-json\/wp\/v2\/product_tag?post=60694"}],"curies":[{"name":"wp","href":"https:\/\/api.w.org\/{rel}","templated":true}]}}