{"id":3885,"date":"2012-11-12T12:30:36","date_gmt":"2012-12-03T17:28:15","guid":{"rendered":"http:\/\/www.dartwin.it\/?post_type=product&#038;p=3885"},"modified":"2024-08-20T11:21:08","modified_gmt":"2024-08-20T09:21:08","slug":"chiave-di-attivazione-usb","status":"publish","type":"product","link":"https:\/\/wpt-nnoh.178-32-139-209.plesk.page\/it\/prodotto\/chiave-di-attivazione-usb\/","title":{"rendered":"Chiave di attivazione USB"},"content":{"rendered":"<p>&nbsp;<\/p>\n<h3><span style=\"color: #333333;\">Chiave Hardware USB<\/span><\/h3>\n<p>Porta con te l&#8217;attivazione dei programmi Dartwin. Con la Chiave Hardware USB puoi usare i nostri programmi su computer diversi.<\/p>\n<h4 style=\"text-align: left;\"><span style=\"color: #e3341c;\">Cos&#8217;\u00e8<\/span><\/h4>\n<p>E&#8217; simile alle chiavette\/pennette USB usate per salvare i dati e contiene i codici di attivazione delle licenze acquistate da Dartwin.<\/p>\n<h4><span style=\"color: #e3341c;\">Come si usa<\/span><\/h4>\n<p>L&#8217;uso della chiave hardware \u00e8 molto semplice:<\/p>\n<ol>\n<li>Installa il software acquistato (Frame Simulator, Mold Simulator, Brick Simulator &#8230;) su un qualsiasi computer.<\/li>\n<li>Inserisci la chiave hardware in una porta USB del computer.<\/li>\n<li>Al primo avvio, il programma ti chieder\u00e0 di inserire un codice PIN, fornito con la chiave hardware.<\/li>\n<li>Successivamente, ogni volta che vorrai usare il programma, sar\u00e0 sufficiente inserire la chiave hardware nel computer.<\/li>\n<\/ol>\n<h4><span style=\"color: #e3341c;\">Vantaggi<\/span><\/h4>\n<p>Con la chiave hardware puoi usare i nostri programmi di simulazione su pi\u00f9 macchine. Dopo aver digitato la prima volta il codice PIN associato alla chiave, non \u00e8 pi\u00f9 necessaria alcuna procedura di attivazione o di trasferimento della licenza. Basta inserire la chiavetta USB e si \u00e8 pronti a lavorare su quel computer.<br \/>\nLa Chiave Hardware USB \u00e8&#8217; molto utile per chi vuole usare i programmi di simulazione Dartwin sia su computer fisso che sul portatile.<br \/>\nL&#8217;attivazione \u00e8 sulla chiavetta hardware e quindi \u00e8 indipendente dal computer: se l&#8217;hard disc ha problemi o se si pianta il computer si pu\u00f2 lavorare su un&#8217;altra macchina e non si rischia di perdere l&#8217;attivazione.<\/p>\n<h4><span style=\"color: #e3341c;\">Quantit\u00e0 chiavi e licenze<\/span><\/h4>\n<p>Su un&#8217;unica chiave si possono inserire le licenze di pi\u00f9 programmi diversi (una licenza per tipo).<br \/>\n<strong>Una licenza pu\u00f2 essere attivata solo su una chiave USB. Quindi due chiavi richiedono l&#8217;acquisto di due licenze dello stesso programma.<\/strong><br \/>\nPuoi acquistare la chiave USB in ogni momento: trasferiremo le tue attivazioni software sulla chiave USB prima di inviartela.<\/p>\n<p><span style=\"color: #0000ff;\"><a style=\"color: #0000ff;\" href=\"https:\/\/wpt-nnoh.178-32-139-209.plesk.page\/it\/supporto\/attivazione\/\">Per saperne di pi\u00f9<\/a><\/span><\/p>\n<p>&nbsp;<\/p>\n","protected":false},"excerpt":{"rendered":"<p><em>chiave USB per l&#8217;attivazione dei software Dartwin.<br \/>\nPer usare un programma su pi\u00f9 computer (non simultaneamente).<br \/>\nIMPORTANTE:\u00a0 se intendi acquistare pi\u00f9 di una chiavetta USB, ti servono pi\u00f9 licenze software. Non puoi usare pi\u00f9 chiavette USB con una sola licenza software.<a href=\"https:\/\/wpt-nnoh.178-32-139-209.plesk.page\/it\/supporto\/attivazione\/\"> &#8211;\u00a0 vedi le modalit\u00e0 di attivazione<\/a>.<\/em><\/p>\n","protected":false},"featured_media":5511,"comment_status":"closed","ping_status":"closed","template":"","meta":{"ocean_post_layout":"","ocean_both_sidebars_style":"","ocean_both_sidebars_content_width":0,"ocean_both_sidebars_sidebars_width":0,"ocean_sidebar":"0","ocean_second_sidebar":"0","ocean_disable_margins":"enable","ocean_add_body_class":"","ocean_shortcode_before_top_bar":"","ocean_shortcode_after_top_bar":"","ocean_shortcode_before_header":"","ocean_shortcode_after_header":"","ocean_has_shortcode":"","ocean_shortcode_after_title":"","ocean_shortcode_before_footer_widgets":"","ocean_shortcode_after_footer_widgets":"","ocean_shortcode_before_footer_bottom":"","ocean_shortcode_after_footer_bottom":"","ocean_display_top_bar":"default","ocean_display_header":"default","ocean_header_style":"","ocean_center_header_left_menu":"0","ocean_custom_header_template":"0","ocean_custom_logo":0,"ocean_custom_retina_logo":0,"ocean_custom_logo_max_width":0,"ocean_custom_logo_tablet_max_width":0,"ocean_custom_logo_mobile_max_width":0,"ocean_custom_logo_max_height":0,"ocean_custom_logo_tablet_max_height":0,"ocean_custom_logo_mobile_max_height":0,"ocean_header_custom_menu":"0","ocean_menu_typo_font_family":"0","ocean_menu_typo_font_subset":"","ocean_menu_typo_font_size":0,"ocean_menu_typo_font_size_tablet":0,"ocean_menu_typo_font_size_mobile":0,"ocean_menu_typo_font_size_unit":"px","ocean_menu_typo_font_weight":"","ocean_menu_typo_font_weight_tablet":"","ocean_menu_typo_font_weight_mobile":"","ocean_menu_typo_transform":"","ocean_menu_typo_transform_tablet":"","ocean_menu_typo_transform_mobile":"","ocean_menu_typo_line_height":0,"ocean_menu_typo_line_height_tablet":0,"ocean_menu_typo_line_height_mobile":0,"ocean_menu_typo_line_height_unit":"","ocean_menu_typo_spacing":0,"ocean_menu_typo_spacing_tablet":0,"ocean_menu_typo_spacing_mobile":0,"ocean_menu_typo_spacing_unit":"","ocean_menu_link_color":"","ocean_menu_link_color_hover":"","ocean_menu_link_color_active":"","ocean_menu_link_background":"","ocean_menu_link_hover_background":"","ocean_menu_link_active_background":"","ocean_menu_social_links_bg":"","ocean_menu_social_hover_links_bg":"","ocean_menu_social_links_color":"","ocean_menu_social_hover_links_color":"","ocean_disable_title":"default","ocean_disable_heading":"default","ocean_post_title":"","ocean_post_subheading":"","ocean_post_title_style":"","ocean_post_title_background_color":"","ocean_post_title_background":0,"ocean_post_title_bg_image_position":"","ocean_post_title_bg_image_attachment":"","ocean_post_title_bg_image_repeat":"","ocean_post_title_bg_image_size":"","ocean_post_title_height":0,"ocean_post_title_bg_overlay":0.5,"ocean_post_title_bg_overlay_color":"","ocean_disable_breadcrumbs":"default","ocean_breadcrumbs_color":"","ocean_breadcrumbs_separator_color":"","ocean_breadcrumbs_links_color":"","ocean_breadcrumbs_links_hover_color":"","ocean_display_footer_widgets":"default","ocean_display_footer_bottom":"default","ocean_custom_footer_template":"0"},"product_brand":[],"product_cat":[63],"product_tag":[],"class_list":{"0":"post-3885","1":"product","2":"type-product","3":"status-publish","4":"has-post-thumbnail","6":"product_cat-attivazione","8":"entry","9":"has-media","11":"first","12":"instock","13":"sold-individually","14":"taxable","15":"shipping-taxable","16":"purchasable","17":"product-type-simple","18":"col","19":"span_1_of_3","20":"owp-content-left","21":"item-entry","22":"owp-thumbs-layout-horizontal","23":"owp-btn-very-big","24":"owp-tabs-layout-vertical","25":"has-no-thumbnails"},"bundled_by":["56757"],"bundle_stock_status":"instock","bundle_stock_quantity":null,"bundle_virtual":false,"bundle_layout":"","bundle_add_to_cart_form_location":"","bundle_editable_in_cart":false,"bundle_sold_individually_context":"","bundle_item_grouping":"","bundle_min_size":"","bundle_max_size":"","bundle_price":[],"bundled_items":[],"bundle_sell_ids":[],"booking_location":null,"booking_location_type":null,"booking_duration":null,"booking_duration_unit":null,"booking_buffer":null,"booking_cost":null,"booking_resources":null,"exclude_global_add_ons":[],"addons":[],"yoast_head":"<!-- This site is optimized with the Yoast SEO plugin v26.9 - https:\/\/yoast.com\/product\/yoast-seo-wordpress\/ -->\n<title>Chiave di attivazione USB - Dartwin<\/title>\n<meta name=\"robots\" content=\"noindex, follow, max-snippet:-1, max-image-preview:large, max-video-preview:-1\" \/>\n<meta property=\"og:locale\" content=\"it_IT\" \/>\n<meta property=\"og:type\" content=\"article\" \/>\n<meta property=\"og:title\" content=\"Chiave di attivazione USB - Dartwin\" \/>\n<meta property=\"og:description\" content=\"chiave USB per l&#039;attivazione dei software Dartwin. Per usare un programma su pi\u00f9 computer (non simultaneamente). IMPORTANTE:\u00a0 se intendi acquistare pi\u00f9 di una chiavetta USB, ti servono pi\u00f9 licenze software. Non puoi usare pi\u00f9 chiavette USB con una sola licenza software. -\u00a0 vedi le modalit\u00e0 di attivazione.\" \/>\n<meta property=\"og:url\" content=\"https:\/\/wpt-nnoh.178-32-139-209.plesk.page\/it\/prodotto\/chiave-di-attivazione-usb\/\" \/>\n<meta property=\"og:site_name\" content=\"Dartwin\" \/>\n<meta property=\"article:modified_time\" content=\"2024-08-20T09:21:08+00:00\" \/>\n<meta property=\"og:image\" content=\"https:\/\/wpt-nnoh.178-32-139-209.plesk.page\/wp-content\/uploads\/dartwin_HK_S1.png\" \/>\n\t<meta property=\"og:image:width\" content=\"295\" \/>\n\t<meta property=\"og:image:height\" content=\"164\" \/>\n\t<meta property=\"og:image:type\" content=\"image\/png\" \/>\n<meta name=\"twitter:label1\" content=\"Tempo di lettura stimato\" \/>\n\t<meta name=\"twitter:data1\" content=\"1 minuto\" \/>\n<script type=\"application\/ld+json\" class=\"yoast-schema-graph\">{\"@context\":\"https:\/\/schema.org\",\"@graph\":[{\"@type\":\"WebPage\",\"@id\":\"https:\/\/wpt-nnoh.178-32-139-209.plesk.page\/it\/prodotto\/chiave-di-attivazione-usb\/\",\"url\":\"https:\/\/wpt-nnoh.178-32-139-209.plesk.page\/it\/prodotto\/chiave-di-attivazione-usb\/\",\"name\":\"Chiave di attivazione USB - Dartwin\",\"isPartOf\":{\"@id\":\"https:\/\/wpt-nnoh.178-32-139-209.plesk.page\/it\/#website\"},\"primaryImageOfPage\":{\"@id\":\"https:\/\/wpt-nnoh.178-32-139-209.plesk.page\/it\/prodotto\/chiave-di-attivazione-usb\/#primaryimage\"},\"image\":{\"@id\":\"https:\/\/wpt-nnoh.178-32-139-209.plesk.page\/it\/prodotto\/chiave-di-attivazione-usb\/#primaryimage\"},\"thumbnailUrl\":\"https:\/\/wpt-nnoh.178-32-139-209.plesk.page\/wp-content\/uploads\/dartwin_HK_S1.png\",\"datePublished\":\"2012-12-03T17:28:15+00:00\",\"dateModified\":\"2024-08-20T09:21:08+00:00\",\"breadcrumb\":{\"@id\":\"https:\/\/wpt-nnoh.178-32-139-209.plesk.page\/it\/prodotto\/chiave-di-attivazione-usb\/#breadcrumb\"},\"inLanguage\":\"it-IT\",\"potentialAction\":[{\"@type\":\"ReadAction\",\"target\":[\"https:\/\/wpt-nnoh.178-32-139-209.plesk.page\/it\/prodotto\/chiave-di-attivazione-usb\/\"]}]},{\"@type\":\"ImageObject\",\"inLanguage\":\"it-IT\",\"@id\":\"https:\/\/wpt-nnoh.178-32-139-209.plesk.page\/it\/prodotto\/chiave-di-attivazione-usb\/#primaryimage\",\"url\":\"https:\/\/wpt-nnoh.178-32-139-209.plesk.page\/wp-content\/uploads\/dartwin_HK_S1.png\",\"contentUrl\":\"https:\/\/wpt-nnoh.178-32-139-209.plesk.page\/wp-content\/uploads\/dartwin_HK_S1.png\",\"width\":295,\"height\":164},{\"@type\":\"BreadcrumbList\",\"@id\":\"https:\/\/wpt-nnoh.178-32-139-209.plesk.page\/it\/prodotto\/chiave-di-attivazione-usb\/#breadcrumb\",\"itemListElement\":[{\"@type\":\"ListItem\",\"position\":1,\"name\":\"Home\",\"item\":\"https:\/\/wpt-nnoh.178-32-139-209.plesk.page\/it\/\"},{\"@type\":\"ListItem\",\"position\":2,\"name\":\"Catalogo\",\"item\":\"https:\/\/wpt-nnoh.178-32-139-209.plesk.page\/it\/catalogo\/\"},{\"@type\":\"ListItem\",\"position\":3,\"name\":\"Chiave di attivazione USB\"}]},{\"@type\":\"WebSite\",\"@id\":\"https:\/\/wpt-nnoh.178-32-139-209.plesk.page\/it\/#website\",\"url\":\"https:\/\/wpt-nnoh.178-32-139-209.plesk.page\/it\/\",\"name\":\"Dartwin\",\"description\":\"analisi termiche agli elementi finiti\",\"publisher\":{\"@id\":\"https:\/\/wpt-nnoh.178-32-139-209.plesk.page\/it\/#organization\"},\"potentialAction\":[{\"@type\":\"SearchAction\",\"target\":{\"@type\":\"EntryPoint\",\"urlTemplate\":\"https:\/\/wpt-nnoh.178-32-139-209.plesk.page\/it\/?s={search_term_string}\"},\"query-input\":{\"@type\":\"PropertyValueSpecification\",\"valueRequired\":true,\"valueName\":\"search_term_string\"}}],\"inLanguage\":\"it-IT\"},{\"@type\":\"Organization\",\"@id\":\"https:\/\/wpt-nnoh.178-32-139-209.plesk.page\/it\/#organization\",\"name\":\"Dartwin SRL\",\"url\":\"https:\/\/wpt-nnoh.178-32-139-209.plesk.page\/it\/\",\"logo\":{\"@type\":\"ImageObject\",\"inLanguage\":\"it-IT\",\"@id\":\"https:\/\/wpt-nnoh.178-32-139-209.plesk.page\/it\/#\/schema\/logo\/image\/\",\"url\":\"https:\/\/wpt-nnoh.178-32-139-209.plesk.page\/wp-content\/uploads\/cropped-Logo-Dartwin-fem_180x48.jpg\",\"contentUrl\":\"https:\/\/wpt-nnoh.178-32-139-209.plesk.page\/wp-content\/uploads\/cropped-Logo-Dartwin-fem_180x48.jpg\",\"width\":175,\"height\":48,\"caption\":\"Dartwin SRL\"},\"image\":{\"@id\":\"https:\/\/wpt-nnoh.178-32-139-209.plesk.page\/it\/#\/schema\/logo\/image\/\"}}]}<\/script>\n<!-- \/ Yoast SEO plugin. -->","yoast_head_json":{"title":"Chiave di attivazione USB - Dartwin","robots":{"index":"noindex","follow":"follow","max-snippet":"max-snippet:-1","max-image-preview":"max-image-preview:large","max-video-preview":"max-video-preview:-1"},"og_locale":"it_IT","og_type":"article","og_title":"Chiave di attivazione USB - Dartwin","og_description":"chiave USB per l'attivazione dei software Dartwin. Per usare un programma su pi\u00f9 computer (non simultaneamente). IMPORTANTE:\u00a0 se intendi acquistare pi\u00f9 di una chiavetta USB, ti servono pi\u00f9 licenze software. Non puoi usare pi\u00f9 chiavette USB con una sola licenza software. -\u00a0 vedi le modalit\u00e0 di attivazione.","og_url":"https:\/\/wpt-nnoh.178-32-139-209.plesk.page\/it\/prodotto\/chiave-di-attivazione-usb\/","og_site_name":"Dartwin","article_modified_time":"2024-08-20T09:21:08+00:00","og_image":[{"width":295,"height":164,"url":"https:\/\/wpt-nnoh.178-32-139-209.plesk.page\/wp-content\/uploads\/dartwin_HK_S1.png","type":"image\/png"}],"twitter_misc":{"Tempo di lettura stimato":"1 minuto"},"schema":{"@context":"https:\/\/schema.org","@graph":[{"@type":"WebPage","@id":"https:\/\/wpt-nnoh.178-32-139-209.plesk.page\/it\/prodotto\/chiave-di-attivazione-usb\/","url":"https:\/\/wpt-nnoh.178-32-139-209.plesk.page\/it\/prodotto\/chiave-di-attivazione-usb\/","name":"Chiave di attivazione USB - Dartwin","isPartOf":{"@id":"https:\/\/wpt-nnoh.178-32-139-209.plesk.page\/it\/#website"},"primaryImageOfPage":{"@id":"https:\/\/wpt-nnoh.178-32-139-209.plesk.page\/it\/prodotto\/chiave-di-attivazione-usb\/#primaryimage"},"image":{"@id":"https:\/\/wpt-nnoh.178-32-139-209.plesk.page\/it\/prodotto\/chiave-di-attivazione-usb\/#primaryimage"},"thumbnailUrl":"https:\/\/wpt-nnoh.178-32-139-209.plesk.page\/wp-content\/uploads\/dartwin_HK_S1.png","datePublished":"2012-12-03T17:28:15+00:00","dateModified":"2024-08-20T09:21:08+00:00","breadcrumb":{"@id":"https:\/\/wpt-nnoh.178-32-139-209.plesk.page\/it\/prodotto\/chiave-di-attivazione-usb\/#breadcrumb"},"inLanguage":"it-IT","potentialAction":[{"@type":"ReadAction","target":["https:\/\/wpt-nnoh.178-32-139-209.plesk.page\/it\/prodotto\/chiave-di-attivazione-usb\/"]}]},{"@type":"ImageObject","inLanguage":"it-IT","@id":"https:\/\/wpt-nnoh.178-32-139-209.plesk.page\/it\/prodotto\/chiave-di-attivazione-usb\/#primaryimage","url":"https:\/\/wpt-nnoh.178-32-139-209.plesk.page\/wp-content\/uploads\/dartwin_HK_S1.png","contentUrl":"https:\/\/wpt-nnoh.178-32-139-209.plesk.page\/wp-content\/uploads\/dartwin_HK_S1.png","width":295,"height":164},{"@type":"BreadcrumbList","@id":"https:\/\/wpt-nnoh.178-32-139-209.plesk.page\/it\/prodotto\/chiave-di-attivazione-usb\/#breadcrumb","itemListElement":[{"@type":"ListItem","position":1,"name":"Home","item":"https:\/\/wpt-nnoh.178-32-139-209.plesk.page\/it\/"},{"@type":"ListItem","position":2,"name":"Catalogo","item":"https:\/\/wpt-nnoh.178-32-139-209.plesk.page\/it\/catalogo\/"},{"@type":"ListItem","position":3,"name":"Chiave di attivazione USB"}]},{"@type":"WebSite","@id":"https:\/\/wpt-nnoh.178-32-139-209.plesk.page\/it\/#website","url":"https:\/\/wpt-nnoh.178-32-139-209.plesk.page\/it\/","name":"Dartwin","description":"analisi termiche agli elementi finiti","publisher":{"@id":"https:\/\/wpt-nnoh.178-32-139-209.plesk.page\/it\/#organization"},"potentialAction":[{"@type":"SearchAction","target":{"@type":"EntryPoint","urlTemplate":"https:\/\/wpt-nnoh.178-32-139-209.plesk.page\/it\/?s={search_term_string}"},"query-input":{"@type":"PropertyValueSpecification","valueRequired":true,"valueName":"search_term_string"}}],"inLanguage":"it-IT"},{"@type":"Organization","@id":"https:\/\/wpt-nnoh.178-32-139-209.plesk.page\/it\/#organization","name":"Dartwin SRL","url":"https:\/\/wpt-nnoh.178-32-139-209.plesk.page\/it\/","logo":{"@type":"ImageObject","inLanguage":"it-IT","@id":"https:\/\/wpt-nnoh.178-32-139-209.plesk.page\/it\/#\/schema\/logo\/image\/","url":"https:\/\/wpt-nnoh.178-32-139-209.plesk.page\/wp-content\/uploads\/cropped-Logo-Dartwin-fem_180x48.jpg","contentUrl":"https:\/\/wpt-nnoh.178-32-139-209.plesk.page\/wp-content\/uploads\/cropped-Logo-Dartwin-fem_180x48.jpg","width":175,"height":48,"caption":"Dartwin SRL"},"image":{"@id":"https:\/\/wpt-nnoh.178-32-139-209.plesk.page\/it\/#\/schema\/logo\/image\/"}}]}},"_links":{"self":[{"href":"https:\/\/wpt-nnoh.178-32-139-209.plesk.page\/it\/wp-json\/wp\/v2\/product\/3885","targetHints":{"allow":["GET"]}}],"collection":[{"href":"https:\/\/wpt-nnoh.178-32-139-209.plesk.page\/it\/wp-json\/wp\/v2\/product"}],"about":[{"href":"https:\/\/wpt-nnoh.178-32-139-209.plesk.page\/it\/wp-json\/wp\/v2\/types\/product"}],"replies":[{"embeddable":true,"href":"https:\/\/wpt-nnoh.178-32-139-209.plesk.page\/it\/wp-json\/wp\/v2\/comments?post=3885"}],"wp:featuredmedia":[{"embeddable":true,"href":"https:\/\/wpt-nnoh.178-32-139-209.plesk.page\/it\/wp-json\/wp\/v2\/media\/5511"}],"wp:attachment":[{"href":"https:\/\/wpt-nnoh.178-32-139-209.plesk.page\/it\/wp-json\/wp\/v2\/media?parent=3885"}],"wp:term":[{"taxonomy":"product_brand","embeddable":true,"href":"https:\/\/wpt-nnoh.178-32-139-209.plesk.page\/it\/wp-json\/wp\/v2\/product_brand?post=3885"},{"taxonomy":"product_cat","embeddable":true,"href":"https:\/\/wpt-nnoh.178-32-139-209.plesk.page\/it\/wp-json\/wp\/v2\/product_cat?post=3885"},{"taxonomy":"product_tag","embeddable":true,"href":"https:\/\/wpt-nnoh.178-32-139-209.plesk.page\/it\/wp-json\/wp\/v2\/product_tag?post=3885"}],"curies":[{"name":"wp","href":"https:\/\/api.w.org\/{rel}","templated":true}]}}