{"id":7075,"date":"2014-02-22T18:29:04","date_gmt":"2014-02-22T17:29:04","guid":{"rendered":"http:\/\/www.dartwin.it\/?page_id=7075"},"modified":"2019-11-22T17:41:54","modified_gmt":"2019-11-22T16:41:54","slug":"novita-frame-simulator-3","status":"publish","type":"page","link":"https:\/\/wpt-nnoh.178-32-139-209.plesk.page\/it\/novita-frame-simulator-3\/","title":{"rendered":"Novit\u00e0 in Frame Simulator"},"content":{"rendered":"<p><!--pixgridder:row[cols=1]--><!--pixgridder:column[col=1]--><\/p>\n<p style=\"text-align: center;\"><img loading=\"lazy\" decoding=\"async\" class=\"aligncenter size-full wp-image-7079\" title=\"\" src=\"\/wp-content\/uploads\/FrameSimulator3.png\" alt=\"Frame Simulator 3\" width=\"819\" height=\"201\" \/><\/p>\n<h2 style=\"text-align: center;\">ora il calcolo dei serramenti \u00e8 ancora pi\u00f9 divertente<\/h2>\n<p><!--\/pixgridder:column[col=1]--><!--\/pixgridder:row[cols=1]--><!--pixgridder:row[cols=1]--><!--pixgridder:column[col=1]--><\/p>\n<hr \/>\n<h3 style=\"text-align: center;\">Queste le principali novit\u00e0 contenute nella nuova versione 3:<\/h3>\n<p><!--\/pixgridder:column[col=1]--><!--\/pixgridder:row[cols=1]--><!--pixgridder:row[cols=3]--><!--pixgridder:column[col=1]--><\/p>\n<p style=\"text-align: center;\"><strong>RAGGRUPPA NODI<\/strong><\/p>\n<p><img loading=\"lazy\" decoding=\"async\" class=\"aligncenter size-full wp-image-7086\" title=\"\" src=\"\/wp-content\/uploads\/nodi_3001.png\" alt=\"nodi_300\" width=\"300\" height=\"300\" srcset=\"https:\/\/wpt-nnoh.178-32-139-209.plesk.page\/wp-content\/uploads\/nodi_3001.png 300w, https:\/\/wpt-nnoh.178-32-139-209.plesk.page\/wp-content\/uploads\/nodi_3001-100x100.png 100w, https:\/\/wpt-nnoh.178-32-139-209.plesk.page\/wp-content\/uploads\/nodi_3001-150x150.png 150w\" sizes=\"auto, (max-width: 300px) 100vw, 300px\" \/>Consente di raccogliere i vertici in gruppi. Cos\u00ec, ad esempio, puoi caricare tutte le sezioni di un serramento in un unico file. Poi, con un solo click, attivare un nodo alla volta per calcolarlo.<\/p>\n<p><!--\/pixgridder:column[col=1]--><!--pixgridder:column[col=1]--><\/p>\n<p style=\"text-align: center;\"><strong>MISCELE DI GAS<\/strong><\/p>\n<p><a href=\"\/wp-content\/uploads\/miscele_gas.png\"><img loading=\"lazy\" decoding=\"async\" class=\" wp-image-7088 alignnone\" src=\"\/wp-content\/uploads\/miscele_gas.png\" alt=\"miscele_gas\" width=\"300\" height=\"300\" srcset=\"https:\/\/wpt-nnoh.178-32-139-209.plesk.page\/wp-content\/uploads\/miscele_gas.png 838w, https:\/\/wpt-nnoh.178-32-139-209.plesk.page\/wp-content\/uploads\/miscele_gas-100x100.png 100w, https:\/\/wpt-nnoh.178-32-139-209.plesk.page\/wp-content\/uploads\/miscele_gas-500x501.png 500w, https:\/\/wpt-nnoh.178-32-139-209.plesk.page\/wp-content\/uploads\/miscele_gas-150x150.png 150w, https:\/\/wpt-nnoh.178-32-139-209.plesk.page\/wp-content\/uploads\/miscele_gas-300x300.png 300w, https:\/\/wpt-nnoh.178-32-139-209.plesk.page\/wp-content\/uploads\/miscele_gas-768x770.png 768w\" sizes=\"auto, (max-width: 300px) 100vw, 300px\" \/><\/a><\/p>\n<p>Un nuovo modulo di calcolo consente di creare miscele di gas per il vetrocamera, con qualsiasi composizione percentuale, secondo la norma ISO 673 oppure ISO 15099.<\/p>\n<p><!--\/pixgridder:column[col=1]--><!--pixgridder:column[col=1]--><\/p>\n<p style=\"text-align: center;\"><strong>VETTORI GRAVITA&#8217;<\/strong><\/p>\n<p><img loading=\"lazy\" decoding=\"async\" class=\"aligncenter\" src=\"\/wp-content\/uploads\/vettorigravita.png\" width=\"300\" height=\"300\" \/><\/p>\n<p>Indica al programma il verso del vettore gravit\u00e0 (pianta o sezione) e Frame Simulator calcoler\u00e0 in automatico la resistenza delle cavit\u00e0 d&#8217;aria in base alla direzione del flusso.<\/p>\n<p><!--\/pixgridder:column[col=1]--><!--\/pixgridder:row[cols=3]--><!--pixgridder:row[cols=1]--><!--pixgridder:column[col=1]--><\/p>\n<hr \/>\n<p><!--\/pixgridder:column[col=1]--><!--\/pixgridder:row[cols=1]--><!--pixgridder:row[cols=3]--><!--pixgridder:column[col=1]--><\/p>\n<p style=\"text-align: center;\"><strong>CONTORNO ADIABATICO<\/strong><\/p>\n<p><img loading=\"lazy\" decoding=\"async\" class=\"aligncenter size-full wp-image-7090\" title=\"\" src=\"\/wp-content\/uploads\/contorno_adiabatico.png\" alt=\"contorno_adiabatico\" width=\"300\" height=\"300\" srcset=\"https:\/\/wpt-nnoh.178-32-139-209.plesk.page\/wp-content\/uploads\/contorno_adiabatico-100x100.png 100w, https:\/\/wpt-nnoh.178-32-139-209.plesk.page\/wp-content\/uploads\/contorno_adiabatico-150x150.png 150w\" sizes=\"auto, (max-width: 300px) 100vw, 300px\" \/><br \/>\nLe sezioni da calcolare possono essere terminate anche con un contorno adiabatico. L&#8217;uso delle aree adiabatiche rimane necessario solo in presenza di cavit\u00e0 sul piano di sezione.<\/p>\n<p><!--\/pixgridder:column[col=1]--><!--pixgridder:column[col=1]--><\/p>\n<p style=\"text-align: center;\"><strong>ETICHETTE CON TABELLE<\/strong><\/p>\n<p style=\"text-align: left;\"><a href=\"\/wp-content\/uploads\/etichetta-con-tabella.png\"><img loading=\"lazy\" decoding=\"async\" class=\"aligncenter wp-image-7092\" src=\"\/wp-content\/uploads\/etichetta-con-tabella.png\" alt=\"etichetta con tabella\" width=\"300\" height=\"300\" srcset=\"https:\/\/wpt-nnoh.178-32-139-209.plesk.page\/wp-content\/uploads\/etichetta-con-tabella.png 714w, https:\/\/wpt-nnoh.178-32-139-209.plesk.page\/wp-content\/uploads\/etichetta-con-tabella-100x100.png 100w, https:\/\/wpt-nnoh.178-32-139-209.plesk.page\/wp-content\/uploads\/etichetta-con-tabella-500x500.png 500w, https:\/\/wpt-nnoh.178-32-139-209.plesk.page\/wp-content\/uploads\/etichetta-con-tabella-150x150.png 150w, https:\/\/wpt-nnoh.178-32-139-209.plesk.page\/wp-content\/uploads\/etichetta-con-tabella-300x300.png 300w\" sizes=\"auto, (max-width: 300px) 100vw, 300px\" \/><\/a><br \/>\nCon la versione 3 puoi inserire tabelle di dati nelle etichette di commento. Otterrai delle viste con tutte le informazioni rilevanti del progetto, da mostrare nella presentazione o esportare in formato grafico. Per modificare un&#8217;etichetta ora basta un doppio click.<\/p>\n<p><!--\/pixgridder:column[col=1]--><!--pixgridder:column[col=1]--><\/p>\n<p style=\"text-align: center;\"><strong>SALVATAGGIO AUTOMATICO<\/strong><\/p>\n<p><img loading=\"lazy\" decoding=\"async\" class=\"aligncenter size-medium wp-image-6609\" title=\"\" src=\"\/wp-content\/uploads\/autobackup-300x300.png\" alt=\"autobackup\" width=\"300\" height=\"300\" srcset=\"https:\/\/wpt-nnoh.178-32-139-209.plesk.page\/wp-content\/uploads\/autobackup-300x300.png 300w, https:\/\/wpt-nnoh.178-32-139-209.plesk.page\/wp-content\/uploads\/autobackup-100x100.png 100w, https:\/\/wpt-nnoh.178-32-139-209.plesk.page\/wp-content\/uploads\/autobackup-150x150.png 150w, https:\/\/wpt-nnoh.178-32-139-209.plesk.page\/wp-content\/uploads\/autobackup.png 433w\" sizes=\"auto, (max-width: 300px) 100vw, 300px\" \/><\/p>\n<p>Niente pi\u00f9 calcoli persi per problemi o errori accidentali: il programma salva in automatico il file su cui stai lavorando\u00a0a intervalli regolari. Puoi decidere la posizione, la frequenza ed il numero di salvataggi da conservare.<\/p>\n<p><!--\/pixgridder:column[col=1]--><!--\/pixgridder:row[cols=3]--><!--pixgridder:row[cols=1]--><!--pixgridder:column[col=1]--><\/p>\n<hr \/>\n<p><!--\/pixgridder:column[col=1]--><!--\/pixgridder:row[cols=1]--><!--pixgridder:row[cols=3]--><!--pixgridder:column[col=1]--><\/p>\n<p style=\"text-align: center;\"><strong>AGGIORNAMENTI AUTOMATICI<\/strong><\/p>\n<p><img loading=\"lazy\" decoding=\"async\" class=\"aligncenter size-full wp-image-6612\" title=\"\" src=\"\/wp-content\/uploads\/aggiornamento.png\" alt=\"aggiornamento\" width=\"295\" height=\"295\" srcset=\"https:\/\/wpt-nnoh.178-32-139-209.plesk.page\/wp-content\/uploads\/aggiornamento.png 295w, https:\/\/wpt-nnoh.178-32-139-209.plesk.page\/wp-content\/uploads\/aggiornamento-100x100.png 100w, https:\/\/wpt-nnoh.178-32-139-209.plesk.page\/wp-content\/uploads\/aggiornamento-150x150.png 150w\" sizes=\"auto, (max-width: 295px) 100vw, 295px\" \/><\/p>\n<p style=\"text-align: left;\">Frame Simulator 3 controlla automaticamente l&#8217;esistenza di aggiornamenti quando ti colleghi ad internet e ti chiede se vuoi scaricarli. Avrai sempre la tranquillit\u00e0 di lavorare con l&#8217;ultima versione del programma.<\/p>\n<p><!--\/pixgridder:column[col=1]--><!--pixgridder:column[col=1]--><\/p>\n<p style=\"text-align: center;\"><strong>IMPORTA FILE DA THERM<\/strong><\/p>\n<p><img loading=\"lazy\" decoding=\"async\" class=\"aligncenter size-full wp-image-7104\" title=\"\" src=\"\/wp-content\/uploads\/import-therm1.png\" alt=\"import Therm to Frame\" width=\"300\" height=\"300\" srcset=\"https:\/\/wpt-nnoh.178-32-139-209.plesk.page\/wp-content\/uploads\/import-therm1.png 300w, https:\/\/wpt-nnoh.178-32-139-209.plesk.page\/wp-content\/uploads\/import-therm1-100x100.png 100w, https:\/\/wpt-nnoh.178-32-139-209.plesk.page\/wp-content\/uploads\/import-therm1-150x150.png 150w\" sizes=\"auto, (max-width: 300px) 100vw, 300px\" \/>Con il plugin opzionale Import\/Export Pack puoi importare in Frame Simulator progetti fatti con Therm e aggiungere analisi termoigrometriche o dinamiche ai tuoi progetti senza la necessit\u00e0 di ridisegnarli.<\/p>\n<p>Plugin a pagamento<\/p>\n<p><!--\/pixgridder:column[col=1]--><!--pixgridder:column[col=1]--><\/p>\n<p style=\"text-align: center;\"><strong>FUNZIONALITA&#8217; ISO 15099<\/strong><\/p>\n<p style=\"text-align: center;\"><a href=\"\/wp-content\/uploads\/ISO150991.png\"><img loading=\"lazy\" decoding=\"async\" class=\"wp-image-6618\" title=\"ISO 15099\" src=\"\/wp-content\/uploads\/ISO150991-300x300.png\" alt=\"ISO15099\" width=\"300\" height=\"300\" srcset=\"https:\/\/wpt-nnoh.178-32-139-209.plesk.page\/wp-content\/uploads\/ISO150991-300x300.png 300w, https:\/\/wpt-nnoh.178-32-139-209.plesk.page\/wp-content\/uploads\/ISO150991-100x100.png 100w, https:\/\/wpt-nnoh.178-32-139-209.plesk.page\/wp-content\/uploads\/ISO150991-150x150.png 150w, https:\/\/wpt-nnoh.178-32-139-209.plesk.page\/wp-content\/uploads\/ISO150991.png 390w\" sizes=\"auto, (max-width: 300px) 100vw, 300px\" \/><\/a><\/p>\n<p>Con questa estensione potrai effettuare i calcoli dei serramenti adottando le specifiche ISO 15099 per il calcolo delle cavit\u00e0, nell\u2019impostazione delle condizioni al contorno e nel calcolo di vetrate e miscele di gas.<\/p>\n<p>Plugin a pagamento<\/p>\n<p><!--\/pixgridder:column[col=1]--><!--\/pixgridder:row[cols=3]--><!--pixgridder:row[cols=1]--><!--pixgridder:column[col=1]--><\/p>\n<h3 style=\"text-align: left;\"><a title=\"Tutte le novit\u00e0 in Frame Simulator 3\" href=\"\/?page_id=1085#modificheframe3\">GUARDA QUI LA LISTA DI TUTTE LE MODIFICHE<\/a><\/h3>\n<p><!--\/pixgridder:column[col=1]--><!--\/pixgridder:row[cols=1]--><!--pixgridder:row[cols=1]--><!--pixgridder:column[col=1]--><\/p>\n<h2 style=\"text-align: left;\">FAI L&#8217;UPGRADE \u00a0A FRAME SIMULATOR<\/h2>\n<p>&nbsp;<\/p>\n<p><!--\/pixgridder:column[col=1]--><!--\/pixgridder:row[cols=1]--><\/p>\n","protected":false},"excerpt":{"rendered":"<p>ora il calcolo dei serramenti \u00e8 ancora pi\u00f9 divertente Queste le principali novit\u00e0 contenute nella nuova versione 3: RAGGRUPPA NODI Consente di raccogliere i vertici in gruppi. Cos\u00ec, ad esempio, puoi caricare tutte le sezioni di un serramento in un unico file. Poi, con un solo click, attivare un nodo alla volta per calcolarlo. MISCELE [&hellip;]<\/p>\n","protected":false},"author":192,"featured_media":0,"parent":0,"menu_order":0,"comment_status":"open","ping_status":"open","template":"","meta":{"ocean_post_layout":"","ocean_both_sidebars_style":"","ocean_both_sidebars_content_width":0,"ocean_both_sidebars_sidebars_width":0,"ocean_sidebar":"","ocean_second_sidebar":"","ocean_disable_margins":"enable","ocean_add_body_class":"","ocean_shortcode_before_top_bar":"","ocean_shortcode_after_top_bar":"","ocean_shortcode_before_header":"","ocean_shortcode_after_header":"","ocean_has_shortcode":"","ocean_shortcode_after_title":"","ocean_shortcode_before_footer_widgets":"","ocean_shortcode_after_footer_widgets":"","ocean_shortcode_before_footer_bottom":"","ocean_shortcode_after_footer_bottom":"","ocean_display_top_bar":"default","ocean_display_header":"default","ocean_header_style":"","ocean_center_header_left_menu":"","ocean_custom_header_template":"","ocean_custom_logo":0,"ocean_custom_retina_logo":0,"ocean_custom_logo_max_width":0,"ocean_custom_logo_tablet_max_width":0,"ocean_custom_logo_mobile_max_width":0,"ocean_custom_logo_max_height":0,"ocean_custom_logo_tablet_max_height":0,"ocean_custom_logo_mobile_max_height":0,"ocean_header_custom_menu":"","ocean_menu_typo_font_family":"","ocean_menu_typo_font_subset":"","ocean_menu_typo_font_size":0,"ocean_menu_typo_font_size_tablet":0,"ocean_menu_typo_font_size_mobile":0,"ocean_menu_typo_font_size_unit":"px","ocean_menu_typo_font_weight":"","ocean_menu_typo_font_weight_tablet":"","ocean_menu_typo_font_weight_mobile":"","ocean_menu_typo_transform":"","ocean_menu_typo_transform_tablet":"","ocean_menu_typo_transform_mobile":"","ocean_menu_typo_line_height":0,"ocean_menu_typo_line_height_tablet":0,"ocean_menu_typo_line_height_mobile":0,"ocean_menu_typo_line_height_unit":"","ocean_menu_typo_spacing":0,"ocean_menu_typo_spacing_tablet":0,"ocean_menu_typo_spacing_mobile":0,"ocean_menu_typo_spacing_unit":"","ocean_menu_link_color":"","ocean_menu_link_color_hover":"","ocean_menu_link_color_active":"","ocean_menu_link_background":"","ocean_menu_link_hover_background":"","ocean_menu_link_active_background":"","ocean_menu_social_links_bg":"","ocean_menu_social_hover_links_bg":"","ocean_menu_social_links_color":"","ocean_menu_social_hover_links_color":"","ocean_disable_title":"default","ocean_disable_heading":"default","ocean_post_title":"","ocean_post_subheading":"","ocean_post_title_style":"","ocean_post_title_background_color":"","ocean_post_title_background":0,"ocean_post_title_bg_image_position":"","ocean_post_title_bg_image_attachment":"","ocean_post_title_bg_image_repeat":"","ocean_post_title_bg_image_size":"","ocean_post_title_height":0,"ocean_post_title_bg_overlay":0.5,"ocean_post_title_bg_overlay_color":"","ocean_disable_breadcrumbs":"default","ocean_breadcrumbs_color":"","ocean_breadcrumbs_separator_color":"","ocean_breadcrumbs_links_color":"","ocean_breadcrumbs_links_hover_color":"","ocean_display_footer_widgets":"default","ocean_display_footer_bottom":"default","ocean_custom_footer_template":"","footnotes":""},"class_list":["post-7075","page","type-page","status-publish","hentry","entry","owp-thumbs-layout-horizontal","owp-btn-very-big","owp-tabs-layout-vertical","has-no-thumbnails"],"yoast_head":"<!-- This site is optimized with the Yoast SEO plugin v26.9 - https:\/\/yoast.com\/product\/yoast-seo-wordpress\/ -->\n<title>Novit\u00e0 in Frame Simulator - Dartwin<\/title>\n<meta name=\"robots\" content=\"noindex, follow, max-snippet:-1, max-image-preview:large, max-video-preview:-1\" \/>\n<meta property=\"og:locale\" content=\"it_IT\" \/>\n<meta property=\"og:type\" content=\"article\" \/>\n<meta property=\"og:title\" content=\"Novit\u00e0 in Frame Simulator - Dartwin\" \/>\n<meta property=\"og:description\" content=\"ora il calcolo dei serramenti \u00e8 ancora pi\u00f9 divertente Queste le principali novit\u00e0 contenute nella nuova versione 3: RAGGRUPPA NODI Consente di raccogliere i vertici in gruppi. Cos\u00ec, ad esempio, puoi caricare tutte le sezioni di un serramento in un unico file. Poi, con un solo click, attivare un nodo alla volta per calcolarlo. MISCELE [&hellip;]\" \/>\n<meta property=\"og:url\" content=\"https:\/\/wpt-nnoh.178-32-139-209.plesk.page\/it\/novita-frame-simulator-3\/\" \/>\n<meta property=\"og:site_name\" content=\"Dartwin\" \/>\n<meta property=\"article:modified_time\" content=\"2019-11-22T16:41:54+00:00\" \/>\n<meta name=\"twitter:label1\" content=\"Tempo di lettura stimato\" \/>\n\t<meta name=\"twitter:data1\" content=\"2 minuti\" \/>\n<script type=\"application\/ld+json\" class=\"yoast-schema-graph\">{\"@context\":\"https:\/\/schema.org\",\"@graph\":[{\"@type\":\"WebPage\",\"@id\":\"https:\/\/wpt-nnoh.178-32-139-209.plesk.page\/it\/novita-frame-simulator-3\/\",\"url\":\"https:\/\/wpt-nnoh.178-32-139-209.plesk.page\/it\/novita-frame-simulator-3\/\",\"name\":\"Novit\u00e0 in Frame Simulator - Dartwin\",\"isPartOf\":{\"@id\":\"https:\/\/wpt-nnoh.178-32-139-209.plesk.page\/it\/#website\"},\"datePublished\":\"2014-02-22T17:29:04+00:00\",\"dateModified\":\"2019-11-22T16:41:54+00:00\",\"breadcrumb\":{\"@id\":\"https:\/\/wpt-nnoh.178-32-139-209.plesk.page\/it\/novita-frame-simulator-3\/#breadcrumb\"},\"inLanguage\":\"it-IT\",\"potentialAction\":[{\"@type\":\"ReadAction\",\"target\":[\"https:\/\/wpt-nnoh.178-32-139-209.plesk.page\/it\/novita-frame-simulator-3\/\"]}]},{\"@type\":\"BreadcrumbList\",\"@id\":\"https:\/\/wpt-nnoh.178-32-139-209.plesk.page\/it\/novita-frame-simulator-3\/#breadcrumb\",\"itemListElement\":[{\"@type\":\"ListItem\",\"position\":1,\"name\":\"Home\",\"item\":\"https:\/\/wpt-nnoh.178-32-139-209.plesk.page\/it\/\"},{\"@type\":\"ListItem\",\"position\":2,\"name\":\"Novit\u00e0 in Frame Simulator\"}]},{\"@type\":\"WebSite\",\"@id\":\"https:\/\/wpt-nnoh.178-32-139-209.plesk.page\/it\/#website\",\"url\":\"https:\/\/wpt-nnoh.178-32-139-209.plesk.page\/it\/\",\"name\":\"Dartwin\",\"description\":\"analisi termiche agli elementi finiti\",\"publisher\":{\"@id\":\"https:\/\/wpt-nnoh.178-32-139-209.plesk.page\/it\/#organization\"},\"potentialAction\":[{\"@type\":\"SearchAction\",\"target\":{\"@type\":\"EntryPoint\",\"urlTemplate\":\"https:\/\/wpt-nnoh.178-32-139-209.plesk.page\/it\/?s={search_term_string}\"},\"query-input\":{\"@type\":\"PropertyValueSpecification\",\"valueRequired\":true,\"valueName\":\"search_term_string\"}}],\"inLanguage\":\"it-IT\"},{\"@type\":\"Organization\",\"@id\":\"https:\/\/wpt-nnoh.178-32-139-209.plesk.page\/it\/#organization\",\"name\":\"Dartwin SRL\",\"url\":\"https:\/\/wpt-nnoh.178-32-139-209.plesk.page\/it\/\",\"logo\":{\"@type\":\"ImageObject\",\"inLanguage\":\"it-IT\",\"@id\":\"https:\/\/wpt-nnoh.178-32-139-209.plesk.page\/it\/#\/schema\/logo\/image\/\",\"url\":\"https:\/\/wpt-nnoh.178-32-139-209.plesk.page\/wp-content\/uploads\/cropped-Logo-Dartwin-fem_180x48.jpg\",\"contentUrl\":\"https:\/\/wpt-nnoh.178-32-139-209.plesk.page\/wp-content\/uploads\/cropped-Logo-Dartwin-fem_180x48.jpg\",\"width\":175,\"height\":48,\"caption\":\"Dartwin SRL\"},\"image\":{\"@id\":\"https:\/\/wpt-nnoh.178-32-139-209.plesk.page\/it\/#\/schema\/logo\/image\/\"}}]}<\/script>\n<!-- \/ Yoast SEO plugin. -->","yoast_head_json":{"title":"Novit\u00e0 in Frame Simulator - Dartwin","robots":{"index":"noindex","follow":"follow","max-snippet":"max-snippet:-1","max-image-preview":"max-image-preview:large","max-video-preview":"max-video-preview:-1"},"og_locale":"it_IT","og_type":"article","og_title":"Novit\u00e0 in Frame Simulator - Dartwin","og_description":"ora il calcolo dei serramenti \u00e8 ancora pi\u00f9 divertente Queste le principali novit\u00e0 contenute nella nuova versione 3: RAGGRUPPA NODI Consente di raccogliere i vertici in gruppi. Cos\u00ec, ad esempio, puoi caricare tutte le sezioni di un serramento in un unico file. Poi, con un solo click, attivare un nodo alla volta per calcolarlo. MISCELE [&hellip;]","og_url":"https:\/\/wpt-nnoh.178-32-139-209.plesk.page\/it\/novita-frame-simulator-3\/","og_site_name":"Dartwin","article_modified_time":"2019-11-22T16:41:54+00:00","twitter_misc":{"Tempo di lettura stimato":"2 minuti"},"schema":{"@context":"https:\/\/schema.org","@graph":[{"@type":"WebPage","@id":"https:\/\/wpt-nnoh.178-32-139-209.plesk.page\/it\/novita-frame-simulator-3\/","url":"https:\/\/wpt-nnoh.178-32-139-209.plesk.page\/it\/novita-frame-simulator-3\/","name":"Novit\u00e0 in Frame Simulator - Dartwin","isPartOf":{"@id":"https:\/\/wpt-nnoh.178-32-139-209.plesk.page\/it\/#website"},"datePublished":"2014-02-22T17:29:04+00:00","dateModified":"2019-11-22T16:41:54+00:00","breadcrumb":{"@id":"https:\/\/wpt-nnoh.178-32-139-209.plesk.page\/it\/novita-frame-simulator-3\/#breadcrumb"},"inLanguage":"it-IT","potentialAction":[{"@type":"ReadAction","target":["https:\/\/wpt-nnoh.178-32-139-209.plesk.page\/it\/novita-frame-simulator-3\/"]}]},{"@type":"BreadcrumbList","@id":"https:\/\/wpt-nnoh.178-32-139-209.plesk.page\/it\/novita-frame-simulator-3\/#breadcrumb","itemListElement":[{"@type":"ListItem","position":1,"name":"Home","item":"https:\/\/wpt-nnoh.178-32-139-209.plesk.page\/it\/"},{"@type":"ListItem","position":2,"name":"Novit\u00e0 in Frame Simulator"}]},{"@type":"WebSite","@id":"https:\/\/wpt-nnoh.178-32-139-209.plesk.page\/it\/#website","url":"https:\/\/wpt-nnoh.178-32-139-209.plesk.page\/it\/","name":"Dartwin","description":"analisi termiche agli elementi finiti","publisher":{"@id":"https:\/\/wpt-nnoh.178-32-139-209.plesk.page\/it\/#organization"},"potentialAction":[{"@type":"SearchAction","target":{"@type":"EntryPoint","urlTemplate":"https:\/\/wpt-nnoh.178-32-139-209.plesk.page\/it\/?s={search_term_string}"},"query-input":{"@type":"PropertyValueSpecification","valueRequired":true,"valueName":"search_term_string"}}],"inLanguage":"it-IT"},{"@type":"Organization","@id":"https:\/\/wpt-nnoh.178-32-139-209.plesk.page\/it\/#organization","name":"Dartwin SRL","url":"https:\/\/wpt-nnoh.178-32-139-209.plesk.page\/it\/","logo":{"@type":"ImageObject","inLanguage":"it-IT","@id":"https:\/\/wpt-nnoh.178-32-139-209.plesk.page\/it\/#\/schema\/logo\/image\/","url":"https:\/\/wpt-nnoh.178-32-139-209.plesk.page\/wp-content\/uploads\/cropped-Logo-Dartwin-fem_180x48.jpg","contentUrl":"https:\/\/wpt-nnoh.178-32-139-209.plesk.page\/wp-content\/uploads\/cropped-Logo-Dartwin-fem_180x48.jpg","width":175,"height":48,"caption":"Dartwin SRL"},"image":{"@id":"https:\/\/wpt-nnoh.178-32-139-209.plesk.page\/it\/#\/schema\/logo\/image\/"}}]}},"_links":{"self":[{"href":"https:\/\/wpt-nnoh.178-32-139-209.plesk.page\/it\/wp-json\/wp\/v2\/pages\/7075","targetHints":{"allow":["GET"]}}],"collection":[{"href":"https:\/\/wpt-nnoh.178-32-139-209.plesk.page\/it\/wp-json\/wp\/v2\/pages"}],"about":[{"href":"https:\/\/wpt-nnoh.178-32-139-209.plesk.page\/it\/wp-json\/wp\/v2\/types\/page"}],"author":[{"embeddable":true,"href":"https:\/\/wpt-nnoh.178-32-139-209.plesk.page\/it\/wp-json\/wp\/v2\/users\/192"}],"replies":[{"embeddable":true,"href":"https:\/\/wpt-nnoh.178-32-139-209.plesk.page\/it\/wp-json\/wp\/v2\/comments?post=7075"}],"version-history":[{"count":0,"href":"https:\/\/wpt-nnoh.178-32-139-209.plesk.page\/it\/wp-json\/wp\/v2\/pages\/7075\/revisions"}],"wp:attachment":[{"href":"https:\/\/wpt-nnoh.178-32-139-209.plesk.page\/it\/wp-json\/wp\/v2\/media?parent=7075"}],"curies":[{"name":"wp","href":"https:\/\/api.w.org\/{rel}","templated":true}]}}