{"id":519,"date":"2011-06-10T15:25:04","date_gmt":"2011-06-10T15:25:04","guid":{"rendered":"http:\/\/www.dartwin.it\/?page_id=519"},"modified":"2017-01-07T18:37:49","modified_gmt":"2017-01-07T17:37:49","slug":"brick-simulator","status":"publish","type":"page","link":"https:\/\/wpt-nnoh.178-32-139-209.plesk.page\/it\/brick-simulator\/","title":{"rendered":"Brick Simulator IT"},"content":{"rendered":"<h2>MATTONI: BRICK SIMULATOR<\/h2>\n<h5>Codice: BSDRTW01<\/h5>\n<p><strong><em>CALCOLO DELLA TRASMITTANZA TERMICA DI LATERIZI &#8211; MATTONI &#8211; BLOCCHI DI MURATURA MEDIANTE MODELLAZIONE AGLI ELEMENTI FINITI (fem) <\/em> <\/strong> Brick Simulator \u00e8 un software di modellazione agli elementi finiti per il calcolo e all&#8217;analisi termica di blocchi di muratura, laterizi e strutture murarie di qualsiasi natura. Consente di effettuare rapidamente e con grande precisione i calcoli termici secondo le normative UNI EN 1745 e UNI 10355 e di valutare l&#8217;analisi del rischio di condensa secondo la UNI EN ISO 13788-2003.<\/p>\n<h2><span style=\"color: #ff1300;\">IL CALCOLO A NORMA<\/span><\/h2>\n<p>Con Brick Simulator in pochi e semplici passaggi potrai:<\/p>\n<ul>\n<li>Effettuare la <strong>modellazione termica di mattoni e blocchi<\/strong> di muratura agli elementi finiti<\/li>\n<li>Calcolare le <strong>caratteristiche termiche delle murature<\/strong> applicando la normativa <strong>UNI EN 1745<\/strong> e <strong>UNI EN ISO 6946:2007<\/strong><\/li>\n<li>Selezionare il <strong>contenuto di umidit\u00e0 dei materiali<\/strong> applicando la normativa <strong>UNI EN ISO 10456:2008<\/strong><\/li>\n<li>Calcolare le <strong>caratteristiche termiche di murature e solai<\/strong> applicando la normativa <strong>UNI 10355<\/strong><\/li>\n<li><strong>Importare le sezioni<\/strong> delle murature da files <strong>DXF<\/strong><\/li>\n<li><strong>Comporre e simulare strutture tridimensionali<\/strong> grazie al modulo esterno Brick Composer<\/li>\n<li>Visualizzare e <strong>stampare<\/strong> i molteplici aspetti del calcolo: <strong>isoterme, flusso di calore, triangolazione, condizioni al contorno<\/strong> e molto altro ancora.<\/li>\n<\/ul>\n<p>&nbsp;<\/p>\n<h2><span style=\"color: #ff1300;\">SIMULAZIONE TERMICA E ANALISI DI GLASER<\/span><\/h2>\n<p>Brick Simulator consente di ottenere tutte le informazioni termiche rilevanti per la sezione analizzata: <strong>Lf2d<\/strong> Coefficiente di accoppiamento termico in W\/(mK) <strong>U <\/strong> Trasmittanza termica della sezione in W\/(m2K) <strong>RT <\/strong> Resistenza termica totale della sezione (comprese le resistenze superficiali) in m2K\/W <strong>Rt <\/strong> Resistenza termica totale della sezione (senza le resistenze superficiali) in m2K\/W <strong>l.equ <\/strong> Conduttivit\u00e0 equivalente della sezione in W\/mK Brick Simulator consente inoltre tracciare delle linee di sezione attraverso il blocco, lungo le quali visualizzare l&#8217;andamento della temperatura, del flusso di calore e di eseguire l&#8217;analisi di Glaser per la verifica della formazione di condensazione interstiziale (ed eventuale evaporazione) come indicato nella normativa UNI EN ISO 13788:2003.<\/p>\n<h2><span style=\"color: #ff1300;\">CALCOLO DELLE PARETI<\/span><\/h2>\n<p>Grazie all&#8217;utilizzo del modulo esterno Layer Composer, fornito insieme a Brick Simulator, \u00e8 possibile effettuare facilmente e rapidamente calcoli termici di pareti e strutture tridimensionali realizzate con vari elementi. In Brick Composer la parete viene composta con strati orizzontali (blocchi) e strati verticali (intonaci, isolanti ecc.), utilizzando i dati calcolati con il modulo di simulazione Brick Simulator o inserendoli manualmente. E&#8217; anche possibile definire nei minimi dettagli la caratteristiche della malta (come ad esempio le interruzioni). Il programma calcola immediatamente tutti i parametri termici della parete. Brick Simulator \u00e8 disponibile in lingue italiana ed inglese.A richiesta \u00e8 disponibile una versione SERVER monoutente (con un accesso simultaneo da pi\u00f9 postazioni) o multiutente (per pi\u00f9 accessi simultanei).<\/p>\n<p>&nbsp;<\/p>\n<p><strong>COME ACQUISTARE BRICK SIMULATOR<\/strong><\/p>\n<p>Puoi ottenere BRICK SIMULATOR PRO in pochi minuti,\u00a0 telefonaci ai numeri indicati sotto o scrivi a <a href=\"mailto:info@dartwin.it\">info@dartwin.it<\/a>. Ti risponderemo in giornata.<\/p>\n<p>&nbsp;<\/p>\n<p><strong>TRASFERIMENTO LICENZA<\/strong><\/p>\n<p>Nelle licenze attivate con chiave software, la funzione &#8220;trasferisci licenza&#8221;, disponibile all&#8217;interno del programma, consente di disattivare una licenza di MOLD SIMULATOR sul computer su cui \u00e8 installata e di attivarla su un altro computer. Il trasferimento pu\u00f2 essere fatto direttamente da te, in pochi istanti, mediante connessione ad internet. Potrai ad esempio spostare MOLD SIMULATOR sul tuo portatile e riattivarlo nuovamente sul fisso quando rientri in ufficio.<\/p>\n<p>&nbsp;<\/p>\n<p><strong>ATTIVAZIONE CON CHIAVE HARDWARE USB<\/strong><\/p>\n<p>Con l&#8217;attivazione su chiave hardware \u00e8 possibile avere i programmi di simulazione su pi\u00f9 macchine. A parte l&#8217;inserimento la prima volta del codice PIN, non \u00e8 necessaria alcuna procedura di attivazione o di trasferimento della licenza: basta inserire la chiavetta e si \u00e8 pronti a lavorare su quel computer. E&#8217; molto utile per chi vuole usare i nostri programmi di simulazione sia su computer fisso che su portatile. Inoltre l&#8217;attivazione \u00e8 sulla chiavetta hardware e quindi \u00e8 indipendente dal computer: non si rischia di perdere l&#8217;attivazione se si formatta il disco o si rottama il computer.<\/p>\n<p>&nbsp;<\/p>\n<p><strong>ASSISTENZA<\/strong><\/p>\n<p>Incluso nel prezzo di vendita, <a href=\"http:\/\/www.trasmittanza.org\/\"><strong>Dartwin mette a disposizione dei suoi clienti<\/strong><\/a> una serie completa di strumenti quali: <strong>&gt;<\/strong> <span style=\"text-decoration: underline;\">assistenza<\/span>, via mail o in collegamento remoto, per le procedure di prima installazione <strong>&gt;<\/strong> <span style=\"text-decoration: underline;\">istruzioni<\/span> sull&#8217;uso delle funzionalit\u00e0 del programma <strong>&gt;<\/strong> <span style=\"text-decoration: underline;\">video tutorial<\/span> su come preparare i disegni ed effettuare i calcoli <strong>&gt;<\/strong> <span style=\"text-decoration: underline;\">consigli<\/span> sull&#8217;interpretazione e l&#8217;applicazione delle norme <strong>&gt;<\/strong> <span style=\"text-decoration: underline;\">esempi<\/span> di calcolo \u00a0 <strong>Con l&#8217;assistenza di DARTWIN sei sicuro di comprare un programma e di saper usarlo!<\/strong><\/p>\n<p>&nbsp;<\/p>\n<p><strong>INFORMAZIONI E SUPPORTO<\/strong><\/p>\n<p>Per qualsiasi richiesta di informazioni, chiarimenti o assistenza per l&#8217;acquisto scrivici o telefona al n. <strong>0424 066146<\/strong>. Saremo lieti di darti tutto il supporto di cui hai bisogno e di illustrarti il programma direttamente ONLINE.<\/p>\n","protected":false},"excerpt":{"rendered":"<p>MATTONI: BRICK SIMULATOR Codice: BSDRTW01 CALCOLO DELLA TRASMITTANZA TERMICA DI LATERIZI &#8211; MATTONI &#8211; BLOCCHI DI MURATURA MEDIANTE MODELLAZIONE AGLI ELEMENTI FINITI (fem) Brick Simulator \u00e8 un software di modellazione agli elementi finiti per il calcolo e all&#8217;analisi termica di blocchi di muratura, laterizi e strutture murarie di qualsiasi natura. Consente di effettuare rapidamente e [&hellip;]<\/p>\n","protected":false},"author":192,"featured_media":0,"parent":0,"menu_order":0,"comment_status":"open","ping_status":"open","template":"","meta":{"ocean_post_layout":"","ocean_both_sidebars_style":"","ocean_both_sidebars_content_width":0,"ocean_both_sidebars_sidebars_width":0,"ocean_sidebar":"","ocean_second_sidebar":"","ocean_disable_margins":"enable","ocean_add_body_class":"","ocean_shortcode_before_top_bar":"","ocean_shortcode_after_top_bar":"","ocean_shortcode_before_header":"","ocean_shortcode_after_header":"","ocean_has_shortcode":"","ocean_shortcode_after_title":"","ocean_shortcode_before_footer_widgets":"","ocean_shortcode_after_footer_widgets":"","ocean_shortcode_before_footer_bottom":"","ocean_shortcode_after_footer_bottom":"","ocean_display_top_bar":"default","ocean_display_header":"default","ocean_header_style":"","ocean_center_header_left_menu":"","ocean_custom_header_template":"","ocean_custom_logo":0,"ocean_custom_retina_logo":0,"ocean_custom_logo_max_width":0,"ocean_custom_logo_tablet_max_width":0,"ocean_custom_logo_mobile_max_width":0,"ocean_custom_logo_max_height":0,"ocean_custom_logo_tablet_max_height":0,"ocean_custom_logo_mobile_max_height":0,"ocean_header_custom_menu":"","ocean_menu_typo_font_family":"","ocean_menu_typo_font_subset":"","ocean_menu_typo_font_size":0,"ocean_menu_typo_font_size_tablet":0,"ocean_menu_typo_font_size_mobile":0,"ocean_menu_typo_font_size_unit":"px","ocean_menu_typo_font_weight":"","ocean_menu_typo_font_weight_tablet":"","ocean_menu_typo_font_weight_mobile":"","ocean_menu_typo_transform":"","ocean_menu_typo_transform_tablet":"","ocean_menu_typo_transform_mobile":"","ocean_menu_typo_line_height":0,"ocean_menu_typo_line_height_tablet":0,"ocean_menu_typo_line_height_mobile":0,"ocean_menu_typo_line_height_unit":"","ocean_menu_typo_spacing":0,"ocean_menu_typo_spacing_tablet":0,"ocean_menu_typo_spacing_mobile":0,"ocean_menu_typo_spacing_unit":"","ocean_menu_link_color":"","ocean_menu_link_color_hover":"","ocean_menu_link_color_active":"","ocean_menu_link_background":"","ocean_menu_link_hover_background":"","ocean_menu_link_active_background":"","ocean_menu_social_links_bg":"","ocean_menu_social_hover_links_bg":"","ocean_menu_social_links_color":"","ocean_menu_social_hover_links_color":"","ocean_disable_title":"default","ocean_disable_heading":"default","ocean_post_title":"","ocean_post_subheading":"","ocean_post_title_style":"","ocean_post_title_background_color":"","ocean_post_title_background":0,"ocean_post_title_bg_image_position":"","ocean_post_title_bg_image_attachment":"","ocean_post_title_bg_image_repeat":"","ocean_post_title_bg_image_size":"","ocean_post_title_height":0,"ocean_post_title_bg_overlay":0.5,"ocean_post_title_bg_overlay_color":"","ocean_disable_breadcrumbs":"default","ocean_breadcrumbs_color":"","ocean_breadcrumbs_separator_color":"","ocean_breadcrumbs_links_color":"","ocean_breadcrumbs_links_hover_color":"","ocean_display_footer_widgets":"default","ocean_display_footer_bottom":"default","ocean_custom_footer_template":"","footnotes":""},"class_list":["post-519","page","type-page","status-publish","hentry","entry","owp-thumbs-layout-horizontal","owp-btn-very-big","owp-tabs-layout-vertical","has-no-thumbnails"],"yoast_head":"<!-- This site is optimized with the Yoast SEO plugin v26.9 - https:\/\/yoast.com\/product\/yoast-seo-wordpress\/ -->\n<title>Brick Simulator IT - Dartwin<\/title>\n<meta name=\"robots\" content=\"noindex, follow, max-snippet:-1, max-image-preview:large, max-video-preview:-1\" \/>\n<meta property=\"og:locale\" content=\"it_IT\" \/>\n<meta property=\"og:type\" content=\"article\" \/>\n<meta property=\"og:title\" content=\"Brick Simulator IT - Dartwin\" \/>\n<meta property=\"og:description\" content=\"MATTONI: BRICK SIMULATOR Codice: BSDRTW01 CALCOLO DELLA TRASMITTANZA TERMICA DI LATERIZI &#8211; MATTONI &#8211; BLOCCHI DI MURATURA MEDIANTE MODELLAZIONE AGLI ELEMENTI FINITI (fem) Brick Simulator \u00e8 un software di modellazione agli elementi finiti per il calcolo e all&#8217;analisi termica di blocchi di muratura, laterizi e strutture murarie di qualsiasi natura. Consente di effettuare rapidamente e [&hellip;]\" \/>\n<meta property=\"og:url\" content=\"https:\/\/wpt-nnoh.178-32-139-209.plesk.page\/it\/brick-simulator\/\" \/>\n<meta property=\"og:site_name\" content=\"Dartwin\" \/>\n<meta property=\"article:modified_time\" content=\"2017-01-07T17:37:49+00:00\" \/>\n<meta name=\"twitter:label1\" content=\"Tempo di lettura stimato\" \/>\n\t<meta name=\"twitter:data1\" content=\"4 minuti\" \/>\n<script type=\"application\/ld+json\" class=\"yoast-schema-graph\">{\"@context\":\"https:\/\/schema.org\",\"@graph\":[{\"@type\":\"WebPage\",\"@id\":\"https:\/\/wpt-nnoh.178-32-139-209.plesk.page\/it\/brick-simulator\/\",\"url\":\"https:\/\/wpt-nnoh.178-32-139-209.plesk.page\/it\/brick-simulator\/\",\"name\":\"Brick Simulator IT - Dartwin\",\"isPartOf\":{\"@id\":\"https:\/\/wpt-nnoh.178-32-139-209.plesk.page\/it\/#website\"},\"datePublished\":\"2011-06-10T15:25:04+00:00\",\"dateModified\":\"2017-01-07T17:37:49+00:00\",\"breadcrumb\":{\"@id\":\"https:\/\/wpt-nnoh.178-32-139-209.plesk.page\/it\/brick-simulator\/#breadcrumb\"},\"inLanguage\":\"it-IT\",\"potentialAction\":[{\"@type\":\"ReadAction\",\"target\":[\"https:\/\/wpt-nnoh.178-32-139-209.plesk.page\/it\/brick-simulator\/\"]}]},{\"@type\":\"BreadcrumbList\",\"@id\":\"https:\/\/wpt-nnoh.178-32-139-209.plesk.page\/it\/brick-simulator\/#breadcrumb\",\"itemListElement\":[{\"@type\":\"ListItem\",\"position\":1,\"name\":\"Home\",\"item\":\"https:\/\/wpt-nnoh.178-32-139-209.plesk.page\/it\/\"},{\"@type\":\"ListItem\",\"position\":2,\"name\":\"Brick Simulator IT\"}]},{\"@type\":\"WebSite\",\"@id\":\"https:\/\/wpt-nnoh.178-32-139-209.plesk.page\/it\/#website\",\"url\":\"https:\/\/wpt-nnoh.178-32-139-209.plesk.page\/it\/\",\"name\":\"Dartwin\",\"description\":\"analisi termiche agli elementi finiti\",\"publisher\":{\"@id\":\"https:\/\/wpt-nnoh.178-32-139-209.plesk.page\/it\/#organization\"},\"potentialAction\":[{\"@type\":\"SearchAction\",\"target\":{\"@type\":\"EntryPoint\",\"urlTemplate\":\"https:\/\/wpt-nnoh.178-32-139-209.plesk.page\/it\/?s={search_term_string}\"},\"query-input\":{\"@type\":\"PropertyValueSpecification\",\"valueRequired\":true,\"valueName\":\"search_term_string\"}}],\"inLanguage\":\"it-IT\"},{\"@type\":\"Organization\",\"@id\":\"https:\/\/wpt-nnoh.178-32-139-209.plesk.page\/it\/#organization\",\"name\":\"Dartwin SRL\",\"url\":\"https:\/\/wpt-nnoh.178-32-139-209.plesk.page\/it\/\",\"logo\":{\"@type\":\"ImageObject\",\"inLanguage\":\"it-IT\",\"@id\":\"https:\/\/wpt-nnoh.178-32-139-209.plesk.page\/it\/#\/schema\/logo\/image\/\",\"url\":\"https:\/\/wpt-nnoh.178-32-139-209.plesk.page\/wp-content\/uploads\/cropped-Logo-Dartwin-fem_180x48.jpg\",\"contentUrl\":\"https:\/\/wpt-nnoh.178-32-139-209.plesk.page\/wp-content\/uploads\/cropped-Logo-Dartwin-fem_180x48.jpg\",\"width\":175,\"height\":48,\"caption\":\"Dartwin SRL\"},\"image\":{\"@id\":\"https:\/\/wpt-nnoh.178-32-139-209.plesk.page\/it\/#\/schema\/logo\/image\/\"}}]}<\/script>\n<!-- \/ Yoast SEO plugin. -->","yoast_head_json":{"title":"Brick Simulator IT - Dartwin","robots":{"index":"noindex","follow":"follow","max-snippet":"max-snippet:-1","max-image-preview":"max-image-preview:large","max-video-preview":"max-video-preview:-1"},"og_locale":"it_IT","og_type":"article","og_title":"Brick Simulator IT - Dartwin","og_description":"MATTONI: BRICK SIMULATOR Codice: BSDRTW01 CALCOLO DELLA TRASMITTANZA TERMICA DI LATERIZI &#8211; MATTONI &#8211; BLOCCHI DI MURATURA MEDIANTE MODELLAZIONE AGLI ELEMENTI FINITI (fem) Brick Simulator \u00e8 un software di modellazione agli elementi finiti per il calcolo e all&#8217;analisi termica di blocchi di muratura, laterizi e strutture murarie di qualsiasi natura. Consente di effettuare rapidamente e [&hellip;]","og_url":"https:\/\/wpt-nnoh.178-32-139-209.plesk.page\/it\/brick-simulator\/","og_site_name":"Dartwin","article_modified_time":"2017-01-07T17:37:49+00:00","twitter_misc":{"Tempo di lettura stimato":"4 minuti"},"schema":{"@context":"https:\/\/schema.org","@graph":[{"@type":"WebPage","@id":"https:\/\/wpt-nnoh.178-32-139-209.plesk.page\/it\/brick-simulator\/","url":"https:\/\/wpt-nnoh.178-32-139-209.plesk.page\/it\/brick-simulator\/","name":"Brick Simulator IT - Dartwin","isPartOf":{"@id":"https:\/\/wpt-nnoh.178-32-139-209.plesk.page\/it\/#website"},"datePublished":"2011-06-10T15:25:04+00:00","dateModified":"2017-01-07T17:37:49+00:00","breadcrumb":{"@id":"https:\/\/wpt-nnoh.178-32-139-209.plesk.page\/it\/brick-simulator\/#breadcrumb"},"inLanguage":"it-IT","potentialAction":[{"@type":"ReadAction","target":["https:\/\/wpt-nnoh.178-32-139-209.plesk.page\/it\/brick-simulator\/"]}]},{"@type":"BreadcrumbList","@id":"https:\/\/wpt-nnoh.178-32-139-209.plesk.page\/it\/brick-simulator\/#breadcrumb","itemListElement":[{"@type":"ListItem","position":1,"name":"Home","item":"https:\/\/wpt-nnoh.178-32-139-209.plesk.page\/it\/"},{"@type":"ListItem","position":2,"name":"Brick Simulator IT"}]},{"@type":"WebSite","@id":"https:\/\/wpt-nnoh.178-32-139-209.plesk.page\/it\/#website","url":"https:\/\/wpt-nnoh.178-32-139-209.plesk.page\/it\/","name":"Dartwin","description":"analisi termiche agli elementi finiti","publisher":{"@id":"https:\/\/wpt-nnoh.178-32-139-209.plesk.page\/it\/#organization"},"potentialAction":[{"@type":"SearchAction","target":{"@type":"EntryPoint","urlTemplate":"https:\/\/wpt-nnoh.178-32-139-209.plesk.page\/it\/?s={search_term_string}"},"query-input":{"@type":"PropertyValueSpecification","valueRequired":true,"valueName":"search_term_string"}}],"inLanguage":"it-IT"},{"@type":"Organization","@id":"https:\/\/wpt-nnoh.178-32-139-209.plesk.page\/it\/#organization","name":"Dartwin SRL","url":"https:\/\/wpt-nnoh.178-32-139-209.plesk.page\/it\/","logo":{"@type":"ImageObject","inLanguage":"it-IT","@id":"https:\/\/wpt-nnoh.178-32-139-209.plesk.page\/it\/#\/schema\/logo\/image\/","url":"https:\/\/wpt-nnoh.178-32-139-209.plesk.page\/wp-content\/uploads\/cropped-Logo-Dartwin-fem_180x48.jpg","contentUrl":"https:\/\/wpt-nnoh.178-32-139-209.plesk.page\/wp-content\/uploads\/cropped-Logo-Dartwin-fem_180x48.jpg","width":175,"height":48,"caption":"Dartwin SRL"},"image":{"@id":"https:\/\/wpt-nnoh.178-32-139-209.plesk.page\/it\/#\/schema\/logo\/image\/"}}]}},"_links":{"self":[{"href":"https:\/\/wpt-nnoh.178-32-139-209.plesk.page\/it\/wp-json\/wp\/v2\/pages\/519","targetHints":{"allow":["GET"]}}],"collection":[{"href":"https:\/\/wpt-nnoh.178-32-139-209.plesk.page\/it\/wp-json\/wp\/v2\/pages"}],"about":[{"href":"https:\/\/wpt-nnoh.178-32-139-209.plesk.page\/it\/wp-json\/wp\/v2\/types\/page"}],"author":[{"embeddable":true,"href":"https:\/\/wpt-nnoh.178-32-139-209.plesk.page\/it\/wp-json\/wp\/v2\/users\/192"}],"replies":[{"embeddable":true,"href":"https:\/\/wpt-nnoh.178-32-139-209.plesk.page\/it\/wp-json\/wp\/v2\/comments?post=519"}],"version-history":[{"count":0,"href":"https:\/\/wpt-nnoh.178-32-139-209.plesk.page\/it\/wp-json\/wp\/v2\/pages\/519\/revisions"}],"wp:attachment":[{"href":"https:\/\/wpt-nnoh.178-32-139-209.plesk.page\/it\/wp-json\/wp\/v2\/media?parent=519"}],"curies":[{"name":"wp","href":"https:\/\/api.w.org\/{rel}","templated":true}]}}