{"id":46,"date":"2011-05-28T10:51:25","date_gmt":"2011-05-28T10:51:25","guid":{"rendered":"http:\/\/www.dartwin.it\/?page_id=46"},"modified":"2025-12-19T10:22:43","modified_gmt":"2025-12-19T09:22:43","slug":"attivazione","status":"publish","type":"page","link":"https:\/\/wpt-nnoh.178-32-139-209.plesk.page\/it\/supporto\/attivazione\/","title":{"rendered":"attivazione"},"content":{"rendered":"\n<h2 class=\"wp-block-heading\">MODALITA&#8217; DI ATTIVAZIONE DEI SOFTWARE DARTWIN<\/h2>\n\n\n\n<p>Al momento dell&#8217;acquisto del software \u00e8 possibile scegliere tra tre diverse modalit\u00e0 di attivazione: con Chiave Software, con Licenza Web o con Chiave USB. <\/p>\n\n\n\n<div class=\"wp-block-group\"><div class=\"wp-block-group__inner-container is-layout-flow wp-block-group-is-layout-flow\">\n<div class=\"wp-block-group has-background is-vertical is-layout-flex wp-container-core-group-is-layout-8cf370e7 wp-block-group-is-layout-flex\" style=\"background-color:#e7e7e7\">\n<h2 class=\"wp-block-heading\">Attivazione con CHIAVE SOFTWARE<\/h2>\n\n\n\n<p>(modalit\u00e0 di attivazione standard, inclusa nel prezzo del programma)<\/p>\n<\/div>\n\n\n\n<p>Il programma viene attivato da una chiave di attivazione alfanumerica, valida per il computer su cui \u00e8 stato installato inizialmente. La chiave di attivazione viene generata e inviata entro qualche ora dal pagamento, sulla base di un codice (codice Computer) mostrato in fase di installazione, che l&#8217;utente ci deve inviare.<\/p>\n\n\n\n<p>Una volta attivata la licenza su un computer \u00e8 sempre possibile trasportarla su un&#8217;altra macchina: mediante una procedura via internet si pu\u00f2 disattivare la licenza sul computer corrente e attivarla su un altro computer.<\/p>\n\n\n\n<p>Per un\u2019eventuale reinstallazione del software sullo stesso hardware si ripete la procedura iniziale, inserendo la stessa chiave di attivazione software.<br>Nel caso invece l&#8217;hard disk sia stato riformattato o sia cambiato tutto o parte dell&#8217;hardware, su richiesta forniamo una chiave di installazione di riserva (operazione possibile una sola volta).<\/p>\n<\/div><\/div>\n\n\n\n<div class=\"wp-block-group\"><div class=\"wp-block-group__inner-container is-layout-constrained wp-block-group-is-layout-constrained\">\n<hr class=\"wp-block-separator has-alpha-channel-opacity\"\/>\n\n\n\n<div class=\"wp-block-group has-background is-vertical is-layout-flex wp-container-core-group-is-layout-8cf370e7 wp-block-group-is-layout-flex\" style=\"background-color:#e7e7e7\">\n<h2 class=\"wp-block-heading\">Attivazione con LICENZA WEB<\/h2>\n\n\n\n<p>(modalit\u00e0 di attivazione opzionale in abbonamento annuale \u2013 da acquistare a parte)<\/p>\n<\/div>\n\n\n\n<p>Licenza Web permette di accedere alle proprie licenze ovunque e in qualsiasi momento inserendo solamente nome utente e password.<br>Questa modalit\u00e0 di accesso semplificata \u00e8 particolarmente adatta per i team di lavoro che debbano condividere l&#8217;utilizzo dei programmi da remoto.<br>Ogni membro del gruppo pu\u00f2 avviare il software inserendo semplicemente il nome utente e la password forniti.<br>E&#8217; inoltre possibile un uso contemporaneo del software in base al numero di licenze software o simultaneit\u00e0 acquistate.<\/p>\n\n\n\n<p>Licenza Web \u00e8 fornito in abbonamento annuale. Per utilizzare Licenza Web \u00e8 necessario disporre gi\u00e0 di una licenza Mold Simulator o Frame Simulator aggiornata.<\/p>\n<\/div><\/div>\n\n\n\n<div class=\"wp-block-group\"><div class=\"wp-block-group__inner-container is-layout-constrained wp-block-group-is-layout-constrained\">\n<hr class=\"wp-block-separator has-alpha-channel-opacity\"\/>\n\n\n\n<div class=\"wp-block-group has-background is-vertical is-layout-flex wp-container-core-group-is-layout-8cf370e7 wp-block-group-is-layout-flex\" style=\"background-color:#e7e7e7\">\n<h2 class=\"wp-block-heading\">Attivazione con CHIAVE HARDWARE USB<\/h2>\n\n\n\n<p>(modalit\u00e0 di attivazione opzionale \u2013 da acquistare a parte)<\/p>\n<\/div>\n\n\n\n<div class=\"wp-block-columns are-vertically-aligned-bottom is-layout-flex wp-container-core-columns-is-layout-9d6595d7 wp-block-columns-is-layout-flex\">\n<div class=\"wp-block-column is-vertically-aligned-bottom is-layout-flow wp-block-column-is-layout-flow\" style=\"flex-basis:66.66%\">\n<p>Se sceglie questa modalit\u00e0, l&#8217;utente riceve via corriere una chiave USB con tutte le licenze acquistate (una per tipo) pre-attivate. Sar\u00e0 sufficiente inserire il codice PIN segreto che comunicheremo con mail a parte e potr\u00e0 utilizzare i programmi su un qualsiasi computer (non simultaneamente) semplicemente spostando la chiavetta da un computer all\u2019altro.<\/p>\n<\/div>\n\n\n\n<div class=\"wp-block-column is-vertically-aligned-bottom is-layout-flow wp-block-column-is-layout-flow\" style=\"flex-basis:33.33%\">\n<figure class=\"wp-block-image size-full is-resized\"><img loading=\"lazy\" decoding=\"async\" width=\"300\" height=\"139\" src=\"https:\/\/wpt-nnoh.178-32-139-209.plesk.page\/wp-content\/uploads\/dartwin_HK_S.png\" alt=\"\" class=\"wp-image-5569\" style=\"width:237px;height:109px\"\/><\/figure>\n<\/div>\n<\/div>\n\n\n\n<p><strong><em>Quantit\u00e0 chiavi e licenze<\/em><\/strong><\/p>\n\n\n\n<p>Su un&#8217;unica chiave si possono inserire le licenze di pi\u00f9 programmi diversi (una licenza per tipo).<br><strong>Una licenza pu\u00f2 essere attivata solo su una chiave USB. Quindi pi\u00f9 chiavi richiedono l&#8217;acquisto di pi\u00f9 licenze dello stesso programma.<\/strong><br>Puoi acquistare la chiave USB in ogni momento: trasferiremo le sue attivazioni software sulla chiave USB prima di inviarla.<\/p>\n\n\n\n<p class=\"has-text-color\" style=\"color:#686868\"><strong><em>Uso della chiave HARDWARE con programmi gi\u00e0 attivati con chiave SOFTWARE<\/em><\/strong><br>Il programma per prima cosa cerca se c&#8217;\u00e8 una chiave hardware e l&#8217;esistenza su questa del codice di attivazione. Se non lo trova, cerca la chiave software sul computer in uso.<br>Se il programma \u00e8 gi\u00e0 stato attivato con una chiave SOFTWARE, l&#8217;uso della chiave HARDWARE richeder\u00e0 che venga disabilitata la chiave SOFTWARE esistente mediante la procedura di trasferimento (che si trova nel menu di Aiuto del programma).<br>L&#8217;utente potr\u00e0 continuare a lavorare con la licenza SOFTWARE fino a quando riceve la chiave HARDWARE che ha ordinato. A quel punto contatter\u00e0 Dartwin e fornendo il codice di blocco della procedura di trasferimento licenza ricever\u00e0 subito via mail il PIN di attivazione della chiave HARDWARE.<\/p>\n\n\n\n<p><strong><em>Aggiunta o modifica delle licenze della chiave HARDWARE<\/em><\/strong><br>Eventuali integrazioni o aggiornamenti delle licenze contenute nella chiave USB verranno effettuate mediante un apposito software che forniremo al cliente. Non \u00e8 necessario ritornare fisicamente la chiave a Dartwin.<\/p>\n\n\n\n<p><strong><em>In caso di malfunzionamento della chiave HARDWARE<\/em><\/strong><br>Le chiavi HARDWARE da noi utilizzate sono di altissima qualit\u00e0 e i malfunzionamenti sono estremamente rari. Nel caso comunque che si verifichi un qualche problema con la chiave il cliente dovr\u00e0 rispedirla a Dartwin per l&#8217;eventuale sostituzione.<\/p>\n\n\n\n<p><strong><em>In caso di perdita\/furto della chiave HARDWARE<\/em><\/strong><br>La perdita o il furto di una chiave HARDWARE comporta la perdita anche delle licenze in essa contenute. La chiave HARDWARE, associata al codice PIN, consente infatti di utilizzare i programmi su qualsiasi macchina. Nel caso la chiave HARDWARE venga persa o rubata il cliente dovr\u00e0 riacquistare anche le licenze.<\/p>\n<\/div><\/div>\n","protected":false},"excerpt":{"rendered":"<p>MODALITA&#8217; DI ATTIVAZIONE DEI SOFTWARE DARTWIN Al momento dell&#8217;acquisto del software \u00e8 possibile scegliere tra tre diverse modalit\u00e0 di attivazione: con Chiave Software, con Licenza Web o con Chiave USB. Attivazione con CHIAVE SOFTWARE (modalit\u00e0 di attivazione standard, inclusa nel prezzo del programma) Il programma viene attivato da una chiave di attivazione alfanumerica, valida per [&hellip;]<\/p>\n","protected":false},"author":192,"featured_media":0,"parent":44,"menu_order":0,"comment_status":"closed","ping_status":"open","template":"","meta":{"ocean_post_layout":"","ocean_both_sidebars_style":"","ocean_both_sidebars_content_width":0,"ocean_both_sidebars_sidebars_width":0,"ocean_sidebar":"0","ocean_second_sidebar":"0","ocean_disable_margins":"enable","ocean_add_body_class":"","ocean_shortcode_before_top_bar":"","ocean_shortcode_after_top_bar":"","ocean_shortcode_before_header":"","ocean_shortcode_after_header":"","ocean_has_shortcode":"","ocean_shortcode_after_title":"","ocean_shortcode_before_footer_widgets":"","ocean_shortcode_after_footer_widgets":"","ocean_shortcode_before_footer_bottom":"","ocean_shortcode_after_footer_bottom":"","ocean_display_top_bar":"default","ocean_display_header":"default","ocean_header_style":"","ocean_center_header_left_menu":"0","ocean_custom_header_template":"0","ocean_custom_logo":0,"ocean_custom_retina_logo":0,"ocean_custom_logo_max_width":0,"ocean_custom_logo_tablet_max_width":0,"ocean_custom_logo_mobile_max_width":0,"ocean_custom_logo_max_height":0,"ocean_custom_logo_tablet_max_height":0,"ocean_custom_logo_mobile_max_height":0,"ocean_header_custom_menu":"0","ocean_menu_typo_font_family":"0","ocean_menu_typo_font_subset":"","ocean_menu_typo_font_size":0,"ocean_menu_typo_font_size_tablet":0,"ocean_menu_typo_font_size_mobile":0,"ocean_menu_typo_font_size_unit":"px","ocean_menu_typo_font_weight":"","ocean_menu_typo_font_weight_tablet":"","ocean_menu_typo_font_weight_mobile":"","ocean_menu_typo_transform":"","ocean_menu_typo_transform_tablet":"","ocean_menu_typo_transform_mobile":"","ocean_menu_typo_line_height":0,"ocean_menu_typo_line_height_tablet":0,"ocean_menu_typo_line_height_mobile":0,"ocean_menu_typo_line_height_unit":"","ocean_menu_typo_spacing":0,"ocean_menu_typo_spacing_tablet":0,"ocean_menu_typo_spacing_mobile":0,"ocean_menu_typo_spacing_unit":"","ocean_menu_link_color":"","ocean_menu_link_color_hover":"","ocean_menu_link_color_active":"","ocean_menu_link_background":"","ocean_menu_link_hover_background":"","ocean_menu_link_active_background":"","ocean_menu_social_links_bg":"","ocean_menu_social_hover_links_bg":"","ocean_menu_social_links_color":"","ocean_menu_social_hover_links_color":"","ocean_disable_title":"default","ocean_disable_heading":"default","ocean_post_title":"","ocean_post_subheading":"","ocean_post_title_style":"","ocean_post_title_background_color":"","ocean_post_title_background":0,"ocean_post_title_bg_image_position":"","ocean_post_title_bg_image_attachment":"","ocean_post_title_bg_image_repeat":"","ocean_post_title_bg_image_size":"","ocean_post_title_height":0,"ocean_post_title_bg_overlay":0.5,"ocean_post_title_bg_overlay_color":"","ocean_disable_breadcrumbs":"default","ocean_breadcrumbs_color":"","ocean_breadcrumbs_separator_color":"","ocean_breadcrumbs_links_color":"","ocean_breadcrumbs_links_hover_color":"","ocean_display_footer_widgets":"default","ocean_display_footer_bottom":"default","ocean_custom_footer_template":"0","footnotes":""},"class_list":["post-46","page","type-page","status-publish","hentry","entry","owp-thumbs-layout-horizontal","owp-btn-very-big","owp-tabs-layout-vertical","has-no-thumbnails"],"yoast_head":"<!-- This site is optimized with the Yoast SEO plugin v26.9 - https:\/\/yoast.com\/product\/yoast-seo-wordpress\/ -->\n<title>attivazione - Dartwin<\/title>\n<meta name=\"robots\" content=\"noindex, follow, max-snippet:-1, max-image-preview:large, max-video-preview:-1\" \/>\n<meta property=\"og:locale\" content=\"it_IT\" \/>\n<meta property=\"og:type\" content=\"article\" \/>\n<meta property=\"og:title\" content=\"attivazione - Dartwin\" \/>\n<meta property=\"og:description\" content=\"MODALITA&#8217; DI ATTIVAZIONE DEI SOFTWARE DARTWIN Al momento dell&#8217;acquisto del software \u00e8 possibile scegliere tra tre diverse modalit\u00e0 di attivazione: con Chiave Software, con Licenza Web o con Chiave USB. Attivazione con CHIAVE SOFTWARE (modalit\u00e0 di attivazione standard, inclusa nel prezzo del programma) Il programma viene attivato da una chiave di attivazione alfanumerica, valida per [&hellip;]\" \/>\n<meta property=\"og:url\" content=\"https:\/\/wpt-nnoh.178-32-139-209.plesk.page\/it\/supporto\/attivazione\/\" \/>\n<meta property=\"og:site_name\" content=\"Dartwin\" \/>\n<meta property=\"article:modified_time\" content=\"2025-12-19T09:22:43+00:00\" \/>\n<meta property=\"og:image\" content=\"https:\/\/wpt-nnoh.178-32-139-209.plesk.page\/wp-content\/uploads\/dartwin_HK_S.png\" \/>\n\t<meta property=\"og:image:width\" content=\"300\" \/>\n\t<meta property=\"og:image:height\" content=\"139\" \/>\n\t<meta property=\"og:image:type\" content=\"image\/png\" \/>\n<meta name=\"twitter:label1\" content=\"Tempo di lettura stimato\" \/>\n\t<meta name=\"twitter:data1\" content=\"4 minuti\" \/>\n<script type=\"application\/ld+json\" class=\"yoast-schema-graph\">{\"@context\":\"https:\/\/schema.org\",\"@graph\":[{\"@type\":\"WebPage\",\"@id\":\"https:\/\/wpt-nnoh.178-32-139-209.plesk.page\/it\/supporto\/attivazione\/\",\"url\":\"https:\/\/wpt-nnoh.178-32-139-209.plesk.page\/it\/supporto\/attivazione\/\",\"name\":\"attivazione - Dartwin\",\"isPartOf\":{\"@id\":\"https:\/\/wpt-nnoh.178-32-139-209.plesk.page\/it\/#website\"},\"primaryImageOfPage\":{\"@id\":\"https:\/\/wpt-nnoh.178-32-139-209.plesk.page\/it\/supporto\/attivazione\/#primaryimage\"},\"image\":{\"@id\":\"https:\/\/wpt-nnoh.178-32-139-209.plesk.page\/it\/supporto\/attivazione\/#primaryimage\"},\"thumbnailUrl\":\"https:\/\/wpt-nnoh.178-32-139-209.plesk.page\/wp-content\/uploads\/dartwin_HK_S.png\",\"datePublished\":\"2011-05-28T10:51:25+00:00\",\"dateModified\":\"2025-12-19T09:22:43+00:00\",\"breadcrumb\":{\"@id\":\"https:\/\/wpt-nnoh.178-32-139-209.plesk.page\/it\/supporto\/attivazione\/#breadcrumb\"},\"inLanguage\":\"it-IT\",\"potentialAction\":[{\"@type\":\"ReadAction\",\"target\":[\"https:\/\/wpt-nnoh.178-32-139-209.plesk.page\/it\/supporto\/attivazione\/\"]}]},{\"@type\":\"ImageObject\",\"inLanguage\":\"it-IT\",\"@id\":\"https:\/\/wpt-nnoh.178-32-139-209.plesk.page\/it\/supporto\/attivazione\/#primaryimage\",\"url\":\"https:\/\/wpt-nnoh.178-32-139-209.plesk.page\/wp-content\/uploads\/dartwin_HK_S.png\",\"contentUrl\":\"https:\/\/wpt-nnoh.178-32-139-209.plesk.page\/wp-content\/uploads\/dartwin_HK_S.png\"},{\"@type\":\"BreadcrumbList\",\"@id\":\"https:\/\/wpt-nnoh.178-32-139-209.plesk.page\/it\/supporto\/attivazione\/#breadcrumb\",\"itemListElement\":[{\"@type\":\"ListItem\",\"position\":1,\"name\":\"Home\",\"item\":\"https:\/\/wpt-nnoh.178-32-139-209.plesk.page\/it\/\"},{\"@type\":\"ListItem\",\"position\":2,\"name\":\"Supporto\",\"item\":\"https:\/\/wpt-nnoh.178-32-139-209.plesk.page\/it\/supporto\/\"},{\"@type\":\"ListItem\",\"position\":3,\"name\":\"attivazione\"}]},{\"@type\":\"WebSite\",\"@id\":\"https:\/\/wpt-nnoh.178-32-139-209.plesk.page\/it\/#website\",\"url\":\"https:\/\/wpt-nnoh.178-32-139-209.plesk.page\/it\/\",\"name\":\"Dartwin\",\"description\":\"analisi termiche agli elementi finiti\",\"publisher\":{\"@id\":\"https:\/\/wpt-nnoh.178-32-139-209.plesk.page\/it\/#organization\"},\"potentialAction\":[{\"@type\":\"SearchAction\",\"target\":{\"@type\":\"EntryPoint\",\"urlTemplate\":\"https:\/\/wpt-nnoh.178-32-139-209.plesk.page\/it\/?s={search_term_string}\"},\"query-input\":{\"@type\":\"PropertyValueSpecification\",\"valueRequired\":true,\"valueName\":\"search_term_string\"}}],\"inLanguage\":\"it-IT\"},{\"@type\":\"Organization\",\"@id\":\"https:\/\/wpt-nnoh.178-32-139-209.plesk.page\/it\/#organization\",\"name\":\"Dartwin SRL\",\"url\":\"https:\/\/wpt-nnoh.178-32-139-209.plesk.page\/it\/\",\"logo\":{\"@type\":\"ImageObject\",\"inLanguage\":\"it-IT\",\"@id\":\"https:\/\/wpt-nnoh.178-32-139-209.plesk.page\/it\/#\/schema\/logo\/image\/\",\"url\":\"https:\/\/wpt-nnoh.178-32-139-209.plesk.page\/wp-content\/uploads\/cropped-Logo-Dartwin-fem_180x48.jpg\",\"contentUrl\":\"https:\/\/wpt-nnoh.178-32-139-209.plesk.page\/wp-content\/uploads\/cropped-Logo-Dartwin-fem_180x48.jpg\",\"width\":175,\"height\":48,\"caption\":\"Dartwin SRL\"},\"image\":{\"@id\":\"https:\/\/wpt-nnoh.178-32-139-209.plesk.page\/it\/#\/schema\/logo\/image\/\"}}]}<\/script>\n<!-- \/ Yoast SEO plugin. -->","yoast_head_json":{"title":"attivazione - Dartwin","robots":{"index":"noindex","follow":"follow","max-snippet":"max-snippet:-1","max-image-preview":"max-image-preview:large","max-video-preview":"max-video-preview:-1"},"og_locale":"it_IT","og_type":"article","og_title":"attivazione - Dartwin","og_description":"MODALITA&#8217; DI ATTIVAZIONE DEI SOFTWARE DARTWIN Al momento dell&#8217;acquisto del software \u00e8 possibile scegliere tra tre diverse modalit\u00e0 di attivazione: con Chiave Software, con Licenza Web o con Chiave USB. Attivazione con CHIAVE SOFTWARE (modalit\u00e0 di attivazione standard, inclusa nel prezzo del programma) Il programma viene attivato da una chiave di attivazione alfanumerica, valida per [&hellip;]","og_url":"https:\/\/wpt-nnoh.178-32-139-209.plesk.page\/it\/supporto\/attivazione\/","og_site_name":"Dartwin","article_modified_time":"2025-12-19T09:22:43+00:00","og_image":[{"width":300,"height":139,"url":"https:\/\/wpt-nnoh.178-32-139-209.plesk.page\/wp-content\/uploads\/dartwin_HK_S.png","type":"image\/png"}],"twitter_misc":{"Tempo di lettura stimato":"4 minuti"},"schema":{"@context":"https:\/\/schema.org","@graph":[{"@type":"WebPage","@id":"https:\/\/wpt-nnoh.178-32-139-209.plesk.page\/it\/supporto\/attivazione\/","url":"https:\/\/wpt-nnoh.178-32-139-209.plesk.page\/it\/supporto\/attivazione\/","name":"attivazione - Dartwin","isPartOf":{"@id":"https:\/\/wpt-nnoh.178-32-139-209.plesk.page\/it\/#website"},"primaryImageOfPage":{"@id":"https:\/\/wpt-nnoh.178-32-139-209.plesk.page\/it\/supporto\/attivazione\/#primaryimage"},"image":{"@id":"https:\/\/wpt-nnoh.178-32-139-209.plesk.page\/it\/supporto\/attivazione\/#primaryimage"},"thumbnailUrl":"https:\/\/wpt-nnoh.178-32-139-209.plesk.page\/wp-content\/uploads\/dartwin_HK_S.png","datePublished":"2011-05-28T10:51:25+00:00","dateModified":"2025-12-19T09:22:43+00:00","breadcrumb":{"@id":"https:\/\/wpt-nnoh.178-32-139-209.plesk.page\/it\/supporto\/attivazione\/#breadcrumb"},"inLanguage":"it-IT","potentialAction":[{"@type":"ReadAction","target":["https:\/\/wpt-nnoh.178-32-139-209.plesk.page\/it\/supporto\/attivazione\/"]}]},{"@type":"ImageObject","inLanguage":"it-IT","@id":"https:\/\/wpt-nnoh.178-32-139-209.plesk.page\/it\/supporto\/attivazione\/#primaryimage","url":"https:\/\/wpt-nnoh.178-32-139-209.plesk.page\/wp-content\/uploads\/dartwin_HK_S.png","contentUrl":"https:\/\/wpt-nnoh.178-32-139-209.plesk.page\/wp-content\/uploads\/dartwin_HK_S.png"},{"@type":"BreadcrumbList","@id":"https:\/\/wpt-nnoh.178-32-139-209.plesk.page\/it\/supporto\/attivazione\/#breadcrumb","itemListElement":[{"@type":"ListItem","position":1,"name":"Home","item":"https:\/\/wpt-nnoh.178-32-139-209.plesk.page\/it\/"},{"@type":"ListItem","position":2,"name":"Supporto","item":"https:\/\/wpt-nnoh.178-32-139-209.plesk.page\/it\/supporto\/"},{"@type":"ListItem","position":3,"name":"attivazione"}]},{"@type":"WebSite","@id":"https:\/\/wpt-nnoh.178-32-139-209.plesk.page\/it\/#website","url":"https:\/\/wpt-nnoh.178-32-139-209.plesk.page\/it\/","name":"Dartwin","description":"analisi termiche agli elementi finiti","publisher":{"@id":"https:\/\/wpt-nnoh.178-32-139-209.plesk.page\/it\/#organization"},"potentialAction":[{"@type":"SearchAction","target":{"@type":"EntryPoint","urlTemplate":"https:\/\/wpt-nnoh.178-32-139-209.plesk.page\/it\/?s={search_term_string}"},"query-input":{"@type":"PropertyValueSpecification","valueRequired":true,"valueName":"search_term_string"}}],"inLanguage":"it-IT"},{"@type":"Organization","@id":"https:\/\/wpt-nnoh.178-32-139-209.plesk.page\/it\/#organization","name":"Dartwin SRL","url":"https:\/\/wpt-nnoh.178-32-139-209.plesk.page\/it\/","logo":{"@type":"ImageObject","inLanguage":"it-IT","@id":"https:\/\/wpt-nnoh.178-32-139-209.plesk.page\/it\/#\/schema\/logo\/image\/","url":"https:\/\/wpt-nnoh.178-32-139-209.plesk.page\/wp-content\/uploads\/cropped-Logo-Dartwin-fem_180x48.jpg","contentUrl":"https:\/\/wpt-nnoh.178-32-139-209.plesk.page\/wp-content\/uploads\/cropped-Logo-Dartwin-fem_180x48.jpg","width":175,"height":48,"caption":"Dartwin SRL"},"image":{"@id":"https:\/\/wpt-nnoh.178-32-139-209.plesk.page\/it\/#\/schema\/logo\/image\/"}}]}},"_links":{"self":[{"href":"https:\/\/wpt-nnoh.178-32-139-209.plesk.page\/it\/wp-json\/wp\/v2\/pages\/46","targetHints":{"allow":["GET"]}}],"collection":[{"href":"https:\/\/wpt-nnoh.178-32-139-209.plesk.page\/it\/wp-json\/wp\/v2\/pages"}],"about":[{"href":"https:\/\/wpt-nnoh.178-32-139-209.plesk.page\/it\/wp-json\/wp\/v2\/types\/page"}],"author":[{"embeddable":true,"href":"https:\/\/wpt-nnoh.178-32-139-209.plesk.page\/it\/wp-json\/wp\/v2\/users\/192"}],"replies":[{"embeddable":true,"href":"https:\/\/wpt-nnoh.178-32-139-209.plesk.page\/it\/wp-json\/wp\/v2\/comments?post=46"}],"version-history":[{"count":1,"href":"https:\/\/wpt-nnoh.178-32-139-209.plesk.page\/it\/wp-json\/wp\/v2\/pages\/46\/revisions"}],"predecessor-version":[{"id":64569,"href":"https:\/\/wpt-nnoh.178-32-139-209.plesk.page\/it\/wp-json\/wp\/v2\/pages\/46\/revisions\/64569"}],"up":[{"embeddable":true,"href":"https:\/\/wpt-nnoh.178-32-139-209.plesk.page\/it\/wp-json\/wp\/v2\/pages\/44"}],"wp:attachment":[{"href":"https:\/\/wpt-nnoh.178-32-139-209.plesk.page\/it\/wp-json\/wp\/v2\/media?parent=46"}],"curies":[{"name":"wp","href":"https:\/\/api.w.org\/{rel}","templated":true}]}}