{"id":36561,"date":"2019-09-16T18:07:19","date_gmt":"2019-09-16T16:07:19","guid":{"rendered":"https:\/\/www.dartwin.it\/?page_id=36561"},"modified":"2019-09-25T16:59:49","modified_gmt":"2019-09-25T14:59:49","slug":"nuova-versione-5-cosa-cambia","status":"publish","type":"page","link":"https:\/\/wpt-nnoh.178-32-139-209.plesk.page\/it\/nuova-versione-5-cosa-cambia\/","title":{"rendered":"Nuova versione 5"},"content":{"rendered":"<div class=\"wpb-content-wrapper\"><p>[vc_row full_width=&#8221;stretch_row_content&#8221; bg_type=&#8221;bg_color&#8221; css=&#8221;.vc_custom_1569422951961{margin-bottom: 150px !important;padding-top: 100px !important;background-color: #898989 !important;}&#8221;][vc_column][vc_custom_heading text=&#8221;Mold Simulator 5 &#8211; Frame Simulator 5&#8243; font_container=&#8221;tag:h1|font_size:70px|text_align:center|color:%23ffffff&#8221; use_theme_fonts=&#8221;yes&#8221;][vc_row_inner][vc_column_inner][\/vc_column_inner][\/vc_row_inner][\/vc_column][\/vc_row][vc_row css=&#8221;.vc_custom_1568645886487{margin-bottom: 100px !important;}&#8221;][vc_column width=&#8221;1\/4&#8243;][vc_single_image image=&#8221;36564&#8243; img_size=&#8221;medium&#8221;][\/vc_column][vc_column width=&#8221;3\/4&#8243;][vc_column_text]<\/p>\n<h2 style=\"text-align: center;\">calcoli ancora pi\u00f9 precisi, ancora pi\u00f9 veloci<\/h2>\n<h3 style=\"text-align: center;\">un nuovo algoritmo di simulazione per un livello di precisione pi\u00f9 elevato e una rapida convergenza al risultato finale<\/h3>\n<p>[\/vc_column_text][\/vc_column][\/vc_row][vc_row css=&#8221;.vc_custom_1568645955974{margin-bottom: 100px !important;}&#8221;][vc_column width=&#8221;1\/4&#8243;][vc_single_image image=&#8221;36579&#8243; img_size=&#8221;medium&#8221;][\/vc_column][vc_column width=&#8221;3\/4&#8243;][vc_column_text]<\/p>\n<h2 style=\"text-align: center;\">resa grafica perfetta di ogni dettaglio<\/h2>\n<h3 style=\"text-align: center;\">i programmi sono compatibili con gli schermi ad alta definizione 4K.\u00a0 Immagini chiare e dettagliate anche dei minimi particolari<\/h3>\n<p>[\/vc_column_text][\/vc_column][\/vc_row][vc_row css=&#8221;.vc_custom_1568646646824{margin-bottom: 100px !important;}&#8221;][vc_column width=&#8221;1\/2&#8243;][vc_single_image image=&#8221;36582&#8243; img_size=&#8221;full&#8221;][\/vc_column][vc_column width=&#8221;1\/2&#8243;][vc_column_text]<\/p>\n<h2 style=\"text-align: center;\">interfaccia rinnovata<\/h2>\n<h3 style=\"text-align: center;\">molto pi\u00f9 rapida nella risposta ai comandi<\/h3>\n<h3 style=\"text-align: center;\">tre modalit\u00e0 colore: chiaro, grigio e scuro<\/h3>\n<h3 style=\"text-align: center;\">dimensione carattere adattabile al monitor<\/h3>\n<p>[\/vc_column_text][\/vc_column][\/vc_row][vc_row css=&#8221;.vc_custom_1568648037774{margin-bottom: 100px !important;}&#8221;][vc_column width=&#8221;1\/2&#8243;][vc_single_image image=&#8221;36596&#8243; img_size=&#8221;full&#8221;][\/vc_column][vc_column width=&#8221;1\/2&#8243; css=&#8221;.vc_custom_1568647072238{margin-bottom: 100px !important;}&#8221;][vc_column_text]<\/p>\n<h2 style=\"text-align: center;\">calcolo con elementi interni riscaldanti e radianti<\/h2>\n<h3 style=\"text-align: center;\">possibilit\u00e0 di inserire all\u2019interno del modello linee (2D) o superfici (3D) con generazione di calore<\/h3>\n<h3 style=\"text-align: center;\">calcolo di superfici radianti e shadow box<\/h3>\n<p>[\/vc_column_text][\/vc_column][\/vc_row][vc_row css=&#8221;.vc_custom_1568648037774{margin-bottom: 100px !important;}&#8221;][vc_column width=&#8221;1\/2&#8243;][vc_single_image image=&#8221;36604&#8243; img_size=&#8221;full&#8221;][\/vc_column][vc_column width=&#8221;1\/2&#8243; css=&#8221;.vc_custom_1568647072238{margin-bottom: 100px !important;}&#8221;][vc_column_text]<\/p>\n<h2 style=\"text-align: center;\">nuova libreria di reports predefiniti<\/h2>\n<h3 style=\"text-align: center;\">ampliata la gamma di report predefiniti<\/h3>\n<h3 style=\"text-align: center;\">nuove funzionalit\u00e0 in editing etichette<\/h3>\n<h3 style=\"text-align: center;\">aumentata la definizione di stampa dei report predefiniti (300dpi\u00a0 invece di 192dpi)<\/h3>\n<p>[\/vc_column_text][\/vc_column][\/vc_row][vc_row][vc_column][vc_btn title=&#8221;fai l&#8217;upgrade alla nuova versione 5&#8243; color=&#8221;warning&#8221; size=&#8221;lg&#8221; align=&#8221;center&#8221; css_animation=&#8221;bounceIn&#8221; button_block=&#8221;true&#8221; link=&#8221;url:https%3A%2F%2Fwpt-nnoh.178-32-139-209.plesk.page%2Fit%2Fcategoria-prodotto%2Fupgrade-it%2F|title:upgrade%20alla%20versione%205|target:%20_blank|&#8221;][\/vc_column][\/vc_row][vc_row full_width=&#8221;stretch_row_content&#8221; content_placement=&#8221;middle&#8221; css=&#8221;.vc_custom_1569423155221{margin-bottom: 0px !important;background-color: #184399 !important;}&#8221;][vc_column][vc_custom_heading text=&#8221;nuove funzionalit\u00e0 in Mold Simulator 5&#8243; font_container=&#8221;tag:h1|font_size:70px|text_align:center|color:%23ffffff&#8221; use_theme_fonts=&#8221;yes&#8221;][vc_row_inner][vc_column_inner][\/vc_column_inner][\/vc_row_inner][\/vc_column][\/vc_row][vc_row css=&#8221;.vc_custom_1568650102942{margin-bottom: 0px !important;}&#8221;][vc_column css=&#8221;.vc_custom_1568647072238{margin-bottom: 100px !important;}&#8221;][vc_column_text]<\/p>\n<h2 style=\"text-align: center;\">nuovo Bridge Generator integrato<\/h2>\n<h3 style=\"text-align: center;\">nuovo generatore parametrico di ponti termici fornito standard con Mold Simulator (non \u00e8 pi\u00f9 necessario un plugin)<\/h3>\n<h3 style=\"text-align: center;\">libreria di di templates preimpostati con diverse tipologie e varianti costruttive<\/h3>\n<h3 style=\"text-align: center;\">l&#8217;utente pu\u00f2 salvare nella libreria i propri templates<\/h3>\n<h3 style=\"text-align: center;\">consente il collegamento con EC700 Edilclima<\/h3>\n<p>[\/vc_column_text][\/vc_column][\/vc_row][vc_row css=&#8221;.vc_custom_1568648037774{margin-bottom: 100px !important;}&#8221;][vc_column width=&#8221;1\/3&#8243;][vc_single_image image=&#8221;36607&#8243; img_size=&#8221;full&#8221;][\/vc_column][vc_column width=&#8221;1\/3&#8243;][vc_single_image image=&#8221;36611&#8243; img_size=&#8221;full&#8221;][\/vc_column][vc_column width=&#8221;1\/3&#8243;][vc_single_image image=&#8221;36609&#8243; img_size=&#8221;full&#8221;][\/vc_column][\/vc_row][vc_row css=&#8221;.vc_custom_1568650102942{margin-bottom: 0px !important;}&#8221;][vc_column css=&#8221;.vc_custom_1568647072238{margin-bottom: 100px !important;}&#8221;][vc_column_text]<\/p>\n<h2 style=\"text-align: center;\">importazione di file 3D<\/h2>\n<h3 style=\"text-align: center;\">in Mold 3D \u00e8 ora possibile importare modelli tridimensionali da altri programmi<\/h3>\n<h3 style=\"text-align: center;\">formati di importazione:\u00a0 .ase .blend .bvh .dae .dxf .fbx .ifc .lwo .lws .lxo .ms3d .nff .obj\u00a0 .off .ply .stl .x<\/h3>\n<h3 style=\"text-align: center;\">nuovi algoritmi di importazione e controllo del mesh e strumenti di correzione del modello<\/h3>\n<p>[\/vc_column_text][\/vc_column][\/vc_row][vc_row css=&#8221;.vc_custom_1568648037774{margin-bottom: 100px !important;}&#8221;][vc_column width=&#8221;1\/2&#8243;][vc_single_image image=&#8221;36615&#8243; img_size=&#8221;full&#8221;][\/vc_column][vc_column width=&#8221;1\/2&#8243;][vc_single_image image=&#8221;36613&#8243; img_size=&#8221;full&#8221;][\/vc_column][\/vc_row][vc_row css=&#8221;.vc_custom_1568650102942{margin-bottom: 0px !important;}&#8221;][vc_column css=&#8221;.vc_custom_1568647072238{margin-bottom: 100px !important;}&#8221;][vc_column_text]<\/p>\n<h2 style=\"text-align: center;\">altre nuove funzionalit\u00e0 in Mold Simulator 5 :<\/h2>\n<h3 style=\"text-align: center;\">possibilit\u00e0 di calcolo dell\u2019umidit\u00e0 interna secondo ISO13788 NA 1.3<\/h3>\n<h3 style=\"text-align: center;\">valore della quantit\u00e0 condensa interstiziale ammissibile in Glaser<\/h3>\n<h3 style=\"text-align: center;\">calcolo automatico delle temperature terreno e tetto secondo ISO13788 in base alla localit\u00e0 climatica impostata<\/h3>\n<h3 style=\"text-align: center;\">possibilit\u00e0 di definire una localit\u00e0 climatica di default<\/h3>\n<h3 style=\"text-align: center;\">nuova impostazione Rsi ISO6946 semplificato per calcolo automatico con Rsi convenzionali<\/h3>\n<p>[\/vc_column_text][\/vc_column][\/vc_row][vc_row full_width=&#8221;stretch_row_content&#8221; bg_type=&#8221;bg_color&#8221; css=&#8221;.vc_custom_1569423283553{margin-bottom: 0px !important;}&#8221; bg_color_value=&#8221;#298742&#8243;][vc_column][vc_custom_heading text=&#8221;nuove funzionalit\u00e0 in Frame Simulator 5&#8243; font_container=&#8221;tag:h1|font_size:70px|text_align:center|color:%23ffffff&#8221; use_theme_fonts=&#8221;yes&#8221;][vc_row_inner][vc_column_inner][\/vc_column_inner][\/vc_row_inner][\/vc_column][\/vc_row][vc_row css=&#8221;.vc_custom_1568650102942{margin-bottom: 0px !important;}&#8221;][vc_column css=&#8221;.vc_custom_1568647072238{margin-bottom: 100px !important;}&#8221;][vc_column_text]<\/p>\n<h3 style=\"text-align: center;\">perfezionato algoritmo di rilevamento resistenza superficiale maggiorata (Frame Simulator)<\/h3>\n<h3 style=\"text-align: center;\">nuova interfaccia grafica (Frame Composer)<\/h3>\n<h3 style=\"text-align: center;\">nuovo sistema di report (Frame Composer)<\/h3>\n<h3 style=\"text-align: center;\">textures nei materiali (Frame Composer)<\/h3>\n<h3 style=\"text-align: center;\">verifica dei limiti di Uw di legge in base alla zona climatica (Frame Composer)<\/h3>\n<p>[\/vc_column_text][\/vc_column][\/vc_row][vc_row][vc_column][vc_btn title=&#8221;fai l&#8217;upgrade alla nuova versione 5&#8243; color=&#8221;warning&#8221; size=&#8221;lg&#8221; align=&#8221;center&#8221; css_animation=&#8221;bounceIn&#8221; button_block=&#8221;true&#8221; link=&#8221;url:https%3A%2F%2Fwpt-nnoh.178-32-139-209.plesk.page%2Fit%2Fcategoria-prodotto%2Fupgrade-it%2F|title:upgrade%20alla%20versione%205|target:%20_blank|&#8221;][\/vc_column][\/vc_row]<\/p>\n<\/div>","protected":false},"excerpt":{"rendered":"<p>[vc_row full_width=&#8221;stretch_row_content&#8221; bg_type=&#8221;bg_color&#8221; css=&#8221;.vc_custom_1569422951961{margin-bottom: 150px !important;padding-top: 100px !important;background-color: #898989 !important;}&#8221;][vc_column][vc_custom_heading text=&#8221;Mold Simulator 5 &#8211; Frame Simulator 5&#8243; font_container=&#8221;tag:h1|font_size:70px|text_align:center|color:%23ffffff&#8221; use_theme_fonts=&#8221;yes&#8221;][vc_row_inner][vc_column_inner][\/vc_column_inner][\/vc_row_inner][\/vc_column][\/vc_row][vc_row css=&#8221;.vc_custom_1568645886487{margin-bottom: 100px !important;}&#8221;][vc_column width=&#8221;1\/4&#8243;][vc_single_image image=&#8221;36564&#8243; img_size=&#8221;medium&#8221;][\/vc_column][vc_column width=&#8221;3\/4&#8243;][vc_column_text] calcoli ancora pi\u00f9 precisi, ancora pi\u00f9 veloci un nuovo algoritmo di simulazione per un livello di precisione pi\u00f9 elevato e una rapida convergenza al risultato finale [\/vc_column_text][\/vc_column][\/vc_row][vc_row css=&#8221;.vc_custom_1568645955974{margin-bottom: 100px [&hellip;]<\/p>\n","protected":false},"author":192,"featured_media":0,"parent":0,"menu_order":0,"comment_status":"closed","ping_status":"closed","template":"","meta":{"ocean_post_layout":"","ocean_both_sidebars_style":"","ocean_both_sidebars_content_width":0,"ocean_both_sidebars_sidebars_width":0,"ocean_sidebar":"","ocean_second_sidebar":"","ocean_disable_margins":"enable","ocean_add_body_class":"","ocean_shortcode_before_top_bar":"","ocean_shortcode_after_top_bar":"","ocean_shortcode_before_header":"","ocean_shortcode_after_header":"","ocean_has_shortcode":"","ocean_shortcode_after_title":"","ocean_shortcode_before_footer_widgets":"","ocean_shortcode_after_footer_widgets":"","ocean_shortcode_before_footer_bottom":"","ocean_shortcode_after_footer_bottom":"","ocean_display_top_bar":"default","ocean_display_header":"default","ocean_header_style":"","ocean_center_header_left_menu":"","ocean_custom_header_template":"","ocean_custom_logo":0,"ocean_custom_retina_logo":0,"ocean_custom_logo_max_width":0,"ocean_custom_logo_tablet_max_width":0,"ocean_custom_logo_mobile_max_width":0,"ocean_custom_logo_max_height":0,"ocean_custom_logo_tablet_max_height":0,"ocean_custom_logo_mobile_max_height":0,"ocean_header_custom_menu":"","ocean_menu_typo_font_family":"","ocean_menu_typo_font_subset":"","ocean_menu_typo_font_size":0,"ocean_menu_typo_font_size_tablet":0,"ocean_menu_typo_font_size_mobile":0,"ocean_menu_typo_font_size_unit":"px","ocean_menu_typo_font_weight":"","ocean_menu_typo_font_weight_tablet":"","ocean_menu_typo_font_weight_mobile":"","ocean_menu_typo_transform":"","ocean_menu_typo_transform_tablet":"","ocean_menu_typo_transform_mobile":"","ocean_menu_typo_line_height":0,"ocean_menu_typo_line_height_tablet":0,"ocean_menu_typo_line_height_mobile":0,"ocean_menu_typo_line_height_unit":"","ocean_menu_typo_spacing":0,"ocean_menu_typo_spacing_tablet":0,"ocean_menu_typo_spacing_mobile":0,"ocean_menu_typo_spacing_unit":"","ocean_menu_link_color":"","ocean_menu_link_color_hover":"","ocean_menu_link_color_active":"","ocean_menu_link_background":"","ocean_menu_link_hover_background":"","ocean_menu_link_active_background":"","ocean_menu_social_links_bg":"","ocean_menu_social_hover_links_bg":"","ocean_menu_social_links_color":"","ocean_menu_social_hover_links_color":"","ocean_disable_title":"default","ocean_disable_heading":"default","ocean_post_title":"","ocean_post_subheading":"","ocean_post_title_style":"","ocean_post_title_background_color":"","ocean_post_title_background":0,"ocean_post_title_bg_image_position":"","ocean_post_title_bg_image_attachment":"","ocean_post_title_bg_image_repeat":"","ocean_post_title_bg_image_size":"","ocean_post_title_height":0,"ocean_post_title_bg_overlay":0.5,"ocean_post_title_bg_overlay_color":"","ocean_disable_breadcrumbs":"default","ocean_breadcrumbs_color":"","ocean_breadcrumbs_separator_color":"","ocean_breadcrumbs_links_color":"","ocean_breadcrumbs_links_hover_color":"","ocean_display_footer_widgets":"default","ocean_display_footer_bottom":"default","ocean_custom_footer_template":"","footnotes":""},"class_list":["post-36561","page","type-page","status-publish","hentry","entry","owp-thumbs-layout-horizontal","owp-btn-very-big","owp-tabs-layout-vertical","has-no-thumbnails"],"yoast_head":"<!-- This site is optimized with the Yoast SEO plugin v26.9 - https:\/\/yoast.com\/product\/yoast-seo-wordpress\/ -->\n<title>Nuova versione 5 - Dartwin<\/title>\n<meta name=\"robots\" content=\"noindex, follow, max-snippet:-1, max-image-preview:large, max-video-preview:-1\" \/>\n<meta property=\"og:locale\" content=\"it_IT\" \/>\n<meta property=\"og:type\" content=\"article\" \/>\n<meta property=\"og:title\" content=\"Nuova versione 5 - Dartwin\" \/>\n<meta property=\"og:description\" content=\"[vc_row full_width=&#8221;stretch_row_content&#8221; bg_type=&#8221;bg_color&#8221; css=&#8221;.vc_custom_1569422951961{margin-bottom: 150px !important;padding-top: 100px !important;background-color: #898989 !important;}&#8221;][vc_column][vc_custom_heading text=&#8221;Mold Simulator 5 &#8211; Frame Simulator 5&#8243; font_container=&#8221;tag:h1|font_size:70px|text_align:center|color:%23ffffff&#8221; use_theme_fonts=&#8221;yes&#8221;][vc_row_inner][vc_column_inner][\/vc_column_inner][\/vc_row_inner][\/vc_column][\/vc_row][vc_row css=&#8221;.vc_custom_1568645886487{margin-bottom: 100px !important;}&#8221;][vc_column width=&#8221;1\/4&#8243;][vc_single_image image=&#8221;36564&#8243; img_size=&#8221;medium&#8221;][\/vc_column][vc_column width=&#8221;3\/4&#8243;][vc_column_text] calcoli ancora pi\u00f9 precisi, ancora pi\u00f9 veloci un nuovo algoritmo di simulazione per un livello di precisione pi\u00f9 elevato e una rapida convergenza al risultato finale [\/vc_column_text][\/vc_column][\/vc_row][vc_row css=&#8221;.vc_custom_1568645955974{margin-bottom: 100px [&hellip;]\" \/>\n<meta property=\"og:url\" content=\"https:\/\/wpt-nnoh.178-32-139-209.plesk.page\/it\/nuova-versione-5-cosa-cambia\/\" \/>\n<meta property=\"og:site_name\" content=\"Dartwin\" \/>\n<meta property=\"article:modified_time\" content=\"2019-09-25T14:59:49+00:00\" \/>\n<meta name=\"twitter:label1\" content=\"Tempo di lettura stimato\" \/>\n\t<meta name=\"twitter:data1\" content=\"5 minuti\" \/>\n<script type=\"application\/ld+json\" class=\"yoast-schema-graph\">{\"@context\":\"https:\/\/schema.org\",\"@graph\":[{\"@type\":\"WebPage\",\"@id\":\"https:\/\/wpt-nnoh.178-32-139-209.plesk.page\/it\/nuova-versione-5-cosa-cambia\/\",\"url\":\"https:\/\/wpt-nnoh.178-32-139-209.plesk.page\/it\/nuova-versione-5-cosa-cambia\/\",\"name\":\"Nuova versione 5 - Dartwin\",\"isPartOf\":{\"@id\":\"https:\/\/wpt-nnoh.178-32-139-209.plesk.page\/it\/#website\"},\"datePublished\":\"2019-09-16T16:07:19+00:00\",\"dateModified\":\"2019-09-25T14:59:49+00:00\",\"breadcrumb\":{\"@id\":\"https:\/\/wpt-nnoh.178-32-139-209.plesk.page\/it\/nuova-versione-5-cosa-cambia\/#breadcrumb\"},\"inLanguage\":\"it-IT\",\"potentialAction\":[{\"@type\":\"ReadAction\",\"target\":[\"https:\/\/wpt-nnoh.178-32-139-209.plesk.page\/it\/nuova-versione-5-cosa-cambia\/\"]}]},{\"@type\":\"BreadcrumbList\",\"@id\":\"https:\/\/wpt-nnoh.178-32-139-209.plesk.page\/it\/nuova-versione-5-cosa-cambia\/#breadcrumb\",\"itemListElement\":[{\"@type\":\"ListItem\",\"position\":1,\"name\":\"Home\",\"item\":\"https:\/\/wpt-nnoh.178-32-139-209.plesk.page\/it\/\"},{\"@type\":\"ListItem\",\"position\":2,\"name\":\"Nuova versione 5\"}]},{\"@type\":\"WebSite\",\"@id\":\"https:\/\/wpt-nnoh.178-32-139-209.plesk.page\/it\/#website\",\"url\":\"https:\/\/wpt-nnoh.178-32-139-209.plesk.page\/it\/\",\"name\":\"Dartwin\",\"description\":\"analisi termiche agli elementi finiti\",\"publisher\":{\"@id\":\"https:\/\/wpt-nnoh.178-32-139-209.plesk.page\/it\/#organization\"},\"potentialAction\":[{\"@type\":\"SearchAction\",\"target\":{\"@type\":\"EntryPoint\",\"urlTemplate\":\"https:\/\/wpt-nnoh.178-32-139-209.plesk.page\/it\/?s={search_term_string}\"},\"query-input\":{\"@type\":\"PropertyValueSpecification\",\"valueRequired\":true,\"valueName\":\"search_term_string\"}}],\"inLanguage\":\"it-IT\"},{\"@type\":\"Organization\",\"@id\":\"https:\/\/wpt-nnoh.178-32-139-209.plesk.page\/it\/#organization\",\"name\":\"Dartwin SRL\",\"url\":\"https:\/\/wpt-nnoh.178-32-139-209.plesk.page\/it\/\",\"logo\":{\"@type\":\"ImageObject\",\"inLanguage\":\"it-IT\",\"@id\":\"https:\/\/wpt-nnoh.178-32-139-209.plesk.page\/it\/#\/schema\/logo\/image\/\",\"url\":\"https:\/\/wpt-nnoh.178-32-139-209.plesk.page\/wp-content\/uploads\/cropped-Logo-Dartwin-fem_180x48.jpg\",\"contentUrl\":\"https:\/\/wpt-nnoh.178-32-139-209.plesk.page\/wp-content\/uploads\/cropped-Logo-Dartwin-fem_180x48.jpg\",\"width\":175,\"height\":48,\"caption\":\"Dartwin SRL\"},\"image\":{\"@id\":\"https:\/\/wpt-nnoh.178-32-139-209.plesk.page\/it\/#\/schema\/logo\/image\/\"}}]}<\/script>\n<!-- \/ Yoast SEO plugin. -->","yoast_head_json":{"title":"Nuova versione 5 - Dartwin","robots":{"index":"noindex","follow":"follow","max-snippet":"max-snippet:-1","max-image-preview":"max-image-preview:large","max-video-preview":"max-video-preview:-1"},"og_locale":"it_IT","og_type":"article","og_title":"Nuova versione 5 - Dartwin","og_description":"[vc_row full_width=&#8221;stretch_row_content&#8221; bg_type=&#8221;bg_color&#8221; css=&#8221;.vc_custom_1569422951961{margin-bottom: 150px !important;padding-top: 100px !important;background-color: #898989 !important;}&#8221;][vc_column][vc_custom_heading text=&#8221;Mold Simulator 5 &#8211; Frame Simulator 5&#8243; font_container=&#8221;tag:h1|font_size:70px|text_align:center|color:%23ffffff&#8221; use_theme_fonts=&#8221;yes&#8221;][vc_row_inner][vc_column_inner][\/vc_column_inner][\/vc_row_inner][\/vc_column][\/vc_row][vc_row css=&#8221;.vc_custom_1568645886487{margin-bottom: 100px !important;}&#8221;][vc_column width=&#8221;1\/4&#8243;][vc_single_image image=&#8221;36564&#8243; img_size=&#8221;medium&#8221;][\/vc_column][vc_column width=&#8221;3\/4&#8243;][vc_column_text] calcoli ancora pi\u00f9 precisi, ancora pi\u00f9 veloci un nuovo algoritmo di simulazione per un livello di precisione pi\u00f9 elevato e una rapida convergenza al risultato finale [\/vc_column_text][\/vc_column][\/vc_row][vc_row css=&#8221;.vc_custom_1568645955974{margin-bottom: 100px [&hellip;]","og_url":"https:\/\/wpt-nnoh.178-32-139-209.plesk.page\/it\/nuova-versione-5-cosa-cambia\/","og_site_name":"Dartwin","article_modified_time":"2019-09-25T14:59:49+00:00","twitter_misc":{"Tempo di lettura stimato":"5 minuti"},"schema":{"@context":"https:\/\/schema.org","@graph":[{"@type":"WebPage","@id":"https:\/\/wpt-nnoh.178-32-139-209.plesk.page\/it\/nuova-versione-5-cosa-cambia\/","url":"https:\/\/wpt-nnoh.178-32-139-209.plesk.page\/it\/nuova-versione-5-cosa-cambia\/","name":"Nuova versione 5 - Dartwin","isPartOf":{"@id":"https:\/\/wpt-nnoh.178-32-139-209.plesk.page\/it\/#website"},"datePublished":"2019-09-16T16:07:19+00:00","dateModified":"2019-09-25T14:59:49+00:00","breadcrumb":{"@id":"https:\/\/wpt-nnoh.178-32-139-209.plesk.page\/it\/nuova-versione-5-cosa-cambia\/#breadcrumb"},"inLanguage":"it-IT","potentialAction":[{"@type":"ReadAction","target":["https:\/\/wpt-nnoh.178-32-139-209.plesk.page\/it\/nuova-versione-5-cosa-cambia\/"]}]},{"@type":"BreadcrumbList","@id":"https:\/\/wpt-nnoh.178-32-139-209.plesk.page\/it\/nuova-versione-5-cosa-cambia\/#breadcrumb","itemListElement":[{"@type":"ListItem","position":1,"name":"Home","item":"https:\/\/wpt-nnoh.178-32-139-209.plesk.page\/it\/"},{"@type":"ListItem","position":2,"name":"Nuova versione 5"}]},{"@type":"WebSite","@id":"https:\/\/wpt-nnoh.178-32-139-209.plesk.page\/it\/#website","url":"https:\/\/wpt-nnoh.178-32-139-209.plesk.page\/it\/","name":"Dartwin","description":"analisi termiche agli elementi finiti","publisher":{"@id":"https:\/\/wpt-nnoh.178-32-139-209.plesk.page\/it\/#organization"},"potentialAction":[{"@type":"SearchAction","target":{"@type":"EntryPoint","urlTemplate":"https:\/\/wpt-nnoh.178-32-139-209.plesk.page\/it\/?s={search_term_string}"},"query-input":{"@type":"PropertyValueSpecification","valueRequired":true,"valueName":"search_term_string"}}],"inLanguage":"it-IT"},{"@type":"Organization","@id":"https:\/\/wpt-nnoh.178-32-139-209.plesk.page\/it\/#organization","name":"Dartwin SRL","url":"https:\/\/wpt-nnoh.178-32-139-209.plesk.page\/it\/","logo":{"@type":"ImageObject","inLanguage":"it-IT","@id":"https:\/\/wpt-nnoh.178-32-139-209.plesk.page\/it\/#\/schema\/logo\/image\/","url":"https:\/\/wpt-nnoh.178-32-139-209.plesk.page\/wp-content\/uploads\/cropped-Logo-Dartwin-fem_180x48.jpg","contentUrl":"https:\/\/wpt-nnoh.178-32-139-209.plesk.page\/wp-content\/uploads\/cropped-Logo-Dartwin-fem_180x48.jpg","width":175,"height":48,"caption":"Dartwin SRL"},"image":{"@id":"https:\/\/wpt-nnoh.178-32-139-209.plesk.page\/it\/#\/schema\/logo\/image\/"}}]}},"_links":{"self":[{"href":"https:\/\/wpt-nnoh.178-32-139-209.plesk.page\/it\/wp-json\/wp\/v2\/pages\/36561","targetHints":{"allow":["GET"]}}],"collection":[{"href":"https:\/\/wpt-nnoh.178-32-139-209.plesk.page\/it\/wp-json\/wp\/v2\/pages"}],"about":[{"href":"https:\/\/wpt-nnoh.178-32-139-209.plesk.page\/it\/wp-json\/wp\/v2\/types\/page"}],"author":[{"embeddable":true,"href":"https:\/\/wpt-nnoh.178-32-139-209.plesk.page\/it\/wp-json\/wp\/v2\/users\/192"}],"replies":[{"embeddable":true,"href":"https:\/\/wpt-nnoh.178-32-139-209.plesk.page\/it\/wp-json\/wp\/v2\/comments?post=36561"}],"version-history":[{"count":0,"href":"https:\/\/wpt-nnoh.178-32-139-209.plesk.page\/it\/wp-json\/wp\/v2\/pages\/36561\/revisions"}],"wp:attachment":[{"href":"https:\/\/wpt-nnoh.178-32-139-209.plesk.page\/it\/wp-json\/wp\/v2\/media?parent=36561"}],"curies":[{"name":"wp","href":"https:\/\/api.w.org\/{rel}","templated":true}]}}