{"id":11493,"date":"2017-01-06T16:47:10","date_gmt":"2017-01-06T15:47:10","guid":{"rendered":"http:\/\/www.dartwin.it\/?page_id=11493\/"},"modified":"2017-01-08T18:10:45","modified_gmt":"2017-01-08T17:10:45","slug":"upgrade4clienti","status":"publish","type":"page","link":"https:\/\/wpt-nnoh.178-32-139-209.plesk.page\/it\/upgrade4clienti\/","title":{"rendered":"Upgrade Speciale alle versioni 4"},"content":{"rendered":"<div class=\"wpb-content-wrapper\"><p>[vc_row css=&#8221;.vc_custom_1482140149775{padding-top: 30px !important;padding-bottom: 0px !important;}&#8221;][vc_column][vc_column_text]<\/p>\n<h1 style=\"text-align: center;\">Oggi Mold Simulator<\/h1>\n<h1 style=\"text-align: center;\">ha almeno 3 motivi in pi\u00f9 per piacerti<\/h1>\n<p>[\/vc_column_text][\/vc_column][\/vc_row][vc_row parallax_content=&#8221;parallax_content_value&#8221;][vc_column][vc_column_text]<\/p>\n<h2 style=\"text-align: center;\">Guarda il video introduttivo<\/h2>\n<p style=\"text-align: center;\"><iframe loading=\"lazy\" id=\"embeddedSmartPlayerInstance\" class=\"tscplayer_inline\" src=\"\/wp-content\/video\/NuovoMold4\/Intro_player.html?embedIFrameId=embeddedSmartPlayerInstance\" width=\"1200\" height=\"656\" frameborder=\"0\" scrolling=\"no\" allowfullscreen=\"allowfullscreen\"><\/iframe><\/p>\n<p>[\/vc_column_text][\/vc_column][\/vc_row][vc_row full_width=&#8221;stretch_row_content&#8221; content_placement=&#8221;middle&#8221; bg_type=&#8221;bg_color&#8221; bg_color_value=&#8221;#e5e5e5&#8243;][vc_column][vc_column_text]<\/p>\n<h1 style=\"text-align: center;\">Passa subito alla 4<\/h1>\n<h3 style=\"text-align: center;\">Per te \u00a0un Buono Sconto del 30% su tutti i prezzi di Upgrade &#8211; valido fino al 18 gennaio 2017.<\/h3>\n<h3 style=\"text-align: center;\">Inserisci il codice il Codice Sconto \u00a0 \u00a0 <em>\u00a0<strong>from3to4!<\/strong>\u00a0<\/em> \u00a0 \u00a0 nel carrello, al momento dell&#8217;ordine.<\/h3>\n<h3 style=\"text-align: center;\">Il Buono Sconto vale anche per l&#8217;upgrade alle versioni 3D e Dynamic e per l&#8217;aggiunta di Frame Simulator.<\/h3>\n<p style=\"text-align: center;\">Il codice sconto indicato \u00e8 utilizzabile esclusivamente per effettuare l&#8217;upgrade di software dalla versione 3 alla versione 4 e si applica sulle opzioni riportate nella pagina &#8220;Upgrade alla versione 4&#8221;.<\/p>\n<p>[\/vc_column_text]<div class=\" ubtn-ctn-center \"><a class=\"ubtn-link ult-adjust-bottom-margin ubtn-center ubtn-block \" href=\"\/it\/prodotto\/upgradeaversione4\/\" title=\"Upgrade alla versione 4\" ><button type=\"button\" id=\"ubtn-6928\"  class=\"ubtn ult-adjust-bottom-margin ult-responsive ubtn-block ubtn-top-bg  ulta-pulse  ubtn-sep-icon ubtn-sep-icon-at-left  ubtn-center   tooltip-69d72183c73bf ubtn-block\"  data-hover=\"\" data-border-color=\"\" data-bg=\"#ff9741\" data-hover-bg=\"\" data-border-hover=\"\" data-shadow-hover=\"\" data-shadow-click=\"none\" data-shadow=\"\" data-shd-shadow=\"\"  data-ultimate-target='#ubtn-6928'  data-responsive-json-new='{\"font-size\":\"desktop:22px;\",\"line-height\":\"\"}'  style=\"font-weight:normal;border:none;background: #ff9741;color: #ffffff;\"><span class=\"ubtn-data ubtn-icon\"><i class=\"Defaults-shopping-cart\" style=\"font-size:32px;color:;\"><\/i><\/span><span class=\"ubtn-hover\" style=\"background-color:\"><\/span><span class=\"ubtn-data ubtn-text \" >clicca qui per fare l&#039;Upgrade<\/span><\/button><\/a><\/div>[\/vc_column][\/vc_row][vc_row parallax_content=&#8221;parallax_content_value&#8221;][vc_column][vc_column_text]<\/p>\n<h2 style=\"text-align: center;\">Vuoi saperne di pi\u00f9?<\/h2>\n<h2 style=\"text-align: center;\">Guarda questo video tutorial che spiega in dettaglio tutte le novit\u00e0 di Mold Simulator 4<\/h2>\n<p style=\"text-align: center;\"><iframe loading=\"lazy\" id=\"embeddedSmartPlayerInstance\" class=\"tscplayer_inline\" src=\"\/wp-content\/video\/Novita_di_Mold4\/Novita_di_Mold4_player.html?embedIFrameId=embeddedSmartPlayerInstance\" width=\"1200\" height=\"656\" frameborder=\"0\" scrolling=\"no\" allowfullscreen=\"allowfullscreen\"><\/iframe><\/p>\n<p>[\/vc_column_text][\/vc_column][\/vc_row][vc_row full_width=&#8221;stretch_row_content_no_spaces&#8221; bg_type=&#8221;bg_color&#8221; bg_color_value=&#8221;#e5e5e5&#8243;][vc_column][vc_column_text]<\/p>\n<h2 style=\"text-align: center;\">3 buoni motivi per passare subito alla versione 4<\/h2>\n<p>[\/vc_column_text][\/vc_column][\/vc_row][vc_row full_width=&#8221;stretch_row_content&#8221; equal_height=&#8221;yes&#8221; content_placement=&#8221;top&#8221; parallax=&#8221;content-moving&#8221; parallax_content=&#8221;parallax_content_value&#8221; css=&#8221;.vc_custom_1483776084695{margin-top: 50px !important;margin-bottom: 50px !important;border-top-width: 0px !important;}&#8221;][vc_column width=&#8221;2\/3&#8243; css=&#8221;.vc_custom_1483775258024{padding-left: 150px !important;}&#8221;][vc_single_image image=&#8221;11036&#8243; img_size=&#8221;full&#8221; alignment=&#8221;center&#8221;][\/vc_column][vc_column width=&#8221;1\/3&#8243;][vc_column_text]<\/p>\n<h1 style=\"text-align: center;\">Mold 4<\/h1>\n<h1 style=\"text-align: center;\">\u00e8 pi\u00f9 facile da usare<\/h1>\n<h2 style=\"text-align: center;\">una nuova interfaccia utente e l\u2019impiego di template preimpostati rendono il programma pi\u00f9 semplice e pi\u00f9 intuitivo<\/h2>\n<p>[\/vc_column_text][\/vc_column][\/vc_row][vc_row full_width=&#8221;stretch_row_content&#8221; equal_height=&#8221;yes&#8221; content_placement=&#8221;top&#8221; parallax=&#8221;content-moving&#8221; parallax_content=&#8221;parallax_content_value&#8221; css=&#8221;.vc_custom_1483776153741{margin-top: 50px !important;margin-bottom: 50px !important;border-top-width: 0px !important;}&#8221;][vc_column width=&#8221;2\/3&#8243; css=&#8221;.vc_custom_1483717547701{padding-left: 150px !important;}&#8221;][vc_single_image image=&#8221;11044&#8243; img_size=&#8221;full&#8221; alignment=&#8221;center&#8221;][\/vc_column][vc_column width=&#8221;1\/3&#8243;][vc_column_text]<\/p>\n<h1 style=\"text-align: center;\">Mold 4<\/h1>\n<h1 style=\"text-align: center;\">stampa i report come li vuoi tu<\/h1>\n<h2 style=\"text-align: center;\">con il nuovo sistema di generazione dei report e i modelli personalizzabili stampi relazioni dettagliate di grande impatto<\/h2>\n<p>[\/vc_column_text][\/vc_column][\/vc_row][vc_row full_width=&#8221;stretch_row_content&#8221; equal_height=&#8221;yes&#8221; content_placement=&#8221;top&#8221; parallax_content=&#8221;parallax_content_value&#8221; css=&#8221;.vc_custom_1483776177088{margin-top: 50px !important;margin-bottom: 50px !important;border-top-width: 0px !important;padding-top: 0px !important;}&#8221;][vc_column width=&#8221;2\/3&#8243; css=&#8221;.vc_custom_1483717569787{padding-left: 150px !important;}&#8221;][vc_single_image image=&#8221;11038&#8243; img_size=&#8221;full&#8221; alignment=&#8221;center&#8221;][\/vc_column][vc_column width=&#8221;1\/3&#8243;][vc_column_text]<\/p>\n<h1 style=\"text-align: center;\">Mold 4<\/h1>\n<h1 style=\"text-align: center;\">\u00e8 pi\u00f9 preciso e pi\u00f9 veloce<\/h1>\n<h2 style=\"text-align: center;\">nuove versioni a 64 bit e un nuovo algoritmo di calcolo consentono simulazioni estremamente accurate e pi\u00f9 veloci<\/h2>\n<p>[\/vc_column_text][\/vc_column][\/vc_row][vc_row full_width=&#8221;stretch_row_content&#8221; content_placement=&#8221;top&#8221; bg_type=&#8221;bg_color&#8221; bg_color_value=&#8221;#e5e5e5&#8243; css=&#8221;.vc_custom_1483775314296{margin-top: -50px !important;margin-bottom: -50px !important;}&#8221;][vc_column][vc_column_text]<\/p>\n<h1 style=\"text-align: center;\">Passa subito alla 4.<\/h1>\n<h3 style=\"text-align: center;\">Per te \u00a0un Buono Sconto del 30% su tutti i prezzi di Upgrade &#8211; valido fino al 18 gennaio 2017.<\/h3>\n<h3 style=\"text-align: center;\">Inserisci il codice il Codice Sconto \u00a0 \u00a0 <em>\u00a0<strong>from3to4!<\/strong>\u00a0<\/em> \u00a0 \u00a0 nel carrello, al momento dell&#8217;ordine.<\/h3>\n<h3 style=\"text-align: center;\">Il Buono Sconto vale anche per l&#8217;upgrade alle versioni 3D e Dynamic e per l&#8217;aggiunta di Frame Simulator.<\/h3>\n<p style=\"text-align: center;\">Questo codice sconto \u00e8 utilizzabile esclusivamente per effettuare l&#8217;upgrade di software dalla versione 3 alla versione 4 e si applica sulle opzioni riportate nella pagina &#8220;Upgrade alla versione 4&#8221;.<\/p>\n<p>[\/vc_column_text]<div class=\" ubtn-ctn-center \"><a class=\"ubtn-link ult-adjust-bottom-margin ubtn-center ubtn-large \" href=\"\/it\/prodotto\/upgradeaversione4\/\" title=\"Upgrade alla versione 4\" ><button type=\"button\" id=\"ubtn-8735\"  class=\"ubtn ult-adjust-bottom-margin ult-responsive ubtn-large ubtn-top-bg  ulta-pulse  ubtn-sep-icon ubtn-sep-icon-left-push  ubtn-center   tooltip-69d72183c7551\"  data-hover=\"\" data-border-color=\"\" data-bg=\"#ff9741\" data-hover-bg=\"\" data-border-hover=\"\" data-shadow-hover=\"\" data-shadow-click=\"none\" data-shadow=\"\" data-shd-shadow=\"\"  data-ultimate-target='#ubtn-8735'  data-responsive-json-new='{\"font-size\":\"desktop:22px;\",\"line-height\":\"\"}'  style=\"font-family:&#039;Alef&#039;;font-weight:bold;border:none;background: #ff9741;color: #ffffff;\"><span class=\"ubtn-data ubtn-icon\"><i class=\"Defaults-shopping-cart\" style=\"font-size:32px;color:;\"><\/i><\/span><span class=\"ubtn-hover\" style=\"background-color:\"><\/span><span class=\"ubtn-data ubtn-text \" > vai alla pagina di Upgrade<\/span><\/button><\/a><\/div>[\/vc_column][\/vc_row]<\/p>\n<\/div>","protected":false},"excerpt":{"rendered":"<p>[vc_row css=&#8221;.vc_custom_1482140149775{padding-top: 30px !important;padding-bottom: 0px !important;}&#8221;][vc_column][vc_column_text] Oggi Mold Simulator ha almeno 3 motivi in pi\u00f9 per piacerti [\/vc_column_text][\/vc_column][\/vc_row][vc_row parallax_content=&#8221;parallax_content_value&#8221;][vc_column][vc_column_text] Guarda il video introduttivo [\/vc_column_text][\/vc_column][\/vc_row][vc_row full_width=&#8221;stretch_row_content&#8221; content_placement=&#8221;middle&#8221; bg_type=&#8221;bg_color&#8221; bg_color_value=&#8221;#e5e5e5&#8243;][vc_column][vc_column_text] Passa subito alla 4 Per te \u00a0un Buono Sconto del 30% su tutti i prezzi di Upgrade &#8211; valido fino al 18 gennaio 2017. Inserisci il codice [&hellip;]<\/p>\n","protected":false},"author":192,"featured_media":0,"parent":0,"menu_order":0,"comment_status":"closed","ping_status":"closed","template":"","meta":{"ocean_post_layout":"","ocean_both_sidebars_style":"","ocean_both_sidebars_content_width":0,"ocean_both_sidebars_sidebars_width":0,"ocean_sidebar":"","ocean_second_sidebar":"","ocean_disable_margins":"enable","ocean_add_body_class":"","ocean_shortcode_before_top_bar":"","ocean_shortcode_after_top_bar":"","ocean_shortcode_before_header":"","ocean_shortcode_after_header":"","ocean_has_shortcode":"","ocean_shortcode_after_title":"","ocean_shortcode_before_footer_widgets":"","ocean_shortcode_after_footer_widgets":"","ocean_shortcode_before_footer_bottom":"","ocean_shortcode_after_footer_bottom":"","ocean_display_top_bar":"default","ocean_display_header":"default","ocean_header_style":"","ocean_center_header_left_menu":"","ocean_custom_header_template":"","ocean_custom_logo":0,"ocean_custom_retina_logo":0,"ocean_custom_logo_max_width":0,"ocean_custom_logo_tablet_max_width":0,"ocean_custom_logo_mobile_max_width":0,"ocean_custom_logo_max_height":0,"ocean_custom_logo_tablet_max_height":0,"ocean_custom_logo_mobile_max_height":0,"ocean_header_custom_menu":"","ocean_menu_typo_font_family":"","ocean_menu_typo_font_subset":"","ocean_menu_typo_font_size":0,"ocean_menu_typo_font_size_tablet":0,"ocean_menu_typo_font_size_mobile":0,"ocean_menu_typo_font_size_unit":"px","ocean_menu_typo_font_weight":"","ocean_menu_typo_font_weight_tablet":"","ocean_menu_typo_font_weight_mobile":"","ocean_menu_typo_transform":"","ocean_menu_typo_transform_tablet":"","ocean_menu_typo_transform_mobile":"","ocean_menu_typo_line_height":0,"ocean_menu_typo_line_height_tablet":0,"ocean_menu_typo_line_height_mobile":0,"ocean_menu_typo_line_height_unit":"","ocean_menu_typo_spacing":0,"ocean_menu_typo_spacing_tablet":0,"ocean_menu_typo_spacing_mobile":0,"ocean_menu_typo_spacing_unit":"","ocean_menu_link_color":"","ocean_menu_link_color_hover":"","ocean_menu_link_color_active":"","ocean_menu_link_background":"","ocean_menu_link_hover_background":"","ocean_menu_link_active_background":"","ocean_menu_social_links_bg":"","ocean_menu_social_hover_links_bg":"","ocean_menu_social_links_color":"","ocean_menu_social_hover_links_color":"","ocean_disable_title":"default","ocean_disable_heading":"default","ocean_post_title":"","ocean_post_subheading":"","ocean_post_title_style":"","ocean_post_title_background_color":"","ocean_post_title_background":0,"ocean_post_title_bg_image_position":"","ocean_post_title_bg_image_attachment":"","ocean_post_title_bg_image_repeat":"","ocean_post_title_bg_image_size":"","ocean_post_title_height":0,"ocean_post_title_bg_overlay":0.5,"ocean_post_title_bg_overlay_color":"","ocean_disable_breadcrumbs":"default","ocean_breadcrumbs_color":"","ocean_breadcrumbs_separator_color":"","ocean_breadcrumbs_links_color":"","ocean_breadcrumbs_links_hover_color":"","ocean_display_footer_widgets":"default","ocean_display_footer_bottom":"default","ocean_custom_footer_template":"","footnotes":""},"class_list":["post-11493","page","type-page","status-publish","hentry","entry","owp-thumbs-layout-horizontal","owp-btn-very-big","owp-tabs-layout-vertical","has-no-thumbnails"],"yoast_head":"<!-- This site is optimized with the Yoast SEO plugin v26.9 - https:\/\/yoast.com\/product\/yoast-seo-wordpress\/ -->\n<title>Upgrade Speciale alle versioni 4 - Dartwin<\/title>\n<meta name=\"robots\" content=\"noindex, follow, max-snippet:-1, max-image-preview:large, max-video-preview:-1\" \/>\n<meta property=\"og:locale\" content=\"it_IT\" \/>\n<meta property=\"og:type\" content=\"article\" \/>\n<meta property=\"og:title\" content=\"Upgrade Speciale alle versioni 4 - Dartwin\" \/>\n<meta property=\"og:description\" content=\"[vc_row css=&#8221;.vc_custom_1482140149775{padding-top: 30px !important;padding-bottom: 0px !important;}&#8221;][vc_column][vc_column_text] Oggi Mold Simulator ha almeno 3 motivi in pi\u00f9 per piacerti [\/vc_column_text][\/vc_column][\/vc_row][vc_row parallax_content=&#8221;parallax_content_value&#8221;][vc_column][vc_column_text] Guarda il video introduttivo [\/vc_column_text][\/vc_column][\/vc_row][vc_row full_width=&#8221;stretch_row_content&#8221; content_placement=&#8221;middle&#8221; bg_type=&#8221;bg_color&#8221; bg_color_value=&#8221;#e5e5e5&#8243;][vc_column][vc_column_text] Passa subito alla 4 Per te \u00a0un Buono Sconto del 30% su tutti i prezzi di Upgrade &#8211; valido fino al 18 gennaio 2017. Inserisci il codice [&hellip;]\" \/>\n<meta property=\"og:url\" content=\"https:\/\/wpt-nnoh.178-32-139-209.plesk.page\/it\/upgrade4clienti\/\" \/>\n<meta property=\"og:site_name\" content=\"Dartwin\" \/>\n<meta property=\"article:modified_time\" content=\"2017-01-08T17:10:45+00:00\" \/>\n<meta name=\"twitter:label1\" content=\"Tempo di lettura stimato\" \/>\n\t<meta name=\"twitter:data1\" content=\"4 minuti\" \/>\n<script type=\"application\/ld+json\" class=\"yoast-schema-graph\">{\"@context\":\"https:\/\/schema.org\",\"@graph\":[{\"@type\":\"WebPage\",\"@id\":\"https:\/\/wpt-nnoh.178-32-139-209.plesk.page\/it\/upgrade4clienti\/\",\"url\":\"https:\/\/wpt-nnoh.178-32-139-209.plesk.page\/it\/upgrade4clienti\/\",\"name\":\"Upgrade Speciale alle versioni 4 - Dartwin\",\"isPartOf\":{\"@id\":\"https:\/\/wpt-nnoh.178-32-139-209.plesk.page\/it\/#website\"},\"datePublished\":\"2017-01-06T15:47:10+00:00\",\"dateModified\":\"2017-01-08T17:10:45+00:00\",\"breadcrumb\":{\"@id\":\"https:\/\/wpt-nnoh.178-32-139-209.plesk.page\/it\/upgrade4clienti\/#breadcrumb\"},\"inLanguage\":\"it-IT\",\"potentialAction\":[{\"@type\":\"ReadAction\",\"target\":[\"https:\/\/wpt-nnoh.178-32-139-209.plesk.page\/it\/upgrade4clienti\/\"]}]},{\"@type\":\"BreadcrumbList\",\"@id\":\"https:\/\/wpt-nnoh.178-32-139-209.plesk.page\/it\/upgrade4clienti\/#breadcrumb\",\"itemListElement\":[{\"@type\":\"ListItem\",\"position\":1,\"name\":\"Home\",\"item\":\"https:\/\/wpt-nnoh.178-32-139-209.plesk.page\/it\/\"},{\"@type\":\"ListItem\",\"position\":2,\"name\":\"Upgrade Speciale alle versioni 4\"}]},{\"@type\":\"WebSite\",\"@id\":\"https:\/\/wpt-nnoh.178-32-139-209.plesk.page\/it\/#website\",\"url\":\"https:\/\/wpt-nnoh.178-32-139-209.plesk.page\/it\/\",\"name\":\"Dartwin\",\"description\":\"analisi termiche agli elementi finiti\",\"publisher\":{\"@id\":\"https:\/\/wpt-nnoh.178-32-139-209.plesk.page\/it\/#organization\"},\"potentialAction\":[{\"@type\":\"SearchAction\",\"target\":{\"@type\":\"EntryPoint\",\"urlTemplate\":\"https:\/\/wpt-nnoh.178-32-139-209.plesk.page\/it\/?s={search_term_string}\"},\"query-input\":{\"@type\":\"PropertyValueSpecification\",\"valueRequired\":true,\"valueName\":\"search_term_string\"}}],\"inLanguage\":\"it-IT\"},{\"@type\":\"Organization\",\"@id\":\"https:\/\/wpt-nnoh.178-32-139-209.plesk.page\/it\/#organization\",\"name\":\"Dartwin SRL\",\"url\":\"https:\/\/wpt-nnoh.178-32-139-209.plesk.page\/it\/\",\"logo\":{\"@type\":\"ImageObject\",\"inLanguage\":\"it-IT\",\"@id\":\"https:\/\/wpt-nnoh.178-32-139-209.plesk.page\/it\/#\/schema\/logo\/image\/\",\"url\":\"https:\/\/wpt-nnoh.178-32-139-209.plesk.page\/wp-content\/uploads\/cropped-Logo-Dartwin-fem_180x48.jpg\",\"contentUrl\":\"https:\/\/wpt-nnoh.178-32-139-209.plesk.page\/wp-content\/uploads\/cropped-Logo-Dartwin-fem_180x48.jpg\",\"width\":175,\"height\":48,\"caption\":\"Dartwin SRL\"},\"image\":{\"@id\":\"https:\/\/wpt-nnoh.178-32-139-209.plesk.page\/it\/#\/schema\/logo\/image\/\"}}]}<\/script>\n<!-- \/ Yoast SEO plugin. -->","yoast_head_json":{"title":"Upgrade Speciale alle versioni 4 - Dartwin","robots":{"index":"noindex","follow":"follow","max-snippet":"max-snippet:-1","max-image-preview":"max-image-preview:large","max-video-preview":"max-video-preview:-1"},"og_locale":"it_IT","og_type":"article","og_title":"Upgrade Speciale alle versioni 4 - Dartwin","og_description":"[vc_row css=&#8221;.vc_custom_1482140149775{padding-top: 30px !important;padding-bottom: 0px !important;}&#8221;][vc_column][vc_column_text] Oggi Mold Simulator ha almeno 3 motivi in pi\u00f9 per piacerti [\/vc_column_text][\/vc_column][\/vc_row][vc_row parallax_content=&#8221;parallax_content_value&#8221;][vc_column][vc_column_text] Guarda il video introduttivo [\/vc_column_text][\/vc_column][\/vc_row][vc_row full_width=&#8221;stretch_row_content&#8221; content_placement=&#8221;middle&#8221; bg_type=&#8221;bg_color&#8221; bg_color_value=&#8221;#e5e5e5&#8243;][vc_column][vc_column_text] Passa subito alla 4 Per te \u00a0un Buono Sconto del 30% su tutti i prezzi di Upgrade &#8211; valido fino al 18 gennaio 2017. Inserisci il codice [&hellip;]","og_url":"https:\/\/wpt-nnoh.178-32-139-209.plesk.page\/it\/upgrade4clienti\/","og_site_name":"Dartwin","article_modified_time":"2017-01-08T17:10:45+00:00","twitter_misc":{"Tempo di lettura stimato":"4 minuti"},"schema":{"@context":"https:\/\/schema.org","@graph":[{"@type":"WebPage","@id":"https:\/\/wpt-nnoh.178-32-139-209.plesk.page\/it\/upgrade4clienti\/","url":"https:\/\/wpt-nnoh.178-32-139-209.plesk.page\/it\/upgrade4clienti\/","name":"Upgrade Speciale alle versioni 4 - Dartwin","isPartOf":{"@id":"https:\/\/wpt-nnoh.178-32-139-209.plesk.page\/it\/#website"},"datePublished":"2017-01-06T15:47:10+00:00","dateModified":"2017-01-08T17:10:45+00:00","breadcrumb":{"@id":"https:\/\/wpt-nnoh.178-32-139-209.plesk.page\/it\/upgrade4clienti\/#breadcrumb"},"inLanguage":"it-IT","potentialAction":[{"@type":"ReadAction","target":["https:\/\/wpt-nnoh.178-32-139-209.plesk.page\/it\/upgrade4clienti\/"]}]},{"@type":"BreadcrumbList","@id":"https:\/\/wpt-nnoh.178-32-139-209.plesk.page\/it\/upgrade4clienti\/#breadcrumb","itemListElement":[{"@type":"ListItem","position":1,"name":"Home","item":"https:\/\/wpt-nnoh.178-32-139-209.plesk.page\/it\/"},{"@type":"ListItem","position":2,"name":"Upgrade Speciale alle versioni 4"}]},{"@type":"WebSite","@id":"https:\/\/wpt-nnoh.178-32-139-209.plesk.page\/it\/#website","url":"https:\/\/wpt-nnoh.178-32-139-209.plesk.page\/it\/","name":"Dartwin","description":"analisi termiche agli elementi finiti","publisher":{"@id":"https:\/\/wpt-nnoh.178-32-139-209.plesk.page\/it\/#organization"},"potentialAction":[{"@type":"SearchAction","target":{"@type":"EntryPoint","urlTemplate":"https:\/\/wpt-nnoh.178-32-139-209.plesk.page\/it\/?s={search_term_string}"},"query-input":{"@type":"PropertyValueSpecification","valueRequired":true,"valueName":"search_term_string"}}],"inLanguage":"it-IT"},{"@type":"Organization","@id":"https:\/\/wpt-nnoh.178-32-139-209.plesk.page\/it\/#organization","name":"Dartwin SRL","url":"https:\/\/wpt-nnoh.178-32-139-209.plesk.page\/it\/","logo":{"@type":"ImageObject","inLanguage":"it-IT","@id":"https:\/\/wpt-nnoh.178-32-139-209.plesk.page\/it\/#\/schema\/logo\/image\/","url":"https:\/\/wpt-nnoh.178-32-139-209.plesk.page\/wp-content\/uploads\/cropped-Logo-Dartwin-fem_180x48.jpg","contentUrl":"https:\/\/wpt-nnoh.178-32-139-209.plesk.page\/wp-content\/uploads\/cropped-Logo-Dartwin-fem_180x48.jpg","width":175,"height":48,"caption":"Dartwin SRL"},"image":{"@id":"https:\/\/wpt-nnoh.178-32-139-209.plesk.page\/it\/#\/schema\/logo\/image\/"}}]}},"_links":{"self":[{"href":"https:\/\/wpt-nnoh.178-32-139-209.plesk.page\/it\/wp-json\/wp\/v2\/pages\/11493","targetHints":{"allow":["GET"]}}],"collection":[{"href":"https:\/\/wpt-nnoh.178-32-139-209.plesk.page\/it\/wp-json\/wp\/v2\/pages"}],"about":[{"href":"https:\/\/wpt-nnoh.178-32-139-209.plesk.page\/it\/wp-json\/wp\/v2\/types\/page"}],"author":[{"embeddable":true,"href":"https:\/\/wpt-nnoh.178-32-139-209.plesk.page\/it\/wp-json\/wp\/v2\/users\/192"}],"replies":[{"embeddable":true,"href":"https:\/\/wpt-nnoh.178-32-139-209.plesk.page\/it\/wp-json\/wp\/v2\/comments?post=11493"}],"version-history":[{"count":0,"href":"https:\/\/wpt-nnoh.178-32-139-209.plesk.page\/it\/wp-json\/wp\/v2\/pages\/11493\/revisions"}],"wp:attachment":[{"href":"https:\/\/wpt-nnoh.178-32-139-209.plesk.page\/it\/wp-json\/wp\/v2\/media?parent=11493"}],"curies":[{"name":"wp","href":"https:\/\/api.w.org\/{rel}","templated":true}]}}