{"id":1085,"date":"2011-09-19T17:55:41","date_gmt":"2011-09-19T17:55:41","guid":{"rendered":"http:\/\/www.dartwin.it\/?page_id=1085"},"modified":"2026-01-23T15:49:18","modified_gmt":"2026-01-23T14:49:18","slug":"frame-simulator","status":"publish","type":"page","link":"https:\/\/wpt-nnoh.178-32-139-209.plesk.page\/it\/software\/frame-simulator\/","title":{"rendered":"Frame Simulator"},"content":{"rendered":"<p><!--\/pixgridder:column[col=1]--><!--\/pixgridder:row[cols=1]--><!--pixgridder:row[cols=1]--><!--pixgridder:column[col=1]--><\/p>\n<h2 style=\"text-align: center;\"><span style=\"color: #999999;\">FRAME SIMULATOR &#8211; per FINESTRE e FACCIATE CONTINUE<\/span><\/h2>\n<p><!--\/pixgridder:column[col=1]--><!--\/pixgridder:row[cols=1]--><!--pixgridder:row[cols=2]--><!--pixgridder:column[col=1]--><\/p>\n<p style=\"text-align: center;\"><a href=\"\/\/www.dartwin.it\/wp-content\/uploads\/PVCcentralnode1.jpg\"><img decoding=\"async\" class=\"dropshadow\" title=\"Nodo centrale in PVC\" src=\"\/\/www.dartwin.it\/wp-content\/uploads\/PVCcentralnode1.jpg\" alt=\"349\" width=\"620\"><\/a><\/p>\n<p><!--\/pixgridder:column[col=1]--><!--pixgridder:column[col=1]--><\/p>\n<p>&nbsp;<\/p>\n<p><!--\/pixgridder:column[col=1]--><!--\/pixgridder:row[cols=2]--><!--pixgridder:row[cols=2]--><!--pixgridder:column[col=1]--><img loading=\"lazy\" decoding=\"async\" class=\"aligncenter\" title=\"cella di facciata continua\" src=\"\/\/www.dartwin.it\/wp-content\/uploads\/frame\/Facciatacontinua_mat.gif\" alt=\"\" width=\"623\" height=\"362\"><\/p>\n<p><!--\/pixgridder:column[col=1]--><!--pixgridder:column[col=1]--><\/p>\n<h3>Uno strumento universale<\/h3>\n<p>\u00c8 possibile utilizzare Frame Simulator per calcolare la trasmittanza termica Uf di un telaio, ma anche il valore Ug di un vetrocamera, l&#8217;Up di un pannello o la trasmittanza UCW di una facciata continua.<\/p>\n<p>Con il modulo Frame Composer, in pochi minuti si otterr\u00e0 la trasmittanza Uw di un intero sistema di finestratura. Utilizzare Frame Simulator anche per calcolare automaticamente la trasmittanza lineare PSI per distanziatori o per ponti termici tra pannelli e telai. <\/p>\n<p><!--\/pixgridder:column[col=1]--><!--\/pixgridder:row[cols=2]--><!--pixgridder:row[cols=2]--><!--pixgridder:column[col=1]--><\/p>\n<p style=\"text-align: center;\"><a href=\"\/\/www.dartwin.it\/wp-content\/uploads\/Thermobox.jpg\"><img loading=\"lazy\" decoding=\"async\" class=\"aligncenter wp-image-7485\" title=\"Cassonetto per avvolgibile calcolato con Frame Simulator - Dartwin\" src=\"\/\/www.dartwin.it\/wp-content\/uploads\/Thermobox.jpg\" alt=\"Cassetta avvolgibile\" width=\"1024\" height=\"499\" srcset=\"https:\/\/wpt-nnoh.178-32-139-209.plesk.page\/wp-content\/uploads\/Thermobox.jpg 1024w, https:\/\/wpt-nnoh.178-32-139-209.plesk.page\/wp-content\/uploads\/Thermobox-500x244.jpg 500w, https:\/\/wpt-nnoh.178-32-139-209.plesk.page\/wp-content\/uploads\/Thermobox-300x146.jpg 300w, https:\/\/wpt-nnoh.178-32-139-209.plesk.page\/wp-content\/uploads\/Thermobox-768x374.jpg 768w\" sizes=\"auto, (max-width: 1024px) 100vw, 1024px\" \/><\/a><\/p>\n<p><!--\/pixgridder:column[col=1]--><!--pixgridder:column[col=1]--><\/p>\n<h3>Veloce e sicuro<\/h3>\n<p>A differenza di altri software termici multifunzionali, Frame Simulator \u00e8 stato specificamente progettato per il calcolo della trasmittanza termica secondo le norme ISO 10077. Abbiamo deliberatamente evitato funzionalit\u00e0 sofisticate non necessarie, che renderebbero il programma pi\u00f9 complicato. Ci\u00f2 va a vantaggio dell&#8217;immediatezza e della precisione d&#8217;uso: Frame Simulator adotta automaticamente tutti i parametri e i criteri di calcolo specificati dalle norme e quindi lascia all&#8217;utente meno spazio per possibilit\u00e0 di errori.  <\/p>\n<p><!--\/pixgridder:column[col=1]--><!--\/pixgridder:row[cols=2]--><!--pixgridder:row[cols=2]--><!--pixgridder:column[col=1]--><img loading=\"lazy\" decoding=\"async\" class=\"aligncenter\" title=\"flusso termico sezione PVC\" src=\"\/\/www.dartwin.it\/wp-content\/uploads\/frame\/PVC%20flusso3D559x325.gif\" alt=\"\" width=\"559\" height=\"325\"><\/p>\n<p><!--\/pixgridder:column[col=1]--><!--pixgridder:column[col=1]--><\/p>\n<h3>Calcolo<\/h3>\n<p>Frame Simulator esegue simulazioni di trasferimento di calore attraverso sezioni con un metodo numerico bidimensionale conforme alla norma ISO 10077-2:2017 (fem).<br \/>\nFrame Simulator utilizza diversi algoritmi avanzati per massimizzare la precisione e ridurre al minimo il processo di calcolo.<br \/>\nFrame Simulator calcola anche il punto di rugiada per l&#8217;ambiente interno e mostra le aree in cui \u00e8 probabile che si verifichi condensa superficiale sulla finestra.<\/p>\n<p><!--\/pixgridder:column[col=1]--><!--\/pixgridder:row[cols=2]--><!--pixgridder:row[cols=2]--><!--pixgridder:column[col=1]--><img loading=\"lazy\" decoding=\"async\" class=\"aligncenter size-full wp-image-7476\" title=\"\" src=\"\/\/www.dartwin.it\/wp-content\/uploads\/FrameComposer01.png\" alt=\"Compositore di cornici\" width=\"1024\" height=\"555\" srcset=\"https:\/\/wpt-nnoh.178-32-139-209.plesk.page\/wp-content\/uploads\/FrameComposer01.png 1024w, https:\/\/wpt-nnoh.178-32-139-209.plesk.page\/wp-content\/uploads\/FrameComposer01-500x271.png 500w, https:\/\/wpt-nnoh.178-32-139-209.plesk.page\/wp-content\/uploads\/FrameComposer01-300x163.png 300w, https:\/\/wpt-nnoh.178-32-139-209.plesk.page\/wp-content\/uploads\/FrameComposer01-768x416.png 768w\" sizes=\"auto, (max-width: 1024px) 100vw, 1024px\" \/><\/p>\n<p><!--\/pixgridder:column[col=1]--><!--pixgridder:column[col=1]--><\/p>\n<h3>Finestre complesse e persiane<\/h3>\n<p>Con il modulo FRAME COMPOSER \u00e8 possibile calcolare facilmente la trasmittanza termica totale U di finestre, porte, facciate continue e qualsiasi altra struttura intelaiata. Il software funziona sia in modalit\u00e0 parametrica, dove \u00e8 possibile definire i quattro nodi (superiore, inferiore, destro e sinistro) con i valori Uf ottenuti con Frame Simulator, sia in modalit\u00e0 a mano libera, dove \u00e8 possibile disegnare qualsiasi tipo di struttura o importarla da un file dxf.<br \/>\nFRAME COMPOSER consente inoltre di eseguire il calcolo della resistenza aggiuntiva causata da persiane o tende. <\/p>\n<p>&nbsp;<\/p>\n<h3><a href=\"https:\/\/wpt-nnoh.178-32-139-209.plesk.page\/product\/frame-simulator-6\/\">ACQUISTA FRAME SIMULATOR QUI<\/a><\/h3>\n<p><a name=\"extensions\"><\/a><\/p>\n<p><!--\/pixgridder:column[col=1]--><!--\/pixgridder:row[cols=2]--><!--pixgridder:row[cols=1]--><!--pixgridder:column[col=1]--><\/p>\n<hr>\n<h2 style=\"text-align: center;\">ESTENSIONI<\/h2>\n<h4 style=\"text-align: center;\">aggiungi pi\u00f9 potenza al tuo Frame Simulator con plugin opzionali<\/h4>\n<p><!--\/pixgridder:column[col=1]--><!--\/pixgridder:row[cols=1]--><!--pixgridder:row[cols=2]--><!--pixgridder:column[col=1]--><\/p>\n<h3 style=\"text-align: center;\"><strong>PACCHETTO IMPORT\/EXPORT<\/strong><\/h3>\n<p><img loading=\"lazy\" decoding=\"async\" class=\"aligncenter size-full wp-image-5850\" title=\"\" src=\"\/\/www.dartwin.it\/wp-content\/uploads\/import-therm.png\" alt=\"import-therm\" width=\"314\" height=\"176\" srcset=\"https:\/\/wpt-nnoh.178-32-139-209.plesk.page\/wp-content\/uploads\/import-therm.png 314w, https:\/\/wpt-nnoh.178-32-139-209.plesk.page\/wp-content\/uploads\/import-therm-300x168.png 300w, https:\/\/wpt-nnoh.178-32-139-209.plesk.page\/wp-content\/uploads\/import-therm-279x157.png 279w\" sizes=\"auto, (max-width: 314px) 100vw, 314px\" \/><\/p>\n<p>Utilizza questo plugin per importare i tuoi progetti realizzati con LBNL Therm in Frame Simulator. Aggiungi l&#8217;analisi Frame ai tuoi progetti Therm senza la necessit\u00e0 di riprogettarli. <\/p>\n<p><!--\/pixgridder:column[col=1]--><!--pixgridder:column[col=1]--><\/p>\n<h3 style=\"text-align: center;\"><strong>ISO 15099<\/strong><\/h3>\n<p><img loading=\"lazy\" decoding=\"async\" class=\"aligncenter size-full wp-image-5853\" title=\"\" src=\"\/\/www.dartwin.it\/wp-content\/uploads\/iso15099.png\" alt=\"iso15099\" width=\"315\" height=\"176\" srcset=\"https:\/\/wpt-nnoh.178-32-139-209.plesk.page\/wp-content\/uploads\/iso15099.png 315w, https:\/\/wpt-nnoh.178-32-139-209.plesk.page\/wp-content\/uploads\/iso15099-300x168.png 300w, https:\/\/wpt-nnoh.178-32-139-209.plesk.page\/wp-content\/uploads\/iso15099-279x157.png 279w\" sizes=\"auto, (max-width: 315px) 100vw, 315px\" \/><\/p>\n<p>Con questo plugin sarai in grado di implementare le specifiche ISO 15099 per il calcolo delle cavit\u00e0, l&#8217;impostazione delle condizioni al contorno e per calcolare sistemi di vetratura e miscele di riempimento.<\/p>\n<p>Questo plugin \u00e8 necessario per eseguire calcoli secondo lo standard americano NFRC 100<\/p>\n<p><!--\/pixgridder:column[col=1]--><!--\/pixgridder:row[cols=2]--><!--pixgridder:row[cols=1]--><!--pixgridder:column[col=1]--><\/p>\n<p>&nbsp;<\/p>\n<h3><\/h3>\n<p><a name=\"changes\"><\/a><\/p>\n<h2 style=\"text-align: center;\"><strong>NOVIT\u00c0 DI FRAME SIMULATOR 6<\/strong><\/h2>\n<p>Frame Simulator 6 \u00e8 compatibile con i progetti realizzati con tutte le versioni precedenti.<\/p>\n<h3>PRINCIPALI MODIFICHE DI FRAME SIMULATOR &#8211; Versione 6<\/h3>\n<p>Aumentata la velocit\u00e0 di risposta dell&#8217;interfaccia;<br \/>\nNuova documentazione completamente online;<br \/>\nNuovo sistema di aggiornamento automatico;<br \/>\nLe viste possono utilizzare il posizionamento relativo al progetto;<br \/>\nLe viste possono essere posizionate e ridimensionate tramite un rettangolo;<br \/>\nFreccia della direzione del flusso nella viewport;<br \/>\nRilevamento di cavit\u00e0 &#8220;fluttuanti&#8221; all&#8217;interno di altre cavit\u00e0;<br \/>\nTipo di trasmissione del calore per ogni singola cavit\u00e0;<br \/>\nOpzioni avanzate di visualizzazione delle etichette;<br \/>\nRidimensionamento automatico del carattere per le tabelle all&#8217;interno delle etichette;<br \/>\nTesto a capo automatico nelle etichette di dimensioni definite dall&#8217;utente;<br \/>\nStrumento per la rotazione di vertici e linee;<br \/>\nOpzione di rendering per visualizzare i punti di temperatura massima dei bordi;<br \/>\nVisibilit\u00e0 dei punti di temperatura minima e massima a seconda del tipo di contorno;<br \/>\nCalcolo del doppio vetro in base all&#8217;inclinazione &#8211; EN673;<br \/>\nPossibilit\u00e0 di operazioni aritmetiche con i tag;<br \/>\nScorciatoie per i tag;<br \/>\nLivello di trasparenza nei parametri di rendering;<br \/>\nAnalisi di campionamento;<br \/>\nMateriali EN 13556;<br \/>\nMetodo di calcolo Psi con file esterno;<br \/>\nPacchetti predefiniti per pannelli 10077 di vari spessori;<br \/>\nMateriale speciale per la simulazione della vetratura dato il valore Ug;<br \/>\nTag specifico per la classificazione della cavit\u00e0 del cassonetto dell&#8217;avvolgibile;<br \/>\nPossibilit\u00e0 di aggiornare tutte le viste con lo stesso nome di quella selezionata;<br \/>\nL&#8217;unit\u00e0 di misura dello strumento righello \u00e8 ora selezionabile;<br \/>\nSalvataggio dei risultati grafici anche in formato immagine;<br \/>\nPossibilit\u00e0 di stampare una cornice attorno ai report;<br \/>\nReport di stampa completamente aggiornati e migliorati.<\/p>\n<h3>PRINCIPALI MODIFICHE DI FRAME SIMULATOR &#8211; Versione 5<\/h3>\n<p>ulteriore aumento della precisione di calcolo<br \/>\npossibilit\u00e0 di utilizzare segmenti con generazione di calore<br \/>\nnuovi modelli di report con definizione di stampa a 300 DPI<br \/>\ninterfaccia pi\u00f9 veloce e fluida<br \/>\nRilevamento automatico della cavit\u00e0 ISO6946<br \/>\nnuovo algoritmo di rilevamento dei bordi con maggiore resistenza<br \/>\nsupporto per la modalit\u00e0 di attivazione della licenza Web<br \/>\npossibilit\u00e0 di impostare la lunghezza degli elementi della sezione tramite tastiera<br \/>\npossibilit\u00e0 di definire una temperatura specifica per il flusso di &#8220;radiazione del corpo nero&#8221;<br \/>\nnuovo livello di qualit\u00e0 di simulazione &#8220;molto basso&#8221;<br \/>\nnuova interfaccia grafica (Frame Composer)<br \/>\nnuovo sistema di reporting (Frame Composer)<br \/>\ntexture nei materiali (Frame Composer)<br \/>\nverifica dei limiti Uw legali in base alla zona climatica (Frame Composer)<\/p>\n<h3>PRINCIPALI MODIFICHE DI FRAME SIMULATOR &#8211; Versione 4<\/h3>\n<p>algoritmo di simulazione pi\u00f9 veloce e preciso<br \/>\nversioni a 64 bit<br \/>\nnuovo sistema di reporting molto pi\u00f9 flessibile<br \/>\ninterfaccia completamente rinnovata<br \/>\nutilizzo di modelli per l&#8217;impostazione dei parametri di calcolo<br \/>\nnuove opzioni di visualizzazione dei risultati<br \/>\nlibreria di viste e report<\/p>\n<h3>PRINCIPALI MODIFICHE DI FRAME SIMULATOR &#8211; Versione 3<\/h3>\n<p>dati sui materiali facendo clic sulla viewport dei risultati (con campionatore attivo)<br \/>\ncontrollo del segmento con emissivit\u00e0 zero<br \/>\nvalori di conducibilit\u00e0 dei materiali nelle etichette<br \/>\nnuova modalit\u00e0 di disegno dell&#8217;arco<br \/>\ncorrezioni di vari bug<br \/>\nimpostazione del colore di sfondo della struttura nella visualizzazione della direzione del flusso<br \/>\nintroduzione del vettore di gravit\u00e0<br \/>\netichetta salvata con la vista<br \/>\nposizione dell&#8217;etichetta memorizzata con la vista<br \/>\naggiornamento automatico<br \/>\netichetta dimensione: posizione punto indipendente<br \/>\nnon solo essere in grado di concatenare tag di testo nelle etichette<br \/>\ntag di tipo tabella che possono essere inseriti nelle etichette<br \/>\nscala del gradiente di temperatura del colore nei tag<br \/>\naggiorna la finestra dei risultati avanzati facendo clic su una simulazione diversa<br \/>\npossibilit\u00e0 di regolare la trasparenza di colori e texture<br \/>\nper poter impostare lo spessore di estrusione 3D del segmento standard<br \/>\napri il menu dell&#8217;etichetta facendo doppio clic sull&#8217;etichetta<br \/>\nfunzione cerca nella libreria<br \/>\nsalvataggio automatico del progetto<br \/>\ncomando offset nelle linee<br \/>\nseleziona pi\u00f9 materiali nella libreria<br \/>\nmiscele di gas nel vetrocamera<br \/>\ncapacit\u00e0 di creare elementi da aree<br \/>\ngestione dei blocchi di disegno<br \/>\npossibilit\u00e0 di disattivare le aree<br \/>\ninserimento di assi utente nel disegno<br \/>\nmiglioramento della qualit\u00e0 isotermica<br \/>\nImportatore di file Therm (plugin a pagamento opzionale)<br \/>\nFunzionalit\u00e0 ISO 15099 (plugin a pagamento opzionale)<br \/>\npersonalizzazione dei materiali predefiniti per tipo<br \/>\ncapacit\u00e0 di eliminare un vertice al centro di un segmento<br \/>\nsistema per l&#8217;allineamento e il proporzionamento delle immagini nei report<br \/>\nCampionamento Rsi sui contorni<br \/>\ncolore di triangolazione personalizzabile<\/p>\n<h3>PRINCIPALI MODIFICHE DI FRAME COMPOSER &#8211; Versione 3<\/h3>\n<p>possibilit\u00e0 di modificare i materiali assegnati<br \/>\nlibreria di materiali nel metodo &#8220;a mano libera&#8221;<br \/>\nimpostazioni predefinite del colore<br \/>\nrisultati di colonne aggiuntive<br \/>\npulsante &#8220;lucchetto&#8221; per la modalit\u00e0 di disegno (parametrica o a mano libera)<\/p>\n<p><strong><span style=\"font-size: medium;\"> <\/span><\/strong><\/p>\n<h3><\/h3>\n","protected":false},"excerpt":{"rendered":"<p>FRAME SIMULATOR &#8211; per FINESTRE e FACCIATE CONTINUE &nbsp; Uno strumento universale \u00c8 possibile utilizzare Frame Simulator per calcolare la trasmittanza termica Uf di un telaio, ma anche il valore Ug di un vetrocamera, l&#8217;Up di un pannello o la trasmittanza UCW di una facciata continua. Con il modulo Frame Composer, in pochi minuti si [&hellip;]<\/p>\n","protected":false},"author":192,"featured_media":0,"parent":551,"menu_order":0,"comment_status":"closed","ping_status":"closed","template":"","meta":{"ocean_post_layout":"","ocean_both_sidebars_style":"","ocean_both_sidebars_content_width":0,"ocean_both_sidebars_sidebars_width":0,"ocean_sidebar":"0","ocean_second_sidebar":"0","ocean_disable_margins":"enable","ocean_add_body_class":"","ocean_shortcode_before_top_bar":"","ocean_shortcode_after_top_bar":"","ocean_shortcode_before_header":"","ocean_shortcode_after_header":"","ocean_has_shortcode":"","ocean_shortcode_after_title":"","ocean_shortcode_before_footer_widgets":"","ocean_shortcode_after_footer_widgets":"","ocean_shortcode_before_footer_bottom":"","ocean_shortcode_after_footer_bottom":"","ocean_display_top_bar":"default","ocean_display_header":"default","ocean_header_style":"","ocean_center_header_left_menu":"0","ocean_custom_header_template":"0","ocean_custom_logo":0,"ocean_custom_retina_logo":0,"ocean_custom_logo_max_width":0,"ocean_custom_logo_tablet_max_width":0,"ocean_custom_logo_mobile_max_width":0,"ocean_custom_logo_max_height":0,"ocean_custom_logo_tablet_max_height":0,"ocean_custom_logo_mobile_max_height":0,"ocean_header_custom_menu":"0","ocean_menu_typo_font_family":"0","ocean_menu_typo_font_subset":"","ocean_menu_typo_font_size":0,"ocean_menu_typo_font_size_tablet":0,"ocean_menu_typo_font_size_mobile":0,"ocean_menu_typo_font_size_unit":"px","ocean_menu_typo_font_weight":"","ocean_menu_typo_font_weight_tablet":"","ocean_menu_typo_font_weight_mobile":"","ocean_menu_typo_transform":"","ocean_menu_typo_transform_tablet":"","ocean_menu_typo_transform_mobile":"","ocean_menu_typo_line_height":0,"ocean_menu_typo_line_height_tablet":0,"ocean_menu_typo_line_height_mobile":0,"ocean_menu_typo_line_height_unit":"","ocean_menu_typo_spacing":0,"ocean_menu_typo_spacing_tablet":0,"ocean_menu_typo_spacing_mobile":0,"ocean_menu_typo_spacing_unit":"","ocean_menu_link_color":"","ocean_menu_link_color_hover":"","ocean_menu_link_color_active":"","ocean_menu_link_background":"","ocean_menu_link_hover_background":"","ocean_menu_link_active_background":"","ocean_menu_social_links_bg":"","ocean_menu_social_hover_links_bg":"","ocean_menu_social_links_color":"","ocean_menu_social_hover_links_color":"","ocean_disable_title":"default","ocean_disable_heading":"default","ocean_post_title":"","ocean_post_subheading":"","ocean_post_title_style":"","ocean_post_title_background_color":"","ocean_post_title_background":0,"ocean_post_title_bg_image_position":"","ocean_post_title_bg_image_attachment":"","ocean_post_title_bg_image_repeat":"","ocean_post_title_bg_image_size":"","ocean_post_title_height":0,"ocean_post_title_bg_overlay":0.5,"ocean_post_title_bg_overlay_color":"","ocean_disable_breadcrumbs":"default","ocean_breadcrumbs_color":"","ocean_breadcrumbs_separator_color":"","ocean_breadcrumbs_links_color":"","ocean_breadcrumbs_links_hover_color":"","ocean_display_footer_widgets":"default","ocean_display_footer_bottom":"default","ocean_custom_footer_template":"0","footnotes":""},"class_list":["post-1085","page","type-page","status-publish","hentry","entry","owp-thumbs-layout-horizontal","owp-btn-very-big","owp-tabs-layout-vertical","has-no-thumbnails"],"yoast_head":"<!-- This site is optimized with the Yoast SEO plugin v26.9 - https:\/\/yoast.com\/product\/yoast-seo-wordpress\/ -->\n<title>Frame Simulator - Dartwin<\/title>\n<meta name=\"robots\" content=\"noindex, follow, max-snippet:-1, max-image-preview:large, max-video-preview:-1\" \/>\n<meta property=\"og:locale\" content=\"it_IT\" \/>\n<meta property=\"og:type\" content=\"article\" \/>\n<meta property=\"og:title\" content=\"Frame Simulator - Dartwin\" \/>\n<meta property=\"og:description\" content=\"FRAME SIMULATOR &#8211; per FINESTRE e FACCIATE CONTINUE &nbsp; Uno strumento universale \u00c8 possibile utilizzare Frame Simulator per calcolare la trasmittanza termica Uf di un telaio, ma anche il valore Ug di un vetrocamera, l&#8217;Up di un pannello o la trasmittanza UCW di una facciata continua. Con il modulo Frame Composer, in pochi minuti si [&hellip;]\" \/>\n<meta property=\"og:url\" content=\"https:\/\/wpt-nnoh.178-32-139-209.plesk.page\/it\/software\/frame-simulator\/\" \/>\n<meta property=\"og:site_name\" content=\"Dartwin\" \/>\n<meta property=\"article:modified_time\" content=\"2026-01-23T14:49:18+00:00\" \/>\n<meta name=\"twitter:label1\" content=\"Tempo di lettura stimato\" \/>\n\t<meta name=\"twitter:data1\" content=\"6 minuti\" \/>\n<script type=\"application\/ld+json\" class=\"yoast-schema-graph\">{\"@context\":\"https:\/\/schema.org\",\"@graph\":[{\"@type\":\"WebPage\",\"@id\":\"https:\/\/wpt-nnoh.178-32-139-209.plesk.page\/it\/software\/frame-simulator\/\",\"url\":\"https:\/\/wpt-nnoh.178-32-139-209.plesk.page\/it\/software\/frame-simulator\/\",\"name\":\"Frame Simulator - Dartwin\",\"isPartOf\":{\"@id\":\"https:\/\/wpt-nnoh.178-32-139-209.plesk.page\/it\/#website\"},\"datePublished\":\"2011-09-19T17:55:41+00:00\",\"dateModified\":\"2026-01-23T14:49:18+00:00\",\"breadcrumb\":{\"@id\":\"https:\/\/wpt-nnoh.178-32-139-209.plesk.page\/it\/software\/frame-simulator\/#breadcrumb\"},\"inLanguage\":\"it-IT\",\"potentialAction\":[{\"@type\":\"ReadAction\",\"target\":[\"https:\/\/wpt-nnoh.178-32-139-209.plesk.page\/it\/software\/frame-simulator\/\"]}]},{\"@type\":\"BreadcrumbList\",\"@id\":\"https:\/\/wpt-nnoh.178-32-139-209.plesk.page\/it\/software\/frame-simulator\/#breadcrumb\",\"itemListElement\":[{\"@type\":\"ListItem\",\"position\":1,\"name\":\"Home\",\"item\":\"https:\/\/wpt-nnoh.178-32-139-209.plesk.page\/it\/\"},{\"@type\":\"ListItem\",\"position\":2,\"name\":\"Prodotti\",\"item\":\"https:\/\/wpt-nnoh.178-32-139-209.plesk.page\/it\/software\/\"},{\"@type\":\"ListItem\",\"position\":3,\"name\":\"Frame Simulator\"}]},{\"@type\":\"WebSite\",\"@id\":\"https:\/\/wpt-nnoh.178-32-139-209.plesk.page\/it\/#website\",\"url\":\"https:\/\/wpt-nnoh.178-32-139-209.plesk.page\/it\/\",\"name\":\"Dartwin\",\"description\":\"analisi termiche agli elementi finiti\",\"publisher\":{\"@id\":\"https:\/\/wpt-nnoh.178-32-139-209.plesk.page\/it\/#organization\"},\"potentialAction\":[{\"@type\":\"SearchAction\",\"target\":{\"@type\":\"EntryPoint\",\"urlTemplate\":\"https:\/\/wpt-nnoh.178-32-139-209.plesk.page\/it\/?s={search_term_string}\"},\"query-input\":{\"@type\":\"PropertyValueSpecification\",\"valueRequired\":true,\"valueName\":\"search_term_string\"}}],\"inLanguage\":\"it-IT\"},{\"@type\":\"Organization\",\"@id\":\"https:\/\/wpt-nnoh.178-32-139-209.plesk.page\/it\/#organization\",\"name\":\"Dartwin SRL\",\"url\":\"https:\/\/wpt-nnoh.178-32-139-209.plesk.page\/it\/\",\"logo\":{\"@type\":\"ImageObject\",\"inLanguage\":\"it-IT\",\"@id\":\"https:\/\/wpt-nnoh.178-32-139-209.plesk.page\/it\/#\/schema\/logo\/image\/\",\"url\":\"https:\/\/wpt-nnoh.178-32-139-209.plesk.page\/wp-content\/uploads\/cropped-Logo-Dartwin-fem_180x48.jpg\",\"contentUrl\":\"https:\/\/wpt-nnoh.178-32-139-209.plesk.page\/wp-content\/uploads\/cropped-Logo-Dartwin-fem_180x48.jpg\",\"width\":175,\"height\":48,\"caption\":\"Dartwin SRL\"},\"image\":{\"@id\":\"https:\/\/wpt-nnoh.178-32-139-209.plesk.page\/it\/#\/schema\/logo\/image\/\"}}]}<\/script>\n<!-- \/ Yoast SEO plugin. -->","yoast_head_json":{"title":"Frame Simulator - Dartwin","robots":{"index":"noindex","follow":"follow","max-snippet":"max-snippet:-1","max-image-preview":"max-image-preview:large","max-video-preview":"max-video-preview:-1"},"og_locale":"it_IT","og_type":"article","og_title":"Frame Simulator - Dartwin","og_description":"FRAME SIMULATOR &#8211; per FINESTRE e FACCIATE CONTINUE &nbsp; Uno strumento universale \u00c8 possibile utilizzare Frame Simulator per calcolare la trasmittanza termica Uf di un telaio, ma anche il valore Ug di un vetrocamera, l&#8217;Up di un pannello o la trasmittanza UCW di una facciata continua. Con il modulo Frame Composer, in pochi minuti si [&hellip;]","og_url":"https:\/\/wpt-nnoh.178-32-139-209.plesk.page\/it\/software\/frame-simulator\/","og_site_name":"Dartwin","article_modified_time":"2026-01-23T14:49:18+00:00","twitter_misc":{"Tempo di lettura stimato":"6 minuti"},"schema":{"@context":"https:\/\/schema.org","@graph":[{"@type":"WebPage","@id":"https:\/\/wpt-nnoh.178-32-139-209.plesk.page\/it\/software\/frame-simulator\/","url":"https:\/\/wpt-nnoh.178-32-139-209.plesk.page\/it\/software\/frame-simulator\/","name":"Frame Simulator - Dartwin","isPartOf":{"@id":"https:\/\/wpt-nnoh.178-32-139-209.plesk.page\/it\/#website"},"datePublished":"2011-09-19T17:55:41+00:00","dateModified":"2026-01-23T14:49:18+00:00","breadcrumb":{"@id":"https:\/\/wpt-nnoh.178-32-139-209.plesk.page\/it\/software\/frame-simulator\/#breadcrumb"},"inLanguage":"it-IT","potentialAction":[{"@type":"ReadAction","target":["https:\/\/wpt-nnoh.178-32-139-209.plesk.page\/it\/software\/frame-simulator\/"]}]},{"@type":"BreadcrumbList","@id":"https:\/\/wpt-nnoh.178-32-139-209.plesk.page\/it\/software\/frame-simulator\/#breadcrumb","itemListElement":[{"@type":"ListItem","position":1,"name":"Home","item":"https:\/\/wpt-nnoh.178-32-139-209.plesk.page\/it\/"},{"@type":"ListItem","position":2,"name":"Prodotti","item":"https:\/\/wpt-nnoh.178-32-139-209.plesk.page\/it\/software\/"},{"@type":"ListItem","position":3,"name":"Frame Simulator"}]},{"@type":"WebSite","@id":"https:\/\/wpt-nnoh.178-32-139-209.plesk.page\/it\/#website","url":"https:\/\/wpt-nnoh.178-32-139-209.plesk.page\/it\/","name":"Dartwin","description":"analisi termiche agli elementi finiti","publisher":{"@id":"https:\/\/wpt-nnoh.178-32-139-209.plesk.page\/it\/#organization"},"potentialAction":[{"@type":"SearchAction","target":{"@type":"EntryPoint","urlTemplate":"https:\/\/wpt-nnoh.178-32-139-209.plesk.page\/it\/?s={search_term_string}"},"query-input":{"@type":"PropertyValueSpecification","valueRequired":true,"valueName":"search_term_string"}}],"inLanguage":"it-IT"},{"@type":"Organization","@id":"https:\/\/wpt-nnoh.178-32-139-209.plesk.page\/it\/#organization","name":"Dartwin SRL","url":"https:\/\/wpt-nnoh.178-32-139-209.plesk.page\/it\/","logo":{"@type":"ImageObject","inLanguage":"it-IT","@id":"https:\/\/wpt-nnoh.178-32-139-209.plesk.page\/it\/#\/schema\/logo\/image\/","url":"https:\/\/wpt-nnoh.178-32-139-209.plesk.page\/wp-content\/uploads\/cropped-Logo-Dartwin-fem_180x48.jpg","contentUrl":"https:\/\/wpt-nnoh.178-32-139-209.plesk.page\/wp-content\/uploads\/cropped-Logo-Dartwin-fem_180x48.jpg","width":175,"height":48,"caption":"Dartwin SRL"},"image":{"@id":"https:\/\/wpt-nnoh.178-32-139-209.plesk.page\/it\/#\/schema\/logo\/image\/"}}]}},"_links":{"self":[{"href":"https:\/\/wpt-nnoh.178-32-139-209.plesk.page\/it\/wp-json\/wp\/v2\/pages\/1085","targetHints":{"allow":["GET"]}}],"collection":[{"href":"https:\/\/wpt-nnoh.178-32-139-209.plesk.page\/it\/wp-json\/wp\/v2\/pages"}],"about":[{"href":"https:\/\/wpt-nnoh.178-32-139-209.plesk.page\/it\/wp-json\/wp\/v2\/types\/page"}],"author":[{"embeddable":true,"href":"https:\/\/wpt-nnoh.178-32-139-209.plesk.page\/it\/wp-json\/wp\/v2\/users\/192"}],"replies":[{"embeddable":true,"href":"https:\/\/wpt-nnoh.178-32-139-209.plesk.page\/it\/wp-json\/wp\/v2\/comments?post=1085"}],"version-history":[{"count":1,"href":"https:\/\/wpt-nnoh.178-32-139-209.plesk.page\/it\/wp-json\/wp\/v2\/pages\/1085\/revisions"}],"predecessor-version":[{"id":64692,"href":"https:\/\/wpt-nnoh.178-32-139-209.plesk.page\/it\/wp-json\/wp\/v2\/pages\/1085\/revisions\/64692"}],"up":[{"embeddable":true,"href":"https:\/\/wpt-nnoh.178-32-139-209.plesk.page\/it\/wp-json\/wp\/v2\/pages\/551"}],"wp:attachment":[{"href":"https:\/\/wpt-nnoh.178-32-139-209.plesk.page\/it\/wp-json\/wp\/v2\/media?parent=1085"}],"curies":[{"name":"wp","href":"https:\/\/api.w.org\/{rel}","templated":true}]}}